{"id":1624,"date":"2026-01-02T14:29:58","date_gmt":"2026-01-02T14:29:58","guid":{"rendered":"https:\/\/maisonmorelli.com\/?page_id=1624"},"modified":"2026-02-09T09:11:57","modified_gmt":"2026-02-09T09:11:57","slug":"a-propos","status":"publish","type":"page","link":"https:\/\/maisonmorelli.com\/en\/a-propos\/","title":{"rendered":"About"},"content":{"rendered":"<div data-elementor-type=\"wp-page\" data-elementor-id=\"1624\" class=\"elementor elementor-1624\">\n\t\t\t\t<div class=\"elementor-element elementor-element-757d9a9 e-flex e-con-boxed e-con e-parent\" data-id=\"757d9a9\" data-element_type=\"container\">\n\t\t\t\t\t<div class=\"e-con-inner\">\n\t\t\t\t<div class=\"elementor-element elementor-element-bf911ba elementor-widget elementor-widget-heading\" data-id=\"bf911ba\" data-element_type=\"widget\" data-widget_type=\"heading.default\">\n\t\t\t\t\t<h2 class=\"elementor-heading-title elementor-size-default\">ABOUT<\/h2>\t\t\t\t<\/div>\n\t\t\t\t<div class=\"elementor-element elementor-element-1a550d7 elementor-widget-divider--view-line elementor-widget elementor-widget-divider\" data-id=\"1a550d7\" data-element_type=\"widget\" data-widget_type=\"divider.default\">\n\t\t\t\t\t\t\t<div class=\"elementor-divider\">\n\t\t\t<span class=\"elementor-divider-separator\">\n\t\t\t\t\t\t<\/span>\n\t\t<\/div>\n\t\t\t\t\t\t<\/div>\n\t\t\t\t\t<\/div>\n\t\t\t\t<\/div>\n\t\t<div class=\"elementor-element elementor-element-9f59af0 e-flex e-con-boxed e-con e-parent\" data-id=\"9f59af0\" data-element_type=\"container\">\n\t\t\t\t\t<div class=\"e-con-inner\">\n\t\t<div class=\"elementor-element elementor-element-730b6e2 e-con-full e-flex e-con e-child\" data-id=\"730b6e2\" data-element_type=\"container\">\n\t\t\t\t<div class=\"elementor-element elementor-element-44b6a7a elementor-widget elementor-widget-text-editor\" data-id=\"44b6a7a\" data-element_type=\"widget\" data-widget_type=\"text-editor.default\">\n\t\t\t\t\t\t\t\t\t<p data-start=\"593\" data-end=\"827\"><strong data-start=\"593\" data-end=\"652\">Maison Morelli est l\u2019univers o\u00f9 chaque d\u00e9cor prend vie.<\/strong><br data-start=\"652\" data-end=\"655\" \/>Mais qui se cache derri\u00e8re tout cela ? C\u2019est moi, Ilenia, <strong data-start=\"713\" data-end=\"733\">decorative painter<\/strong> 100 % italienne, install\u00e9e \u00e0 Bordeaux depuis 2023 et passionn\u00e9e par la cr\u00e9ation sur mesure.<\/p><p data-start=\"829\" data-end=\"1201\">Mon parcours artistique a commenc\u00e9 d\u00e8s mon plus jeune \u00e2ge au lyc\u00e9e artistique. Ensuite, j\u2019ai poursuivi mes \u00e9tudes \u00e0 l\u2019Acad\u00e9mie des Beaux-Arts de V\u00e9rone, en sp\u00e9cialit\u00e9 d\u00e9coration. <strong data-start=\"1012\" data-end=\"1071\">C\u2019est l\u00e0 que ma passion est devenue un v\u00e9ritable m\u00e9tier<\/strong>, car j\u2019ai eu l\u2019occasion de travailler dans les plus belles maisons de Milan et d\u2019Europe pour une entreprise italienne de renom.<\/p><p data-start=\"1203\" data-end=\"1460\">Pendant <strong>sept ann\u00e9es<\/strong>, j\u2019ai voyag\u00e9 et collabor\u00e9 avec de nombreux architectes talentueux, <strong data-start=\"1290\" data-end=\"1311\">ce qui m\u2019a permis<\/strong> d\u2019enrichir mon univers et mes comp\u00e9tences. Ainsi, je peux adapter mon savoir-faire \u00e0 chaque nouveau projet et r\u00e9pondre \u00e0 toutes vos exigences.<\/p><p data-start=\"1462\" data-end=\"1814\">Aujourd\u2019hui, install\u00e9e \u00e0 Bordeaux, je me d\u00e9place facilement dans toute la France et \u00e0 l\u2019international pour donner vie aux d\u00e9cors que vous imaginez. Chaque projet est unique, et je mets tout mon savoir-faire de <strong data-start=\"1672\" data-end=\"1692\">decorative painter<\/strong> au service de vos id\u00e9es. De plus, je veille \u00e0 cr\u00e9er des \u0153uvres sur mesure, qui refl\u00e8tent parfaitement vos attentes.<\/p>\t\t\t\t\t\t\t\t<\/div>\n\t\t\t\t<div class=\"elementor-element elementor-element-c325423 elementor-align-center elementor-widget elementor-widget-button\" data-id=\"c325423\" data-element_type=\"widget\" data-widget_type=\"button.default\">\n\t\t\t\t\t\t\t\t\t\t<a class=\"elementor-button elementor-button-link elementor-size-sm elementor-animation-pulse-shrink\" href=\"https:\/\/maisonmorelli.com\/en\/services\/\">\n\t\t\t\t\t\t<span class=\"elementor-button-content-wrapper\">\n\t\t\t\t\t\t\t\t\t<span class=\"elementor-button-text\">SERVICES<\/span>\n\t\t\t\t\t<\/span>\n\t\t\t\t\t<\/a>\n\t\t\t\t\t\t\t\t<\/div>\n\t\t\t\t<\/div>\n\t\t<div class=\"elementor-element elementor-element-b7954a0 e-con-full e-flex e-con e-child\" data-id=\"b7954a0\" data-element_type=\"container\">\n\t\t\t\t<div class=\"elementor-element elementor-element-88d9d8e elementor-widget elementor-widget-image\" data-id=\"88d9d8e\" data-element_type=\"widget\" data-widget_type=\"image.default\">\n\t\t\t\t\t\t\t\t\t\t\t\t\t\t\t<img fetchpriority=\"high\" decoding=\"async\" width=\"682\" height=\"1024\" src=\"https:\/\/maisonmorelli.com\/wp-content\/uploads\/2026\/01\/peintre-en-decor-bordeaux-682x1024.jpg\" class=\"attachment-large size-large wp-image-1626\" alt=\"Atelier de peintre en d\u00e9cor \u00e0 Bordeaux\" srcset=\"https:\/\/maisonmorelli.com\/wp-content\/uploads\/2026\/01\/peintre-en-decor-bordeaux-682x1024.jpg 682w, https:\/\/maisonmorelli.com\/wp-content\/uploads\/2026\/01\/peintre-en-decor-bordeaux-200x300.jpg 200w, https:\/\/maisonmorelli.com\/wp-content\/uploads\/2026\/01\/peintre-en-decor-bordeaux-768x1153.jpg 768w, https:\/\/maisonmorelli.com\/wp-content\/uploads\/2026\/01\/peintre-en-decor-bordeaux-8x12.jpg 8w, https:\/\/maisonmorelli.com\/wp-content\/uploads\/2026\/01\/peintre-en-decor-bordeaux-320x480.jpg 320w, https:\/\/maisonmorelli.com\/wp-content\/uploads\/2026\/01\/peintre-en-decor-bordeaux-480x720.jpg 480w, https:\/\/maisonmorelli.com\/wp-content\/uploads\/2026\/01\/peintre-en-decor-bordeaux-800x1201.jpg 800w, https:\/\/maisonmorelli.com\/wp-content\/uploads\/2026\/01\/peintre-en-decor-bordeaux.jpg 1000w\" sizes=\"(max-width: 682px) 100vw, 682px\" \/>\t\t\t\t\t\t\t\t\t\t\t\t\t\t\t<\/div>\n\t\t\t\t<div class=\"elementor-element elementor-element-d61808f elementor-widget elementor-widget-text-editor\" data-id=\"d61808f\" data-element_type=\"widget\" data-widget_type=\"text-editor.default\">\n\t\t\t\t\t\t\t\t\t<p>Photo r\u00e9alis\u00e9e de <a href=\"https:\/\/www.stevelaurens.com\">Steve Laurens<\/a><em>.<\/em><\/p>\t\t\t\t\t\t\t\t<\/div>\n\t\t\t\t<\/div>\n\t\t\t\t\t<\/div>\n\t\t\t\t<\/div>\n\t\t<div class=\"elementor-element elementor-element-23c07af e-flex e-con-boxed e-con e-parent\" data-id=\"23c07af\" data-element_type=\"container\">\n\t\t\t\t\t<div class=\"e-con-inner\">\n\t\t<div class=\"elementor-element elementor-element-6939dd8 e-con-full e-flex e-con e-child\" data-id=\"6939dd8\" data-element_type=\"container\">\n\t\t\t\t<div class=\"elementor-element elementor-element-442e80f elementor-widget elementor-widget-image\" data-id=\"442e80f\" data-element_type=\"widget\" data-widget_type=\"image.default\">\n\t\t\t\t\t\t\t\t\t\t\t\t\t\t\t<img decoding=\"async\" width=\"716\" height=\"1024\" src=\"https:\/\/maisonmorelli.com\/wp-content\/uploads\/2026\/01\/atelier-peintre-en-decor-bordeaux-716x1024.jpg\" class=\"attachment-large size-large wp-image-1645\" alt=\"D\u00e9cor peint \u00e0 la main par peintre en d\u00e9cor\" srcset=\"https:\/\/maisonmorelli.com\/wp-content\/uploads\/2026\/01\/atelier-peintre-en-decor-bordeaux-716x1024.jpg 716w, https:\/\/maisonmorelli.com\/wp-content\/uploads\/2026\/01\/atelier-peintre-en-decor-bordeaux-210x300.jpg 210w, https:\/\/maisonmorelli.com\/wp-content\/uploads\/2026\/01\/atelier-peintre-en-decor-bordeaux-768x1099.jpg 768w, https:\/\/maisonmorelli.com\/wp-content\/uploads\/2026\/01\/atelier-peintre-en-decor-bordeaux-8x12.jpg 8w, https:\/\/maisonmorelli.com\/wp-content\/uploads\/2026\/01\/atelier-peintre-en-decor-bordeaux-320x458.jpg 320w, https:\/\/maisonmorelli.com\/wp-content\/uploads\/2026\/01\/atelier-peintre-en-decor-bordeaux-480x687.jpg 480w, https:\/\/maisonmorelli.com\/wp-content\/uploads\/2026\/01\/atelier-peintre-en-decor-bordeaux-800x1145.jpg 800w, https:\/\/maisonmorelli.com\/wp-content\/uploads\/2026\/01\/atelier-peintre-en-decor-bordeaux.jpg 1000w\" sizes=\"(max-width: 716px) 100vw, 716px\" \/>\t\t\t\t\t\t\t\t\t\t\t\t\t\t\t<\/div>\n\t\t\t\t<\/div>\n\t\t<div class=\"elementor-element elementor-element-8255711 e-con-full e-flex e-con e-child\" data-id=\"8255711\" data-element_type=\"container\">\n\t\t<div class=\"elementor-element elementor-element-9dac306 e-con-full e-flex e-con e-child\" data-id=\"9dac306\" data-element_type=\"container\">\n\t\t\t\t<div class=\"elementor-element elementor-element-03866ad elementor-widget elementor-widget-heading\" data-id=\"03866ad\" data-element_type=\"widget\" data-widget_type=\"heading.default\">\n\t\t\t\t\t<h2 class=\"elementor-heading-title elementor-size-default\">ATELIER<\/h2>\t\t\t\t<\/div>\n\t\t\t\t<div class=\"elementor-element elementor-element-3a29579 elementor-widget-divider--view-line elementor-widget elementor-widget-divider\" data-id=\"3a29579\" data-element_type=\"widget\" data-widget_type=\"divider.default\">\n\t\t\t\t\t\t\t<div class=\"elementor-divider\">\n\t\t\t<span class=\"elementor-divider-separator\">\n\t\t\t\t\t\t<\/span>\n\t\t<\/div>\n\t\t\t\t\t\t<\/div>\n\t\t\t\t<\/div>\n\t\t\t\t<div class=\"elementor-element elementor-element-9b838c1 elementor-widget elementor-widget-text-editor\" data-id=\"9b838c1\" data-element_type=\"widget\" data-widget_type=\"text-editor.default\">\n\t\t\t\t\t\t\t\t\t<p style=\"text-align: center;\" data-start=\"150\" data-end=\"368\"><span style=\"color: #003300;\">At the heart of <strong>Bordeaux<\/strong> se trouve mon atelier au sein de la P\u00e9pini\u00e8re Bordeaux Sainte Croix (port\u00e9e par la <a href=\"https:\/\/cma-nouvelleaquitaine.fr\">CMA<\/a> et la Ville de Bordeaux), un lieu enti\u00e8rement d\u00e9di\u00e9 \u00e0 la cr\u00e9ation et \u00e0 l\u2019imagination.<\/span><br data-start=\"265\" data-end=\"268\" \/><span style=\"color: #003300;\">C\u2019est ici que je con\u00e7ois tous mes d\u00e9cors et cr\u00e9e des papiers peints sur mesure.<\/span><\/p><p style=\"text-align: center;\" data-start=\"370\" data-end=\"581\"><span style=\"color: #003300;\"><strong>The atelier is open to visitors by appointment<\/strong> : venez d\u00e9couvrir mes techniques, mes cr\u00e9ations en cours et discuter de vos projets. Je serai ravie de vous accueillir et de vous montrer comment donner vie \u00e0 vos id\u00e9es.<\/span><\/p><p style=\"text-align: center;\" data-start=\"583\" data-end=\"645\"><span style=\"color: #003300;\"><strong data-start=\"583\" data-end=\"596\">Adress:<\/strong> 11 Rue du Port, 33000 Bordeaux, France<\/span><\/p>\t\t\t\t\t\t\t\t<\/div>\n\t\t\t\t<div class=\"elementor-element elementor-element-95ca5ad elementor-align-center elementor-widget elementor-widget-button\" data-id=\"95ca5ad\" data-element_type=\"widget\" data-widget_type=\"button.default\">\n\t\t\t\t\t\t\t\t\t\t<a class=\"elementor-button elementor-button-link elementor-size-sm elementor-animation-pulse-shrink\" href=\"mailto:info@maisonmorelli.com?subject=Rendez-vous%20visite%20atelier%20Maison%20Morelli\">\n\t\t\t\t\t\t<span class=\"elementor-button-content-wrapper\">\n\t\t\t\t\t\t\t\t\t<span class=\"elementor-button-text\">RESERVER UNE VISITE<\/span>\n\t\t\t\t\t<\/span>\n\t\t\t\t\t<\/a>\n\t\t\t\t\t\t\t\t<\/div>\n\t\t\t\t<\/div>\n\t\t\t\t\t<\/div>\n\t\t\t\t<\/div>\n\t\t\t\t<\/div>","protected":false},"excerpt":{"rendered":"<p>\u00c0 PROPOS Maison Morelli est l\u2019univers o\u00f9 chaque d\u00e9cor prend vie.Mais qui se cache derri\u00e8re tout cela ? C\u2019est moi, [&hellip;]<\/p>","protected":false},"author":1,"featured_media":0,"parent":0,"menu_order":0,"comment_status":"closed","ping_status":"closed","template":"","meta":{"site-sidebar-layout":"no-sidebar","site-content-layout":"","ast-site-content-layout":"full-width-container","site-content-style":"default","site-sidebar-style":"default","ast-global-header-display":"","ast-banner-title-visibility":"","ast-main-header-display":"","ast-hfb-above-header-display":"","ast-hfb-below-header-display":"","ast-hfb-mobile-header-display":"","site-post-title":"disabled","ast-breadcrumbs-content":"","ast-featured-img":"disabled","footer-sml-layout":"","theme-transparent-header-meta":"","adv-header-id-meta":"","stick-header-meta":"","header-above-stick-meta":"","header-main-stick-meta":"","header-below-stick-meta":"","astra-migrate-meta-layouts":"default","ast-page-background-enabled":"default","ast-page-background-meta":{"desktop":{"background-color":"var(--ast-global-color-4)","background-image":"","background-repeat":"repeat","background-position":"center center","background-size":"auto","background-attachment":"scroll","background-type":"","background-media":"","overlay-type":"","overlay-color":"","overlay-opacity":"","overlay-gradient":""},"tablet":{"background-color":"","background-image":"","background-repeat":"repeat","background-position":"center center","background-size":"auto","background-attachment":"scroll","background-type":"","background-media":"","overlay-type":"","overlay-color":"","overlay-opacity":"","overlay-gradient":""},"mobile":{"background-color":"","background-image":"","background-repeat":"repeat","background-position":"center center","background-size":"auto","background-attachment":"scroll","background-type":"","background-media":"","overlay-type":"","overlay-color":"","overlay-opacity":"","overlay-gradient":""}},"ast-content-background-meta":{"desktop":{"background-color":"var(--ast-global-color-5)","background-image":"","background-repeat":"repeat","background-position":"center center","background-size":"auto","background-attachment":"scroll","background-type":"","background-media":"","overlay-type":"","overlay-color":"","overlay-opacity":"","overlay-gradient":""},"tablet":{"background-color":"var(--ast-global-color-5)","background-image":"","background-repeat":"repeat","background-position":"center center","background-size":"auto","background-attachment":"scroll","background-type":"","background-media":"","overlay-type":"","overlay-color":"","overlay-opacity":"","overlay-gradient":""},"mobile":{"background-color":"var(--ast-global-color-5)","background-image":"","background-repeat":"repeat","background-position":"center center","background-size":"auto","background-attachment":"scroll","background-type":"","background-media":"","overlay-type":"","overlay-color":"","overlay-opacity":"","overlay-gradient":""}},"footnotes":""},"class_list":["post-1624","page","type-page","status-publish","hentry"],"yoast_head":"<!-- This site is optimized with the Yoast SEO plugin v26.6 - https:\/\/yoast.com\/wordpress\/plugins\/seo\/ -->\n<title>\u00c0 propos - Maison Morelli<\/title>\n<meta name=\"description\" content=\"\u00c0 Bordeaux, l&#039;atelier de peintre en d\u00e9cor Maison Morelli, vous accompagne pour imaginer des d\u00e9cors uniques et personnalis\u00e9s.\" \/>\n<meta name=\"robots\" content=\"index, follow, max-snippet:-1, max-image-preview:large, max-video-preview:-1\" \/>\n<link rel=\"canonical\" href=\"https:\/\/maisonmorelli.com\/en\/a-propos\/\" \/>\n<meta property=\"og:locale\" content=\"en_GB\" \/>\n<meta property=\"og:type\" content=\"article\" \/>\n<meta property=\"og:title\" content=\"\u00c0 propos - Maison Morelli\" \/>\n<meta property=\"og:description\" content=\"\u00c0 Bordeaux, l&#039;atelier de peintre en d\u00e9cor Maison Morelli, vous accompagne pour imaginer des d\u00e9cors uniques et personnalis\u00e9s.\" \/>\n<meta property=\"og:url\" content=\"https:\/\/maisonmorelli.com\/en\/a-propos\/\" \/>\n<meta property=\"og:site_name\" content=\"Maison Morelli\" \/>\n<meta property=\"article:publisher\" content=\"https:\/\/www.facebook.com\/ileniamorelli.decorazione\" \/>\n<meta property=\"article:modified_time\" content=\"2026-02-09T09:11:57+00:00\" \/>\n<meta property=\"og:image\" content=\"https:\/\/maisonmorelli.com\/wp-content\/uploads\/2026\/01\/peintre-en-decor-bordeaux-682x1024.jpg\" \/>\n<meta name=\"twitter:card\" content=\"summary_large_image\" \/>\n<meta name=\"twitter:label1\" content=\"Estimated reading time\" \/>\n\t<meta name=\"twitter:data1\" content=\"2 minutes\" \/>\n<script type=\"application\/ld+json\" class=\"yoast-schema-graph\">{\"@context\":\"https:\/\/schema.org\",\"@graph\":[{\"@type\":\"WebPage\",\"@id\":\"https:\/\/maisonmorelli.com\/a-propos\/\",\"url\":\"https:\/\/maisonmorelli.com\/a-propos\/\",\"name\":\"\u00c0 propos - Maison Morelli\",\"isPartOf\":{\"@id\":\"https:\/\/maisonmorelli.com\/#website\"},\"primaryImageOfPage\":{\"@id\":\"https:\/\/maisonmorelli.com\/a-propos\/#primaryimage\"},\"image\":{\"@id\":\"https:\/\/maisonmorelli.com\/a-propos\/#primaryimage\"},\"thumbnailUrl\":\"https:\/\/maisonmorelli.com\/wp-content\/uploads\/2026\/01\/peintre-en-decor-bordeaux-682x1024.jpg\",\"datePublished\":\"2026-01-02T14:29:58+00:00\",\"dateModified\":\"2026-02-09T09:11:57+00:00\",\"description\":\"\u00c0 Bordeaux, l'atelier de peintre en d\u00e9cor Maison Morelli, vous accompagne pour imaginer des d\u00e9cors uniques et personnalis\u00e9s.\",\"breadcrumb\":{\"@id\":\"https:\/\/maisonmorelli.com\/a-propos\/#breadcrumb\"},\"inLanguage\":\"en-GB\",\"potentialAction\":[{\"@type\":\"ReadAction\",\"target\":[\"https:\/\/maisonmorelli.com\/a-propos\/\"]}]},{\"@type\":\"ImageObject\",\"inLanguage\":\"en-GB\",\"@id\":\"https:\/\/maisonmorelli.com\/a-propos\/#primaryimage\",\"url\":\"https:\/\/maisonmorelli.com\/wp-content\/uploads\/2026\/01\/peintre-en-decor-bordeaux-682x1024.jpg\",\"contentUrl\":\"https:\/\/maisonmorelli.com\/wp-content\/uploads\/2026\/01\/peintre-en-decor-bordeaux-682x1024.jpg\"},{\"@type\":\"BreadcrumbList\",\"@id\":\"https:\/\/maisonmorelli.com\/a-propos\/#breadcrumb\",\"itemListElement\":[{\"@type\":\"ListItem\",\"position\":1,\"name\":\"Accueil\",\"item\":\"https:\/\/maisonmorelli.com\/\"},{\"@type\":\"ListItem\",\"position\":2,\"name\":\"\u00c0 propos\"}]},{\"@type\":\"WebSite\",\"@id\":\"https:\/\/maisonmorelli.com\/#website\",\"url\":\"https:\/\/maisonmorelli.com\/\",\"name\":\"IM Decorations\",\"description\":\"D\u00e9corations peints \u00e0 la main\",\"publisher\":{\"@id\":\"https:\/\/maisonmorelli.com\/#organization\"},\"potentialAction\":[{\"@type\":\"SearchAction\",\"target\":{\"@type\":\"EntryPoint\",\"urlTemplate\":\"https:\/\/maisonmorelli.com\/?s={search_term_string}\"},\"query-input\":{\"@type\":\"PropertyValueSpecification\",\"valueRequired\":true,\"valueName\":\"search_term_string\"}}],\"inLanguage\":\"en-GB\"},{\"@type\":\"Organization\",\"@id\":\"https:\/\/maisonmorelli.com\/#organization\",\"name\":\"IM Decorations\",\"url\":\"https:\/\/maisonmorelli.com\/\",\"logo\":{\"@type\":\"ImageObject\",\"inLanguage\":\"en-GB\",\"@id\":\"https:\/\/maisonmorelli.com\/#\/schema\/logo\/image\/\",\"url\":\"https:\/\/maisonmorelli.com\/wp-content\/uploads\/2025\/12\/Maison-Morelli-Peinture-decorative-Logo-scaled.png\",\"contentUrl\":\"https:\/\/maisonmorelli.com\/wp-content\/uploads\/2025\/12\/Maison-Morelli-Peinture-decorative-Logo-scaled.png\",\"width\":2560,\"height\":410,\"caption\":\"IM Decorations\"},\"image\":{\"@id\":\"https:\/\/maisonmorelli.com\/#\/schema\/logo\/image\/\"},\"sameAs\":[\"https:\/\/www.facebook.com\/ileniamorelli.decorazione\",\"https:\/\/www.instagram.com\/imdecorations?utm_source=ig_web_button_share_sheet&igsh=ZDNlZDc0MzIxNw==\"]}]}<\/script>\n<!-- \/ Yoast SEO plugin. -->","yoast_head_json":{"title":"\u00c0 propos - Maison Morelli","description":"\u00c0 Bordeaux, l'atelier de peintre en d\u00e9cor Maison Morelli, vous accompagne pour imaginer des d\u00e9cors uniques et personnalis\u00e9s.","robots":{"index":"index","follow":"follow","max-snippet":"max-snippet:-1","max-image-preview":"max-image-preview:large","max-video-preview":"max-video-preview:-1"},"canonical":"https:\/\/maisonmorelli.com\/en\/a-propos\/","og_locale":"en_GB","og_type":"article","og_title":"\u00c0 propos - Maison Morelli","og_description":"\u00c0 Bordeaux, l'atelier de peintre en d\u00e9cor Maison Morelli, vous accompagne pour imaginer des d\u00e9cors uniques et personnalis\u00e9s.","og_url":"https:\/\/maisonmorelli.com\/en\/a-propos\/","og_site_name":"Maison Morelli","article_publisher":"https:\/\/www.facebook.com\/ileniamorelli.decorazione","article_modified_time":"2026-02-09T09:11:57+00:00","og_image":[{"url":"https:\/\/maisonmorelli.com\/wp-content\/uploads\/2026\/01\/peintre-en-decor-bordeaux-682x1024.jpg","type":"","width":"","height":""}],"twitter_card":"summary_large_image","twitter_misc":{"Estimated reading time":"2 minutes"},"schema":{"@context":"https:\/\/schema.org","@graph":[{"@type":"WebPage","@id":"https:\/\/maisonmorelli.com\/a-propos\/","url":"https:\/\/maisonmorelli.com\/a-propos\/","name":"\u00c0 propos - Maison Morelli","isPartOf":{"@id":"https:\/\/maisonmorelli.com\/#website"},"primaryImageOfPage":{"@id":"https:\/\/maisonmorelli.com\/a-propos\/#primaryimage"},"image":{"@id":"https:\/\/maisonmorelli.com\/a-propos\/#primaryimage"},"thumbnailUrl":"https:\/\/maisonmorelli.com\/wp-content\/uploads\/2026\/01\/peintre-en-decor-bordeaux-682x1024.jpg","datePublished":"2026-01-02T14:29:58+00:00","dateModified":"2026-02-09T09:11:57+00:00","description":"\u00c0 Bordeaux, l'atelier de peintre en d\u00e9cor Maison Morelli, vous accompagne pour imaginer des d\u00e9cors uniques et personnalis\u00e9s.","breadcrumb":{"@id":"https:\/\/maisonmorelli.com\/a-propos\/#breadcrumb"},"inLanguage":"en-GB","potentialAction":[{"@type":"ReadAction","target":["https:\/\/maisonmorelli.com\/a-propos\/"]}]},{"@type":"ImageObject","inLanguage":"en-GB","@id":"https:\/\/maisonmorelli.com\/a-propos\/#primaryimage","url":"https:\/\/maisonmorelli.com\/wp-content\/uploads\/2026\/01\/peintre-en-decor-bordeaux-682x1024.jpg","contentUrl":"https:\/\/maisonmorelli.com\/wp-content\/uploads\/2026\/01\/peintre-en-decor-bordeaux-682x1024.jpg"},{"@type":"BreadcrumbList","@id":"https:\/\/maisonmorelli.com\/a-propos\/#breadcrumb","itemListElement":[{"@type":"ListItem","position":1,"name":"Accueil","item":"https:\/\/maisonmorelli.com\/"},{"@type":"ListItem","position":2,"name":"\u00c0 propos"}]},{"@type":"WebSite","@id":"https:\/\/maisonmorelli.com\/#website","url":"https:\/\/maisonmorelli.com\/","name":"IM Decorations","description":"D\u00e9corations peints \u00e0 la main","publisher":{"@id":"https:\/\/maisonmorelli.com\/#organization"},"potentialAction":[{"@type":"SearchAction","target":{"@type":"EntryPoint","urlTemplate":"https:\/\/maisonmorelli.com\/?s={search_term_string}"},"query-input":{"@type":"PropertyValueSpecification","valueRequired":true,"valueName":"search_term_string"}}],"inLanguage":"en-GB"},{"@type":"Organization","@id":"https:\/\/maisonmorelli.com\/#organization","name":"IM Decorations","url":"https:\/\/maisonmorelli.com\/","logo":{"@type":"ImageObject","inLanguage":"en-GB","@id":"https:\/\/maisonmorelli.com\/#\/schema\/logo\/image\/","url":"https:\/\/maisonmorelli.com\/wp-content\/uploads\/2025\/12\/Maison-Morelli-Peinture-decorative-Logo-scaled.png","contentUrl":"https:\/\/maisonmorelli.com\/wp-content\/uploads\/2025\/12\/Maison-Morelli-Peinture-decorative-Logo-scaled.png","width":2560,"height":410,"caption":"IM Decorations"},"image":{"@id":"https:\/\/maisonmorelli.com\/#\/schema\/logo\/image\/"},"sameAs":["https:\/\/www.facebook.com\/ileniamorelli.decorazione","https:\/\/www.instagram.com\/imdecorations?utm_source=ig_web_button_share_sheet&igsh=ZDNlZDc0MzIxNw=="]}]}},"_links":{"self":[{"href":"https:\/\/maisonmorelli.com\/en\/wp-json\/wp\/v2\/pages\/1624","targetHints":{"allow":["GET"]}}],"collection":[{"href":"https:\/\/maisonmorelli.com\/en\/wp-json\/wp\/v2\/pages"}],"about":[{"href":"https:\/\/maisonmorelli.com\/en\/wp-json\/wp\/v2\/types\/page"}],"author":[{"embeddable":true,"href":"https:\/\/maisonmorelli.com\/en\/wp-json\/wp\/v2\/users\/1"}],"replies":[{"embeddable":true,"href":"https:\/\/maisonmorelli.com\/en\/wp-json\/wp\/v2\/comments?post=1624"}],"version-history":[{"count":99,"href":"https:\/\/maisonmorelli.com\/en\/wp-json\/wp\/v2\/pages\/1624\/revisions"}],"predecessor-version":[{"id":2693,"href":"https:\/\/maisonmorelli.com\/en\/wp-json\/wp\/v2\/pages\/1624\/revisions\/2693"}],"wp:attachment":[{"href":"https:\/\/maisonmorelli.com\/en\/wp-json\/wp\/v2\/media?parent=1624"}],"curies":[{"name":"wp","href":"https:\/\/api.w.org\/{rel}","templated":true}]}}