{"id":1697,"date":"2026-01-02T15:42:41","date_gmt":"2026-01-02T15:42:41","guid":{"rendered":"https:\/\/maisonmorelli.com\/?page_id=1697"},"modified":"2026-01-12T09:30:10","modified_gmt":"2026-01-12T09:30:10","slug":"services","status":"publish","type":"page","link":"https:\/\/maisonmorelli.com\/en\/services\/","title":{"rendered":"Services"},"content":{"rendered":"<div data-elementor-type=\"wp-page\" data-elementor-id=\"1697\" class=\"elementor elementor-1697\">\n\t\t\t\t<div class=\"elementor-element elementor-element-b3867b5 e-flex e-con-boxed e-con e-parent\" data-id=\"b3867b5\" data-element_type=\"container\">\n\t\t\t\t\t<div class=\"e-con-inner\">\n\t\t\t\t<div class=\"elementor-element elementor-element-35777ef elementor-widget elementor-widget-heading\" data-id=\"35777ef\" data-element_type=\"widget\" data-widget_type=\"heading.default\">\n\t\t\t\t\t<h2 class=\"elementor-heading-title elementor-size-default\">SERVICES<\/h2>\t\t\t\t<\/div>\n\t\t\t\t<div class=\"elementor-element elementor-element-d699dd8 elementor-widget-divider--view-line elementor-widget elementor-widget-divider\" data-id=\"d699dd8\" data-element_type=\"widget\" data-widget_type=\"divider.default\">\n\t\t\t\t\t\t\t<div class=\"elementor-divider\">\n\t\t\t<span class=\"elementor-divider-separator\">\n\t\t\t\t\t\t<\/span>\n\t\t<\/div>\n\t\t\t\t\t\t<\/div>\n\t\t\t\t\t<\/div>\n\t\t\t\t<\/div>\n\t\t<div class=\"elementor-element elementor-element-3d8113b e-grid e-con-boxed e-con e-parent\" data-id=\"3d8113b\" data-element_type=\"container\">\n\t\t\t\t\t<div class=\"e-con-inner\">\n\t\t<div class=\"elementor-element elementor-element-51d9705 e-con-full e-flex e-con e-child\" data-id=\"51d9705\" data-element_type=\"container\">\n\t\t\t\t<div class=\"elementor-element elementor-element-e100796 elementor-widget elementor-widget-heading\" data-id=\"e100796\" data-element_type=\"widget\" data-widget_type=\"heading.default\">\n\t\t\t\t\t<h2 class=\"elementor-heading-title elementor-size-default\">Mural paintings<\/h2>\t\t\t\t<\/div>\n\t\t\t\t<div class=\"elementor-element elementor-element-250f5be elementor-widget elementor-widget-text-editor\" data-id=\"250f5be\" data-element_type=\"widget\" data-widget_type=\"text-editor.default\">\n\t\t\t\t\t\t\t\t\t<p style=\"line-height: 1.25; text-align: center;\">Creation of painted d\u00e9cors directly on <strong>walls,<\/strong>, <strong>cielings<\/strong> and <strong>architectural elements<\/strong>, which can also be integrated into <strong>furnitures<\/strong> (doors, wardrobes, woodwork, or decorative panels\u2026).<\/p><p style=\"font-style: normal; caret-color: #000000; color: #000000; line-height: 1.25; text-align: center;\" data-start=\"564\" data-end=\"852\"><span style=\"color: #003300;\">One of the benefits of a wall mural is working directly in the space where it will exist. This gives an immediate sense of the final result and allows colors, shapes, and effects to be adapted to the light, architecture, and overall ambiance.<\/span><\/p><p style=\"font-style: normal; caret-color: #000000; color: #000000; line-height: 1.25; text-align: center;\" data-start=\"854\" data-end=\"971\"><span style=\"color: #003300;\">You can choose a d\u00e9cor from the existing designs or opt for a\u00a0<strong data-start=\"933\" data-end=\"968\">fully custom-made creation<\/strong>.<\/span><\/p>\t\t\t\t\t\t\t\t<\/div>\n\t\t\t\t<\/div>\n\t\t<div class=\"elementor-element elementor-element-9467f8c e-con-full e-flex e-con e-child\" data-id=\"9467f8c\" data-element_type=\"container\">\n\t\t\t\t<div class=\"elementor-element elementor-element-2136cdd elementor-widget elementor-widget-heading\" data-id=\"2136cdd\" data-element_type=\"widget\" data-widget_type=\"heading.default\">\n\t\t\t\t\t<h2 class=\"elementor-heading-title elementor-size-default\">HAND-PAINTED WALLPAPER<\/h2>\t\t\t\t<\/div>\n\t\t\t\t<div class=\"elementor-element elementor-element-e55eb74 elementor-widget elementor-widget-text-editor\" data-id=\"e55eb74\" data-element_type=\"widget\" data-widget_type=\"text-editor.default\">\n\t\t\t\t\t\t\t\t\t<p style=\"line-height: 1.25; text-align: center;\" data-start=\"182\" data-end=\"384\">Design and creation of<strong data-start=\"182\" data-end=\"276\"> hand-painted wallpapers, unique and custom-made.<\/strong><br data-start=\"276\" data-end=\"279\" \/>Ideal for dressing a wall, a niche, or an entire room with an original d\u00e9cor found nowhere else.<\/p><p style=\"line-height: 1.25; text-align: center;\" data-start=\"386\" data-end=\"601\">A valuable advantage?<br data-start=\"408\" data-end=\"411\" \/>This creations are <strong data-start=\"438\" data-end=\"483\">realized on my studio and delivered everywhere<\/strong>, whether in France or abroad. An ideal solution for enjoying a personalized d\u00e9cor, even from afar.<\/p><p style=\"line-height: 1.25; text-align: center;\" data-start=\"603\" data-end=\"822\">This exclusively involves the <strong data-start=\"636\" data-end=\"666\">provision of the wallpaper<\/strong> (installation is not included).<br data-start=\"696\" data-end=\"699\" \/>You can choose from the decorations already offered or opt for a <strong data-start=\"774\" data-end=\"797\">custom-made creation<\/strong>, tailored to your desires.<\/p>\t\t\t\t\t\t\t\t<\/div>\n\t\t\t\t<\/div>\n\t\t<div class=\"elementor-element elementor-element-8b0bdc9 e-con-full e-flex e-con e-child\" data-id=\"8b0bdc9\" data-element_type=\"container\">\n\t\t\t\t<div class=\"elementor-element elementor-element-a6a9ba7 elementor-widget elementor-widget-heading\" data-id=\"a6a9ba7\" data-element_type=\"widget\" data-widget_type=\"heading.default\">\n\t\t\t\t\t<h2 class=\"elementor-heading-title elementor-size-default\">CONSULTATION<\/h2>\t\t\t\t<\/div>\n\t\t\t\t<div class=\"elementor-element elementor-element-835fc88 elementor-widget elementor-widget-text-editor\" data-id=\"835fc88\" data-element_type=\"widget\" data-widget_type=\"text-editor.default\">\n\t\t\t\t\t\t\t\t\t<p style=\"line-height: 1.25; text-align: center;\" data-start=\"182\" data-end=\"384\">Accompagnement personnalis\u00e9e dans le <strong>in choosing colors, harmonies, and decorative styles<\/strong>.<\/p><p style=\"line-height: 1.25; text-align: center;\" data-start=\"182\" data-end=\"384\">Je vous aide \u00e0 construire une ambiance coh\u00e9rente et esth\u00e9tique, adapt\u00e9e \u00e0 votre espace et votre personnalit\u00e9.<\/p>\t\t\t\t\t\t\t\t<\/div>\n\t\t\t\t<\/div>\n\t\t\t\t\t<\/div>\n\t\t\t\t<\/div>\n\t\t<div class=\"elementor-element elementor-element-00d2728 e-flex e-con-boxed e-con e-parent\" data-id=\"00d2728\" data-element_type=\"container\">\n\t\t\t\t\t<div class=\"e-con-inner\">\n\t\t\t\t<div class=\"elementor-element elementor-element-8ac3c02 elementor-widget elementor-widget-heading\" data-id=\"8ac3c02\" data-element_type=\"widget\" data-widget_type=\"heading.default\">\n\t\t\t\t\t<h2 class=\"elementor-heading-title elementor-size-default\">PROCESS<\/h2>\t\t\t\t<\/div>\n\t\t\t\t<div class=\"elementor-element elementor-element-27165e3 elementor-widget-divider--view-line elementor-widget elementor-widget-divider\" data-id=\"27165e3\" data-element_type=\"widget\" data-widget_type=\"divider.default\">\n\t\t\t\t\t\t\t<div class=\"elementor-divider\">\n\t\t\t<span class=\"elementor-divider-separator\">\n\t\t\t\t\t\t<\/span>\n\t\t<\/div>\n\t\t\t\t\t\t<\/div>\n\t\t\t\t\t<\/div>\n\t\t\t\t<\/div>\n\t\t<div class=\"elementor-element elementor-element-9e73fae e-grid e-con-boxed e-con e-parent\" data-id=\"9e73fae\" data-element_type=\"container\">\n\t\t\t\t\t<div class=\"e-con-inner\">\n\t\t<div class=\"elementor-element elementor-element-2893a56 e-con-full e-flex e-con e-child\" data-id=\"2893a56\" data-element_type=\"container\">\n\t\t\t\t<div class=\"elementor-element elementor-element-adb99b7 elementor-widget elementor-widget-image\" data-id=\"adb99b7\" data-element_type=\"widget\" data-widget_type=\"image.default\">\n\t\t\t\t\t\t\t\t\t\t\t\t\t\t\t<img fetchpriority=\"high\" decoding=\"async\" width=\"768\" height=\"1024\" src=\"https:\/\/maisonmorelli.com\/wp-content\/uploads\/2026\/01\/peintre-en-decor-768x1024.jpg\" class=\"attachment-large size-large wp-image-1704\" alt=\"\" srcset=\"https:\/\/maisonmorelli.com\/wp-content\/uploads\/2026\/01\/peintre-en-decor-768x1025.jpg 768w, https:\/\/maisonmorelli.com\/wp-content\/uploads\/2026\/01\/peintre-en-decor-225x300.jpg 225w, https:\/\/maisonmorelli.com\/wp-content\/uploads\/2026\/01\/peintre-en-decor-9x12.jpg 9w, https:\/\/maisonmorelli.com\/wp-content\/uploads\/2026\/01\/peintre-en-decor-320x427.jpg 320w, https:\/\/maisonmorelli.com\/wp-content\/uploads\/2026\/01\/peintre-en-decor-480x640.jpg 480w, https:\/\/maisonmorelli.com\/wp-content\/uploads\/2026\/01\/peintre-en-decor-800x1067.jpg 800w, https:\/\/maisonmorelli.com\/wp-content\/uploads\/2026\/01\/peintre-en-decor.jpg 1000w\" sizes=\"(max-width: 768px) 100vw, 768px\" \/>\t\t\t\t\t\t\t\t\t\t\t\t\t\t\t<\/div>\n\t\t\t\t<div class=\"elementor-element elementor-element-38ce31a elementor-widget elementor-widget-heading\" data-id=\"38ce31a\" data-element_type=\"widget\" data-widget_type=\"heading.default\">\n\t\t\t\t\t<h2 class=\"elementor-heading-title elementor-size-default\">1. BRIEF<\/h2>\t\t\t\t<\/div>\n\t\t\t\t<div class=\"elementor-element elementor-element-de586ea elementor-widget elementor-widget-text-editor\" data-id=\"de586ea\" data-element_type=\"widget\" data-widget_type=\"text-editor.default\">\n\t\t\t\t\t\t\t\t\t<p style=\"line-height: 1.25; text-align: center;\">L\u2019objectif est de <strong>comprendre vos envies, ou de vous sugg\u00e9rer des id\u00e9es adapt\u00e9es \u00e0 votre projet. <\/strong>Nous \u00e9changeons sur l&rsquo;atmosph\u00e8re que vous souhaitez ressentir dans l\u2019espace tout en prenant en compte les volumes.<\/p>\t\t\t\t\t\t\t\t<\/div>\n\t\t\t\t<\/div>\n\t\t<div class=\"elementor-element elementor-element-94ca936 e-con-full e-flex e-con e-child\" data-id=\"94ca936\" data-element_type=\"container\">\n\t\t\t\t<div class=\"elementor-element elementor-element-8af1d00 elementor-widget elementor-widget-image\" data-id=\"8af1d00\" data-element_type=\"widget\" data-widget_type=\"image.default\">\n\t\t\t\t\t\t\t\t\t\t\t\t\t\t\t<img decoding=\"async\" width=\"768\" height=\"1024\" src=\"https:\/\/maisonmorelli.com\/wp-content\/uploads\/2026\/01\/decoration-artistique-768x1024.jpg\" class=\"attachment-large size-large wp-image-1705\" alt=\"\" srcset=\"https:\/\/maisonmorelli.com\/wp-content\/uploads\/2026\/01\/decoration-artistique-768x1025.jpg 768w, https:\/\/maisonmorelli.com\/wp-content\/uploads\/2026\/01\/decoration-artistique-225x300.jpg 225w, https:\/\/maisonmorelli.com\/wp-content\/uploads\/2026\/01\/decoration-artistique-9x12.jpg 9w, https:\/\/maisonmorelli.com\/wp-content\/uploads\/2026\/01\/decoration-artistique-320x427.jpg 320w, https:\/\/maisonmorelli.com\/wp-content\/uploads\/2026\/01\/decoration-artistique-480x640.jpg 480w, https:\/\/maisonmorelli.com\/wp-content\/uploads\/2026\/01\/decoration-artistique-800x1067.jpg 800w, https:\/\/maisonmorelli.com\/wp-content\/uploads\/2026\/01\/decoration-artistique.jpg 1000w\" sizes=\"(max-width: 768px) 100vw, 768px\" \/>\t\t\t\t\t\t\t\t\t\t\t\t\t\t\t<\/div>\n\t\t\t\t<div class=\"elementor-element elementor-element-27719bf elementor-widget elementor-widget-heading\" data-id=\"27719bf\" data-element_type=\"widget\" data-widget_type=\"heading.default\">\n\t\t\t\t\t<h2 class=\"elementor-heading-title elementor-size-default\">2. ESQUISSE<\/h2>\t\t\t\t<\/div>\n\t\t\t\t<div class=\"elementor-element elementor-element-5f91337 elementor-widget elementor-widget-text-editor\" data-id=\"5f91337\" data-element_type=\"widget\" data-widget_type=\"text-editor.default\">\n\t\t\t\t\t\t\t\t\t<p style=\"line-height: 1.25; text-align: center;\" data-start=\"182\" data-end=\"384\">\u00c0 la suite de notre premier \u00e9change, je r\u00e9alise une\u00a0<strong>esquisse<\/strong>\u00a0avec un montage photo <b>pour vous aider \u00e0 vous projeter sur le rendu final<\/b>. Chaque proposition valorise l\u2019espace et cr\u00e9e l\u2019ambiance souhait\u00e9e.<\/p>\t\t\t\t\t\t\t\t<\/div>\n\t\t\t\t<\/div>\n\t\t<div class=\"elementor-element elementor-element-d935df1 e-con-full e-flex e-con e-child\" data-id=\"d935df1\" data-element_type=\"container\">\n\t\t\t\t<div class=\"elementor-element elementor-element-05c864d elementor-widget elementor-widget-image\" data-id=\"05c864d\" data-element_type=\"widget\" data-widget_type=\"image.default\">\n\t\t\t\t\t\t\t\t\t\t\t\t\t\t\t<img decoding=\"async\" width=\"776\" height=\"1024\" src=\"https:\/\/maisonmorelli.com\/wp-content\/uploads\/2026\/01\/ornament-decoratif-776x1024.webp\" class=\"attachment-large size-large wp-image-1709\" alt=\"\" srcset=\"https:\/\/maisonmorelli.com\/wp-content\/uploads\/2026\/01\/ornament-decoratif-776x1024.webp 776w, https:\/\/maisonmorelli.com\/wp-content\/uploads\/2026\/01\/ornament-decoratif-227x300.webp 227w, https:\/\/maisonmorelli.com\/wp-content\/uploads\/2026\/01\/ornament-decoratif-768x1014.webp 768w, https:\/\/maisonmorelli.com\/wp-content\/uploads\/2026\/01\/ornament-decoratif-9x12.webp 9w, https:\/\/maisonmorelli.com\/wp-content\/uploads\/2026\/01\/ornament-decoratif-320x422.webp 320w, https:\/\/maisonmorelli.com\/wp-content\/uploads\/2026\/01\/ornament-decoratif-480x634.webp 480w, https:\/\/maisonmorelli.com\/wp-content\/uploads\/2026\/01\/ornament-decoratif-800x1056.webp 800w, https:\/\/maisonmorelli.com\/wp-content\/uploads\/2026\/01\/ornament-decoratif.webp 1000w\" sizes=\"(max-width: 776px) 100vw, 776px\" \/>\t\t\t\t\t\t\t\t\t\t\t\t\t\t\t<\/div>\n\t\t\t\t<div class=\"elementor-element elementor-element-e7afd27 elementor-widget elementor-widget-heading\" data-id=\"e7afd27\" data-element_type=\"widget\" data-widget_type=\"heading.default\">\n\t\t\t\t\t<h2 class=\"elementor-heading-title elementor-size-default\">3. R\u00c9ALISATION<\/h2>\t\t\t\t<\/div>\n\t\t\t\t<div class=\"elementor-element elementor-element-7a8f92e elementor-widget elementor-widget-text-editor\" data-id=\"7a8f92e\" data-element_type=\"widget\" data-widget_type=\"text-editor.default\">\n\t\t\t\t\t\t\t\t\t<p>Je r\u00e9alise<strong> les fresques murales dans vos espaces<\/strong>, et <strong data-start=\"2715\" data-end=\"2762\">les papiers peints dans mon atelier<\/strong>\u00a0exp\u00e9di\u00e9s par la suite. Chaque projet est trait\u00e9 avec soin pour garantir un r\u00e9sultat unique et de haute qualit\u00e9.\u00a0<\/p>\t\t\t\t\t\t\t\t<\/div>\n\t\t\t\t<\/div>\n\t\t\t\t\t<\/div>\n\t\t\t\t<\/div>\n\t\t\t\t<\/div>","protected":false},"excerpt":{"rendered":"<p>SERVICES FRESQUES MURALES Cr\u00e9ation de d\u00e9cors peints directement sur les murs, plafonds et \u00e9l\u00e9ments architecturaux, pouvant \u00e9galement s\u2019int\u00e9grer aux meubles [&hellip;]<\/p>","protected":false},"author":1,"featured_media":0,"parent":0,"menu_order":0,"comment_status":"closed","ping_status":"closed","template":"","meta":{"site-sidebar-layout":"no-sidebar","site-content-layout":"","ast-site-content-layout":"full-width-container","site-content-style":"default","site-sidebar-style":"default","ast-global-header-display":"","ast-banner-title-visibility":"","ast-main-header-display":"","ast-hfb-above-header-display":"","ast-hfb-below-header-display":"","ast-hfb-mobile-header-display":"","site-post-title":"disabled","ast-breadcrumbs-content":"","ast-featured-img":"disabled","footer-sml-layout":"","theme-transparent-header-meta":"","adv-header-id-meta":"","stick-header-meta":"","header-above-stick-meta":"","header-main-stick-meta":"","header-below-stick-meta":"","astra-migrate-meta-layouts":"default","ast-page-background-enabled":"default","ast-page-background-meta":{"desktop":{"background-color":"var(--ast-global-color-4)","background-image":"","background-repeat":"repeat","background-position":"center center","background-size":"auto","background-attachment":"scroll","background-type":"","background-media":"","overlay-type":"","overlay-color":"","overlay-opacity":"","overlay-gradient":""},"tablet":{"background-color":"","background-image":"","background-repeat":"repeat","background-position":"center center","background-size":"auto","background-attachment":"scroll","background-type":"","background-media":"","overlay-type":"","overlay-color":"","overlay-opacity":"","overlay-gradient":""},"mobile":{"background-color":"","background-image":"","background-repeat":"repeat","background-position":"center center","background-size":"auto","background-attachment":"scroll","background-type":"","background-media":"","overlay-type":"","overlay-color":"","overlay-opacity":"","overlay-gradient":""}},"ast-content-background-meta":{"desktop":{"background-color":"var(--ast-global-color-5)","background-image":"","background-repeat":"repeat","background-position":"center center","background-size":"auto","background-attachment":"scroll","background-type":"","background-media":"","overlay-type":"","overlay-color":"","overlay-opacity":"","overlay-gradient":""},"tablet":{"background-color":"var(--ast-global-color-5)","background-image":"","background-repeat":"repeat","background-position":"center center","background-size":"auto","background-attachment":"scroll","background-type":"","background-media":"","overlay-type":"","overlay-color":"","overlay-opacity":"","overlay-gradient":""},"mobile":{"background-color":"var(--ast-global-color-5)","background-image":"","background-repeat":"repeat","background-position":"center center","background-size":"auto","background-attachment":"scroll","background-type":"","background-media":"","overlay-type":"","overlay-color":"","overlay-opacity":"","overlay-gradient":""}},"footnotes":""},"class_list":["post-1697","page","type-page","status-publish","hentry"],"yoast_head":"<!-- This site is optimized with the Yoast SEO plugin v26.6 - https:\/\/yoast.com\/wordpress\/plugins\/seo\/ -->\n<title>Services - Maison Morelli<\/title>\n<meta name=\"robots\" content=\"index, follow, max-snippet:-1, max-image-preview:large, max-video-preview:-1\" \/>\n<link rel=\"canonical\" href=\"https:\/\/maisonmorelli.com\/en\/services\/\" \/>\n<meta property=\"og:locale\" content=\"en_GB\" \/>\n<meta property=\"og:type\" content=\"article\" \/>\n<meta property=\"og:title\" content=\"Services - Maison Morelli\" \/>\n<meta property=\"og:description\" content=\"SERVICES FRESQUES MURALES Cr\u00e9ation de d\u00e9cors peints directement sur les murs, plafonds et \u00e9l\u00e9ments architecturaux, pouvant \u00e9galement s\u2019int\u00e9grer aux meubles [&hellip;]\" \/>\n<meta property=\"og:url\" content=\"https:\/\/maisonmorelli.com\/en\/services\/\" \/>\n<meta property=\"og:site_name\" content=\"Maison Morelli\" \/>\n<meta property=\"article:publisher\" content=\"https:\/\/www.facebook.com\/ileniamorelli.decorazione\" \/>\n<meta property=\"article:modified_time\" content=\"2026-01-12T09:30:10+00:00\" \/>\n<meta property=\"og:image\" content=\"https:\/\/maisonmorelli.com\/wp-content\/uploads\/2026\/01\/peintre-en-decor.jpg\" \/>\n\t<meta property=\"og:image:width\" content=\"1000\" \/>\n\t<meta property=\"og:image:height\" content=\"1334\" \/>\n\t<meta property=\"og:image:type\" content=\"image\/jpeg\" \/>\n<meta name=\"twitter:card\" content=\"summary_large_image\" \/>\n<meta name=\"twitter:label1\" content=\"Estimated reading time\" \/>\n\t<meta name=\"twitter:data1\" content=\"2 minutes\" \/>\n<script type=\"application\/ld+json\" class=\"yoast-schema-graph\">{\"@context\":\"https:\/\/schema.org\",\"@graph\":[{\"@type\":\"WebPage\",\"@id\":\"https:\/\/maisonmorelli.com\/services\/\",\"url\":\"https:\/\/maisonmorelli.com\/services\/\",\"name\":\"Services - Maison Morelli\",\"isPartOf\":{\"@id\":\"https:\/\/maisonmorelli.com\/#website\"},\"primaryImageOfPage\":{\"@id\":\"https:\/\/maisonmorelli.com\/services\/#primaryimage\"},\"image\":{\"@id\":\"https:\/\/maisonmorelli.com\/services\/#primaryimage\"},\"thumbnailUrl\":\"https:\/\/maisonmorelli.com\/wp-content\/uploads\/2026\/01\/peintre-en-decor-768x1024.jpg\",\"datePublished\":\"2026-01-02T15:42:41+00:00\",\"dateModified\":\"2026-01-12T09:30:10+00:00\",\"breadcrumb\":{\"@id\":\"https:\/\/maisonmorelli.com\/services\/#breadcrumb\"},\"inLanguage\":\"en-GB\",\"potentialAction\":[{\"@type\":\"ReadAction\",\"target\":[\"https:\/\/maisonmorelli.com\/services\/\"]}]},{\"@type\":\"ImageObject\",\"inLanguage\":\"en-GB\",\"@id\":\"https:\/\/maisonmorelli.com\/services\/#primaryimage\",\"url\":\"https:\/\/maisonmorelli.com\/wp-content\/uploads\/2026\/01\/peintre-en-decor-768x1024.jpg\",\"contentUrl\":\"https:\/\/maisonmorelli.com\/wp-content\/uploads\/2026\/01\/peintre-en-decor-768x1024.jpg\"},{\"@type\":\"BreadcrumbList\",\"@id\":\"https:\/\/maisonmorelli.com\/services\/#breadcrumb\",\"itemListElement\":[{\"@type\":\"ListItem\",\"position\":1,\"name\":\"Accueil\",\"item\":\"https:\/\/maisonmorelli.com\/\"},{\"@type\":\"ListItem\",\"position\":2,\"name\":\"Services\"}]},{\"@type\":\"WebSite\",\"@id\":\"https:\/\/maisonmorelli.com\/#website\",\"url\":\"https:\/\/maisonmorelli.com\/\",\"name\":\"IM Decorations\",\"description\":\"D\u00e9corations peints \u00e0 la main\",\"publisher\":{\"@id\":\"https:\/\/maisonmorelli.com\/#organization\"},\"potentialAction\":[{\"@type\":\"SearchAction\",\"target\":{\"@type\":\"EntryPoint\",\"urlTemplate\":\"https:\/\/maisonmorelli.com\/?s={search_term_string}\"},\"query-input\":{\"@type\":\"PropertyValueSpecification\",\"valueRequired\":true,\"valueName\":\"search_term_string\"}}],\"inLanguage\":\"en-GB\"},{\"@type\":\"Organization\",\"@id\":\"https:\/\/maisonmorelli.com\/#organization\",\"name\":\"IM Decorations\",\"url\":\"https:\/\/maisonmorelli.com\/\",\"logo\":{\"@type\":\"ImageObject\",\"inLanguage\":\"en-GB\",\"@id\":\"https:\/\/maisonmorelli.com\/#\/schema\/logo\/image\/\",\"url\":\"https:\/\/maisonmorelli.com\/wp-content\/uploads\/2025\/12\/Maison-Morelli-Peinture-decorative-Logo-scaled.png\",\"contentUrl\":\"https:\/\/maisonmorelli.com\/wp-content\/uploads\/2025\/12\/Maison-Morelli-Peinture-decorative-Logo-scaled.png\",\"width\":2560,\"height\":410,\"caption\":\"IM Decorations\"},\"image\":{\"@id\":\"https:\/\/maisonmorelli.com\/#\/schema\/logo\/image\/\"},\"sameAs\":[\"https:\/\/www.facebook.com\/ileniamorelli.decorazione\",\"https:\/\/www.instagram.com\/imdecorations?utm_source=ig_web_button_share_sheet&igsh=ZDNlZDc0MzIxNw==\"]}]}<\/script>\n<!-- \/ Yoast SEO plugin. -->","yoast_head_json":{"title":"Services - Maison Morelli","robots":{"index":"index","follow":"follow","max-snippet":"max-snippet:-1","max-image-preview":"max-image-preview:large","max-video-preview":"max-video-preview:-1"},"canonical":"https:\/\/maisonmorelli.com\/en\/services\/","og_locale":"en_GB","og_type":"article","og_title":"Services - Maison Morelli","og_description":"SERVICES FRESQUES MURALES Cr\u00e9ation de d\u00e9cors peints directement sur les murs, plafonds et \u00e9l\u00e9ments architecturaux, pouvant \u00e9galement s\u2019int\u00e9grer aux meubles [&hellip;]","og_url":"https:\/\/maisonmorelli.com\/en\/services\/","og_site_name":"Maison Morelli","article_publisher":"https:\/\/www.facebook.com\/ileniamorelli.decorazione","article_modified_time":"2026-01-12T09:30:10+00:00","og_image":[{"width":1000,"height":1334,"url":"https:\/\/maisonmorelli.com\/wp-content\/uploads\/2026\/01\/peintre-en-decor.jpg","type":"image\/jpeg"}],"twitter_card":"summary_large_image","twitter_misc":{"Estimated reading time":"2 minutes"},"schema":{"@context":"https:\/\/schema.org","@graph":[{"@type":"WebPage","@id":"https:\/\/maisonmorelli.com\/services\/","url":"https:\/\/maisonmorelli.com\/services\/","name":"Services - Maison Morelli","isPartOf":{"@id":"https:\/\/maisonmorelli.com\/#website"},"primaryImageOfPage":{"@id":"https:\/\/maisonmorelli.com\/services\/#primaryimage"},"image":{"@id":"https:\/\/maisonmorelli.com\/services\/#primaryimage"},"thumbnailUrl":"https:\/\/maisonmorelli.com\/wp-content\/uploads\/2026\/01\/peintre-en-decor-768x1024.jpg","datePublished":"2026-01-02T15:42:41+00:00","dateModified":"2026-01-12T09:30:10+00:00","breadcrumb":{"@id":"https:\/\/maisonmorelli.com\/services\/#breadcrumb"},"inLanguage":"en-GB","potentialAction":[{"@type":"ReadAction","target":["https:\/\/maisonmorelli.com\/services\/"]}]},{"@type":"ImageObject","inLanguage":"en-GB","@id":"https:\/\/maisonmorelli.com\/services\/#primaryimage","url":"https:\/\/maisonmorelli.com\/wp-content\/uploads\/2026\/01\/peintre-en-decor-768x1024.jpg","contentUrl":"https:\/\/maisonmorelli.com\/wp-content\/uploads\/2026\/01\/peintre-en-decor-768x1024.jpg"},{"@type":"BreadcrumbList","@id":"https:\/\/maisonmorelli.com\/services\/#breadcrumb","itemListElement":[{"@type":"ListItem","position":1,"name":"Accueil","item":"https:\/\/maisonmorelli.com\/"},{"@type":"ListItem","position":2,"name":"Services"}]},{"@type":"WebSite","@id":"https:\/\/maisonmorelli.com\/#website","url":"https:\/\/maisonmorelli.com\/","name":"IM Decorations","description":"D\u00e9corations peints \u00e0 la main","publisher":{"@id":"https:\/\/maisonmorelli.com\/#organization"},"potentialAction":[{"@type":"SearchAction","target":{"@type":"EntryPoint","urlTemplate":"https:\/\/maisonmorelli.com\/?s={search_term_string}"},"query-input":{"@type":"PropertyValueSpecification","valueRequired":true,"valueName":"search_term_string"}}],"inLanguage":"en-GB"},{"@type":"Organization","@id":"https:\/\/maisonmorelli.com\/#organization","name":"IM Decorations","url":"https:\/\/maisonmorelli.com\/","logo":{"@type":"ImageObject","inLanguage":"en-GB","@id":"https:\/\/maisonmorelli.com\/#\/schema\/logo\/image\/","url":"https:\/\/maisonmorelli.com\/wp-content\/uploads\/2025\/12\/Maison-Morelli-Peinture-decorative-Logo-scaled.png","contentUrl":"https:\/\/maisonmorelli.com\/wp-content\/uploads\/2025\/12\/Maison-Morelli-Peinture-decorative-Logo-scaled.png","width":2560,"height":410,"caption":"IM Decorations"},"image":{"@id":"https:\/\/maisonmorelli.com\/#\/schema\/logo\/image\/"},"sameAs":["https:\/\/www.facebook.com\/ileniamorelli.decorazione","https:\/\/www.instagram.com\/imdecorations?utm_source=ig_web_button_share_sheet&igsh=ZDNlZDc0MzIxNw=="]}]}},"_links":{"self":[{"href":"https:\/\/maisonmorelli.com\/en\/wp-json\/wp\/v2\/pages\/1697","targetHints":{"allow":["GET"]}}],"collection":[{"href":"https:\/\/maisonmorelli.com\/en\/wp-json\/wp\/v2\/pages"}],"about":[{"href":"https:\/\/maisonmorelli.com\/en\/wp-json\/wp\/v2\/types\/page"}],"author":[{"embeddable":true,"href":"https:\/\/maisonmorelli.com\/en\/wp-json\/wp\/v2\/users\/1"}],"replies":[{"embeddable":true,"href":"https:\/\/maisonmorelli.com\/en\/wp-json\/wp\/v2\/comments?post=1697"}],"version-history":[{"count":67,"href":"https:\/\/maisonmorelli.com\/en\/wp-json\/wp\/v2\/pages\/1697\/revisions"}],"predecessor-version":[{"id":2428,"href":"https:\/\/maisonmorelli.com\/en\/wp-json\/wp\/v2\/pages\/1697\/revisions\/2428"}],"wp:attachment":[{"href":"https:\/\/maisonmorelli.com\/en\/wp-json\/wp\/v2\/media?parent=1697"}],"curies":[{"name":"wp","href":"https:\/\/api.w.org\/{rel}","templated":true}]}}