{"id":1782,"date":"2026-01-02T18:16:18","date_gmt":"2026-01-02T18:16:18","guid":{"rendered":"https:\/\/maisonmorelli.com\/?page_id=1782"},"modified":"2026-01-12T10:26:27","modified_gmt":"2026-01-12T10:26:27","slug":"impressionnismes","status":"publish","type":"page","link":"https:\/\/maisonmorelli.com\/en\/impressionnismes\/","title":{"rendered":"Impressionnismes"},"content":{"rendered":"<div data-elementor-type=\"wp-page\" data-elementor-id=\"1782\" class=\"elementor elementor-1782\">\n\t\t\t\t<div class=\"elementor-element elementor-element-75a3f7b e-con-full e-flex e-con e-child\" data-id=\"75a3f7b\" data-element_type=\"container\">\n\t\t\t\t<div class=\"elementor-element elementor-element-0e143b2 elementor-widget elementor-widget-heading\" data-id=\"0e143b2\" data-element_type=\"widget\" data-widget_type=\"heading.default\">\n\t\t\t\t\t<h2 class=\"elementor-heading-title elementor-size-default\">IMPRESSIONNISMS<\/h2>\t\t\t\t<\/div>\n\t\t\t\t<div class=\"elementor-element elementor-element-7f5c919 elementor-widget-divider--view-line elementor-widget elementor-widget-divider\" data-id=\"7f5c919\" data-element_type=\"widget\" data-widget_type=\"divider.default\">\n\t\t\t\t\t\t\t<div class=\"elementor-divider\">\n\t\t\t<span class=\"elementor-divider-separator\">\n\t\t\t\t\t\t<\/span>\n\t\t<\/div>\n\t\t\t\t\t\t<\/div>\n\t\t\t\t<\/div>\n\t\t<div class=\"elementor-element elementor-element-654d6ee e-grid e-con-boxed e-con e-parent\" data-id=\"654d6ee\" data-element_type=\"container\">\n\t\t\t\t\t<div class=\"e-con-inner\">\n\t\t<div class=\"elementor-element elementor-element-f4880c2 e-con-full e-flex e-con e-child\" data-id=\"f4880c2\" data-element_type=\"container\">\n\t\t\t\t<div class=\"elementor-element elementor-element-941ff72 elementor-widget elementor-widget-image\" data-id=\"941ff72\" data-element_type=\"widget\" data-widget_type=\"image.default\">\n\t\t\t\t\t\t\t\t\t\t\t\t\t\t\t<img fetchpriority=\"high\" decoding=\"async\" width=\"976\" height=\"1500\" src=\"https:\/\/maisonmorelli.com\/wp-content\/uploads\/2026\/01\/papeir-peint-main-bordeaux-fleurs.webp\" class=\"attachment-full size-full wp-image-1585\" alt=\"\" srcset=\"https:\/\/maisonmorelli.com\/wp-content\/uploads\/2026\/01\/papeir-peint-main-bordeaux-fleurs.webp 976w, https:\/\/maisonmorelli.com\/wp-content\/uploads\/2026\/01\/papeir-peint-main-bordeaux-fleurs-195x300.webp 195w, https:\/\/maisonmorelli.com\/wp-content\/uploads\/2026\/01\/papeir-peint-main-bordeaux-fleurs-666x1024.webp 666w, https:\/\/maisonmorelli.com\/wp-content\/uploads\/2026\/01\/papeir-peint-main-bordeaux-fleurs-768x1180.webp 768w, https:\/\/maisonmorelli.com\/wp-content\/uploads\/2026\/01\/papeir-peint-main-bordeaux-fleurs-8x12.webp 8w, https:\/\/maisonmorelli.com\/wp-content\/uploads\/2026\/01\/papeir-peint-main-bordeaux-fleurs-320x492.webp 320w, https:\/\/maisonmorelli.com\/wp-content\/uploads\/2026\/01\/papeir-peint-main-bordeaux-fleurs-480x738.webp 480w, https:\/\/maisonmorelli.com\/wp-content\/uploads\/2026\/01\/papeir-peint-main-bordeaux-fleurs-800x1230.webp 800w\" sizes=\"(max-width: 976px) 100vw, 976px\" \/>\t\t\t\t\t\t\t\t\t\t\t\t\t\t\t<\/div>\n\t\t\t\t<\/div>\n\t\t<div class=\"elementor-element elementor-element-517c5ce e-con-full e-flex e-con e-child\" data-id=\"517c5ce\" data-element_type=\"container\">\n\t\t\t\t<div class=\"elementor-element elementor-element-5407354 elementor-widget elementor-widget-image\" data-id=\"5407354\" data-element_type=\"widget\" data-widget_type=\"image.default\">\n\t\t\t\t\t\t\t\t\t\t\t\t\t\t\t\t<a href=\"https:\/\/maisonmorelli.com\/wp-content\/uploads\/2026\/01\/revetement-mural-artistique-sur-mesure.webp\" data-elementor-open-lightbox=\"yes\" data-elementor-lightbox-title=\"revetement-mural-artistique-sur-mesure\" data-e-action-hash=\"#elementor-action%3Aaction%3Dlightbox%26settings%3DeyJpZCI6MTc3MiwidXJsIjoiaHR0cHM6XC9cL21haXNvbm1vcmVsbGkuY29tXC93cC1jb250ZW50XC91cGxvYWRzXC8yMDI2XC8wMVwvcmV2ZXRlbWVudC1tdXJhbC1hcnRpc3RpcXVlLXN1ci1tZXN1cmUud2VicCJ9\">\n\t\t\t\t\t\t\t<img decoding=\"async\" width=\"683\" height=\"1024\" src=\"https:\/\/maisonmorelli.com\/wp-content\/uploads\/2026\/01\/revetement-mural-artistique-sur-mesure-683x1024.webp\" class=\"attachment-large size-large wp-image-1772\" alt=\"\" srcset=\"https:\/\/maisonmorelli.com\/wp-content\/uploads\/2026\/01\/revetement-mural-artistique-sur-mesure-683x1024.webp 683w, https:\/\/maisonmorelli.com\/wp-content\/uploads\/2026\/01\/revetement-mural-artistique-sur-mesure-200x300.webp 200w, https:\/\/maisonmorelli.com\/wp-content\/uploads\/2026\/01\/revetement-mural-artistique-sur-mesure-768x1152.webp 768w, https:\/\/maisonmorelli.com\/wp-content\/uploads\/2026\/01\/revetement-mural-artistique-sur-mesure-8x12.webp 8w, https:\/\/maisonmorelli.com\/wp-content\/uploads\/2026\/01\/revetement-mural-artistique-sur-mesure-320x480.webp 320w, https:\/\/maisonmorelli.com\/wp-content\/uploads\/2026\/01\/revetement-mural-artistique-sur-mesure-480x720.webp 480w, https:\/\/maisonmorelli.com\/wp-content\/uploads\/2026\/01\/revetement-mural-artistique-sur-mesure-800x1200.webp 800w, https:\/\/maisonmorelli.com\/wp-content\/uploads\/2026\/01\/revetement-mural-artistique-sur-mesure.webp 1000w\" sizes=\"(max-width: 683px) 100vw, 683px\" \/>\t\t\t\t\t\t\t\t<\/a>\n\t\t\t\t\t\t\t\t\t\t\t\t\t\t\t<\/div>\n\t\t\t\t<\/div>\n\t\t<div class=\"elementor-element elementor-element-287926a e-con-full e-flex e-con e-child\" data-id=\"287926a\" data-element_type=\"container\">\n\t\t\t\t<div class=\"elementor-element elementor-element-6e5fe6a elementor-widget elementor-widget-image\" data-id=\"6e5fe6a\" data-element_type=\"widget\" data-widget_type=\"image.default\">\n\t\t\t\t\t\t\t\t\t\t\t\t\t\t\t<img decoding=\"async\" width=\"1000\" height=\"1120\" src=\"https:\/\/maisonmorelli.com\/wp-content\/uploads\/2026\/01\/papier-peint-floral.webp\" class=\"attachment-full size-full wp-image-1795\" alt=\"\" srcset=\"https:\/\/maisonmorelli.com\/wp-content\/uploads\/2026\/01\/papier-peint-floral.webp 1000w, https:\/\/maisonmorelli.com\/wp-content\/uploads\/2026\/01\/papier-peint-floral-268x300.webp 268w, https:\/\/maisonmorelli.com\/wp-content\/uploads\/2026\/01\/papier-peint-floral-914x1024.webp 914w, https:\/\/maisonmorelli.com\/wp-content\/uploads\/2026\/01\/papier-peint-floral-768x860.webp 768w, https:\/\/maisonmorelli.com\/wp-content\/uploads\/2026\/01\/papier-peint-floral-11x12.webp 11w, https:\/\/maisonmorelli.com\/wp-content\/uploads\/2026\/01\/papier-peint-floral-320x358.webp 320w, https:\/\/maisonmorelli.com\/wp-content\/uploads\/2026\/01\/papier-peint-floral-480x538.webp 480w, https:\/\/maisonmorelli.com\/wp-content\/uploads\/2026\/01\/papier-peint-floral-800x896.webp 800w\" sizes=\"(max-width: 1000px) 100vw, 1000px\" \/>\t\t\t\t\t\t\t\t\t\t\t\t\t\t\t<\/div>\n\t\t\t\t<\/div>\n\t\t\t\t\t<\/div>\n\t\t\t\t<\/div>\n\t\t<div class=\"elementor-element elementor-element-cb845d5 e-grid e-con-boxed e-con e-parent\" data-id=\"cb845d5\" data-element_type=\"container\">\n\t\t\t\t\t<div class=\"e-con-inner\">\n\t\t<div class=\"elementor-element elementor-element-69df566 e-con-full e-flex e-con e-child\" data-id=\"69df566\" data-element_type=\"container\">\n\t\t\t\t<div class=\"elementor-element elementor-element-43548bf elementor-widget elementor-widget-image\" data-id=\"43548bf\" data-element_type=\"widget\" data-widget_type=\"image.default\">\n\t\t\t\t\t\t\t\t\t\t\t\t<figure class=\"wp-caption\">\n\t\t\t\t\t\t\t\t\t\t<img loading=\"lazy\" decoding=\"async\" width=\"1024\" height=\"767\" src=\"https:\/\/maisonmorelli.com\/wp-content\/uploads\/2026\/01\/papier-peint-main-bordeaux-vegetal-1024x767.webp\" class=\"attachment-large size-large wp-image-1793\" alt=\"\" srcset=\"https:\/\/maisonmorelli.com\/wp-content\/uploads\/2026\/01\/papier-peint-main-bordeaux-vegetal-1024x767.webp 1024w, https:\/\/maisonmorelli.com\/wp-content\/uploads\/2026\/01\/papier-peint-main-bordeaux-vegetal-300x225.webp 300w, https:\/\/maisonmorelli.com\/wp-content\/uploads\/2026\/01\/papier-peint-main-bordeaux-vegetal-768x575.webp 768w, https:\/\/maisonmorelli.com\/wp-content\/uploads\/2026\/01\/papier-peint-main-bordeaux-vegetal-1536x1150.webp 1536w, https:\/\/maisonmorelli.com\/wp-content\/uploads\/2026\/01\/papier-peint-main-bordeaux-vegetal-16x12.webp 16w, https:\/\/maisonmorelli.com\/wp-content\/uploads\/2026\/01\/papier-peint-main-bordeaux-vegetal-320x240.webp 320w, https:\/\/maisonmorelli.com\/wp-content\/uploads\/2026\/01\/papier-peint-main-bordeaux-vegetal-480x360.webp 480w, https:\/\/maisonmorelli.com\/wp-content\/uploads\/2026\/01\/papier-peint-main-bordeaux-vegetal-800x599.webp 800w, https:\/\/maisonmorelli.com\/wp-content\/uploads\/2026\/01\/papier-peint-main-bordeaux-vegetal.webp 1920w\" sizes=\"(max-width: 1024px) 100vw, 1024px\" \/>\t\t\t\t\t\t\t\t\t\t\t<figcaption class=\"widget-image-caption wp-caption-text\"><\/figcaption>\n\t\t\t\t\t\t\t\t\t\t<\/figure>\n\t\t\t\t\t\t\t\t\t<\/div>\n\t\t\t\t<\/div>\n\t\t<div class=\"elementor-element elementor-element-dce5185 e-con-full e-flex e-con e-child\" data-id=\"dce5185\" data-element_type=\"container\">\n\t\t\t\t<div class=\"elementor-element elementor-element-abf6b3d elementor-widget elementor-widget-heading\" data-id=\"abf6b3d\" data-element_type=\"widget\" data-widget_type=\"heading.default\">\n\t\t\t\t\t<h2 class=\"elementor-heading-title elementor-size-default\">TECHNICAL INFORMATIONS<\/h2>\t\t\t\t<\/div>\n\t\t\t\t<div class=\"elementor-element elementor-element-ab209b9 elementor-widget-divider--view-line elementor-widget elementor-widget-divider\" data-id=\"ab209b9\" data-element_type=\"widget\" data-widget_type=\"divider.default\">\n\t\t\t\t\t\t\t<div class=\"elementor-divider\">\n\t\t\t<span class=\"elementor-divider-separator\">\n\t\t\t\t\t\t<\/span>\n\t\t<\/div>\n\t\t\t\t\t\t<\/div>\n\t\t\t\t<div class=\"elementor-element elementor-element-e0a0cb4 elementor-widget elementor-widget-text-editor\" data-id=\"e0a0cb4\" data-element_type=\"widget\" data-widget_type=\"text-editor.default\">\n\t\t\t\t\t\t\t\t\t<p><strong data-start=\"176\" data-end=\"187\">Support<\/strong>\u00a0: R\u00e9alisable sur papier peint ou directement peint sur le mur.<\/p><p data-start=\"254\" data-end=\"339\"><strong data-start=\"254\" data-end=\"267\">Technique<\/strong>\u00a0: D\u00e9cor exclusivement peint \u00e0 la main, selon un savoir-faire artisanal.<\/p><p data-start=\"343\" data-end=\"478\"><strong data-start=\"343\" data-end=\"358\">Inspiration<\/strong> : Inspir\u00e9 de la peinture impressionniste, \u00e9clatante et changeante, peinture fra\u00eeche et abstraite.<\/p><p data-start=\"482\" data-end=\"617\"><strong data-start=\"482\" data-end=\"503\">Gamme chromatique<\/strong> : Enti\u00e8rement personnalisable, le d\u00e9cor peut \u00eatre d\u00e9clin\u00e9 dans toutes les variantes de couleurs;<\/p><p data-start=\"621\" data-end=\"778\"><strong data-start=\"621\" data-end=\"643\">\u00c9chelle des motifs<\/strong> : Les feuillages peuvent \u00eatre r\u00e9alis\u00e9s dans diff\u00e9rentes dimensions, avec des variations d\u2019\u00e9chelle.<\/p><p data-start=\"782\" data-end=\"916\"><strong data-start=\"782\" data-end=\"797\">Composition<\/strong>\u00a0: Composition sur mesure, avec possibilit\u00e9 d\u2019ajouter fleurs, animaux ou mat\u00e9riaux d\u00e9coratifs tels que la feuille d\u2019or.<\/p>\t\t\t\t\t\t\t\t<\/div>\n\t\t\t\t<div class=\"elementor-element elementor-element-4343e6c elementor-widget elementor-widget-button\" data-id=\"4343e6c\" data-element_type=\"widget\" data-widget_type=\"button.default\">\n\t\t\t\t\t\t\t\t\t\t<a class=\"elementor-button elementor-button-link elementor-size-sm elementor-animation-grow\" href=\"mailto:info@maisonmorelli.com?subject=Demande%20de%20devis%20-%20Impressionnismes\">\n\t\t\t\t\t\t<span class=\"elementor-button-content-wrapper\">\n\t\t\t\t\t\t\t\t\t<span class=\"elementor-button-text\">GET A QUOTE<\/span>\n\t\t\t\t\t<\/span>\n\t\t\t\t\t<\/a>\n\t\t\t\t\t\t\t\t<\/div>\n\t\t\t\t<\/div>\n\t\t\t\t\t<\/div>\n\t\t\t\t<\/div>\n\t\t\t\t<\/div>","protected":false},"excerpt":{"rendered":"<p>IMPRESSIONNISMES INFORMATIONS TECHNIQUES Support\u00a0: R\u00e9alisable sur papier peint ou directement peint sur le mur. Technique\u00a0: D\u00e9cor exclusivement peint \u00e0 la [&hellip;]<\/p>","protected":false},"author":1,"featured_media":1772,"parent":0,"menu_order":0,"comment_status":"closed","ping_status":"closed","template":"","meta":{"site-sidebar-layout":"no-sidebar","site-content-layout":"","ast-site-content-layout":"full-width-container","site-content-style":"default","site-sidebar-style":"default","ast-global-header-display":"","ast-banner-title-visibility":"","ast-main-header-display":"","ast-hfb-above-header-display":"","ast-hfb-below-header-display":"","ast-hfb-mobile-header-display":"","site-post-title":"disabled","ast-breadcrumbs-content":"","ast-featured-img":"disabled","footer-sml-layout":"","theme-transparent-header-meta":"","adv-header-id-meta":"","stick-header-meta":"","header-above-stick-meta":"","header-main-stick-meta":"","header-below-stick-meta":"","astra-migrate-meta-layouts":"default","ast-page-background-enabled":"default","ast-page-background-meta":{"desktop":{"background-color":"var(--ast-global-color-4)","background-image":"","background-repeat":"repeat","background-position":"center center","background-size":"auto","background-attachment":"scroll","background-type":"","background-media":"","overlay-type":"","overlay-color":"","overlay-opacity":"","overlay-gradient":""},"tablet":{"background-color":"","background-image":"","background-repeat":"repeat","background-position":"center center","background-size":"auto","background-attachment":"scroll","background-type":"","background-media":"","overlay-type":"","overlay-color":"","overlay-opacity":"","overlay-gradient":""},"mobile":{"background-color":"","background-image":"","background-repeat":"repeat","background-position":"center center","background-size":"auto","background-attachment":"scroll","background-type":"","background-media":"","overlay-type":"","overlay-color":"","overlay-opacity":"","overlay-gradient":""}},"ast-content-background-meta":{"desktop":{"background-color":"var(--ast-global-color-5)","background-image":"","background-repeat":"repeat","background-position":"center center","background-size":"auto","background-attachment":"scroll","background-type":"","background-media":"","overlay-type":"","overlay-color":"","overlay-opacity":"","overlay-gradient":""},"tablet":{"background-color":"var(--ast-global-color-5)","background-image":"","background-repeat":"repeat","background-position":"center center","background-size":"auto","background-attachment":"scroll","background-type":"","background-media":"","overlay-type":"","overlay-color":"","overlay-opacity":"","overlay-gradient":""},"mobile":{"background-color":"var(--ast-global-color-5)","background-image":"","background-repeat":"repeat","background-position":"center center","background-size":"auto","background-attachment":"scroll","background-type":"","background-media":"","overlay-type":"","overlay-color":"","overlay-opacity":"","overlay-gradient":""}},"footnotes":""},"class_list":["post-1782","page","type-page","status-publish","has-post-thumbnail","hentry"],"yoast_head":"<!-- This site is optimized with the Yoast SEO plugin v26.6 - https:\/\/yoast.com\/wordpress\/plugins\/seo\/ -->\n<title>Impressionnismes - Maison Morelli<\/title>\n<meta name=\"robots\" content=\"index, follow, max-snippet:-1, max-image-preview:large, max-video-preview:-1\" \/>\n<link rel=\"canonical\" href=\"https:\/\/maisonmorelli.com\/en\/impressionnismes\/\" \/>\n<meta property=\"og:locale\" content=\"en_GB\" \/>\n<meta property=\"og:type\" content=\"article\" \/>\n<meta property=\"og:title\" content=\"Impressionnismes - Maison Morelli\" \/>\n<meta property=\"og:description\" content=\"IMPRESSIONNISMES INFORMATIONS TECHNIQUES Support\u00a0: R\u00e9alisable sur papier peint ou directement peint sur le mur. Technique\u00a0: D\u00e9cor exclusivement peint \u00e0 la [&hellip;]\" \/>\n<meta property=\"og:url\" content=\"https:\/\/maisonmorelli.com\/en\/impressionnismes\/\" \/>\n<meta property=\"og:site_name\" content=\"Maison Morelli\" \/>\n<meta property=\"article:publisher\" content=\"https:\/\/www.facebook.com\/ileniamorelli.decorazione\" \/>\n<meta property=\"article:modified_time\" content=\"2026-01-12T10:26:27+00:00\" \/>\n<meta property=\"og:image\" content=\"https:\/\/maisonmorelli.com\/wp-content\/uploads\/2026\/01\/revetement-mural-artistique-sur-mesure.webp\" \/>\n\t<meta property=\"og:image:width\" content=\"1000\" \/>\n\t<meta property=\"og:image:height\" content=\"1500\" \/>\n\t<meta property=\"og:image:type\" content=\"image\/webp\" \/>\n<meta name=\"twitter:card\" content=\"summary_large_image\" \/>\n<script type=\"application\/ld+json\" class=\"yoast-schema-graph\">{\"@context\":\"https:\/\/schema.org\",\"@graph\":[{\"@type\":\"WebPage\",\"@id\":\"https:\/\/maisonmorelli.com\/impressionnismes\/\",\"url\":\"https:\/\/maisonmorelli.com\/impressionnismes\/\",\"name\":\"Impressionnismes - Maison Morelli\",\"isPartOf\":{\"@id\":\"https:\/\/maisonmorelli.com\/#website\"},\"primaryImageOfPage\":{\"@id\":\"https:\/\/maisonmorelli.com\/impressionnismes\/#primaryimage\"},\"image\":{\"@id\":\"https:\/\/maisonmorelli.com\/impressionnismes\/#primaryimage\"},\"thumbnailUrl\":\"https:\/\/maisonmorelli.com\/wp-content\/uploads\/2026\/01\/revetement-mural-artistique-sur-mesure.webp\",\"datePublished\":\"2026-01-02T18:16:18+00:00\",\"dateModified\":\"2026-01-12T10:26:27+00:00\",\"breadcrumb\":{\"@id\":\"https:\/\/maisonmorelli.com\/impressionnismes\/#breadcrumb\"},\"inLanguage\":\"en-GB\",\"potentialAction\":[{\"@type\":\"ReadAction\",\"target\":[\"https:\/\/maisonmorelli.com\/impressionnismes\/\"]}]},{\"@type\":\"ImageObject\",\"inLanguage\":\"en-GB\",\"@id\":\"https:\/\/maisonmorelli.com\/impressionnismes\/#primaryimage\",\"url\":\"https:\/\/maisonmorelli.com\/wp-content\/uploads\/2026\/01\/revetement-mural-artistique-sur-mesure.webp\",\"contentUrl\":\"https:\/\/maisonmorelli.com\/wp-content\/uploads\/2026\/01\/revetement-mural-artistique-sur-mesure.webp\",\"width\":1000,\"height\":1500},{\"@type\":\"BreadcrumbList\",\"@id\":\"https:\/\/maisonmorelli.com\/impressionnismes\/#breadcrumb\",\"itemListElement\":[{\"@type\":\"ListItem\",\"position\":1,\"name\":\"Accueil\",\"item\":\"https:\/\/maisonmorelli.com\/\"},{\"@type\":\"ListItem\",\"position\":2,\"name\":\"Impressionnismes\"}]},{\"@type\":\"WebSite\",\"@id\":\"https:\/\/maisonmorelli.com\/#website\",\"url\":\"https:\/\/maisonmorelli.com\/\",\"name\":\"IM Decorations\",\"description\":\"D\u00e9corations peints \u00e0 la main\",\"publisher\":{\"@id\":\"https:\/\/maisonmorelli.com\/#organization\"},\"potentialAction\":[{\"@type\":\"SearchAction\",\"target\":{\"@type\":\"EntryPoint\",\"urlTemplate\":\"https:\/\/maisonmorelli.com\/?s={search_term_string}\"},\"query-input\":{\"@type\":\"PropertyValueSpecification\",\"valueRequired\":true,\"valueName\":\"search_term_string\"}}],\"inLanguage\":\"en-GB\"},{\"@type\":\"Organization\",\"@id\":\"https:\/\/maisonmorelli.com\/#organization\",\"name\":\"IM Decorations\",\"url\":\"https:\/\/maisonmorelli.com\/\",\"logo\":{\"@type\":\"ImageObject\",\"inLanguage\":\"en-GB\",\"@id\":\"https:\/\/maisonmorelli.com\/#\/schema\/logo\/image\/\",\"url\":\"https:\/\/maisonmorelli.com\/wp-content\/uploads\/2025\/12\/Maison-Morelli-Peinture-decorative-Logo-scaled.png\",\"contentUrl\":\"https:\/\/maisonmorelli.com\/wp-content\/uploads\/2025\/12\/Maison-Morelli-Peinture-decorative-Logo-scaled.png\",\"width\":2560,\"height\":410,\"caption\":\"IM Decorations\"},\"image\":{\"@id\":\"https:\/\/maisonmorelli.com\/#\/schema\/logo\/image\/\"},\"sameAs\":[\"https:\/\/www.facebook.com\/ileniamorelli.decorazione\",\"https:\/\/www.instagram.com\/imdecorations?utm_source=ig_web_button_share_sheet&igsh=ZDNlZDc0MzIxNw==\"]}]}<\/script>\n<!-- \/ Yoast SEO plugin. -->","yoast_head_json":{"title":"Impressionnismes - Maison Morelli","robots":{"index":"index","follow":"follow","max-snippet":"max-snippet:-1","max-image-preview":"max-image-preview:large","max-video-preview":"max-video-preview:-1"},"canonical":"https:\/\/maisonmorelli.com\/en\/impressionnismes\/","og_locale":"en_GB","og_type":"article","og_title":"Impressionnismes - Maison Morelli","og_description":"IMPRESSIONNISMES INFORMATIONS TECHNIQUES Support\u00a0: R\u00e9alisable sur papier peint ou directement peint sur le mur. Technique\u00a0: D\u00e9cor exclusivement peint \u00e0 la [&hellip;]","og_url":"https:\/\/maisonmorelli.com\/en\/impressionnismes\/","og_site_name":"Maison Morelli","article_publisher":"https:\/\/www.facebook.com\/ileniamorelli.decorazione","article_modified_time":"2026-01-12T10:26:27+00:00","og_image":[{"width":1000,"height":1500,"url":"https:\/\/maisonmorelli.com\/wp-content\/uploads\/2026\/01\/revetement-mural-artistique-sur-mesure.webp","type":"image\/webp"}],"twitter_card":"summary_large_image","schema":{"@context":"https:\/\/schema.org","@graph":[{"@type":"WebPage","@id":"https:\/\/maisonmorelli.com\/impressionnismes\/","url":"https:\/\/maisonmorelli.com\/impressionnismes\/","name":"Impressionnismes - Maison Morelli","isPartOf":{"@id":"https:\/\/maisonmorelli.com\/#website"},"primaryImageOfPage":{"@id":"https:\/\/maisonmorelli.com\/impressionnismes\/#primaryimage"},"image":{"@id":"https:\/\/maisonmorelli.com\/impressionnismes\/#primaryimage"},"thumbnailUrl":"https:\/\/maisonmorelli.com\/wp-content\/uploads\/2026\/01\/revetement-mural-artistique-sur-mesure.webp","datePublished":"2026-01-02T18:16:18+00:00","dateModified":"2026-01-12T10:26:27+00:00","breadcrumb":{"@id":"https:\/\/maisonmorelli.com\/impressionnismes\/#breadcrumb"},"inLanguage":"en-GB","potentialAction":[{"@type":"ReadAction","target":["https:\/\/maisonmorelli.com\/impressionnismes\/"]}]},{"@type":"ImageObject","inLanguage":"en-GB","@id":"https:\/\/maisonmorelli.com\/impressionnismes\/#primaryimage","url":"https:\/\/maisonmorelli.com\/wp-content\/uploads\/2026\/01\/revetement-mural-artistique-sur-mesure.webp","contentUrl":"https:\/\/maisonmorelli.com\/wp-content\/uploads\/2026\/01\/revetement-mural-artistique-sur-mesure.webp","width":1000,"height":1500},{"@type":"BreadcrumbList","@id":"https:\/\/maisonmorelli.com\/impressionnismes\/#breadcrumb","itemListElement":[{"@type":"ListItem","position":1,"name":"Accueil","item":"https:\/\/maisonmorelli.com\/"},{"@type":"ListItem","position":2,"name":"Impressionnismes"}]},{"@type":"WebSite","@id":"https:\/\/maisonmorelli.com\/#website","url":"https:\/\/maisonmorelli.com\/","name":"IM Decorations","description":"D\u00e9corations peints \u00e0 la main","publisher":{"@id":"https:\/\/maisonmorelli.com\/#organization"},"potentialAction":[{"@type":"SearchAction","target":{"@type":"EntryPoint","urlTemplate":"https:\/\/maisonmorelli.com\/?s={search_term_string}"},"query-input":{"@type":"PropertyValueSpecification","valueRequired":true,"valueName":"search_term_string"}}],"inLanguage":"en-GB"},{"@type":"Organization","@id":"https:\/\/maisonmorelli.com\/#organization","name":"IM Decorations","url":"https:\/\/maisonmorelli.com\/","logo":{"@type":"ImageObject","inLanguage":"en-GB","@id":"https:\/\/maisonmorelli.com\/#\/schema\/logo\/image\/","url":"https:\/\/maisonmorelli.com\/wp-content\/uploads\/2025\/12\/Maison-Morelli-Peinture-decorative-Logo-scaled.png","contentUrl":"https:\/\/maisonmorelli.com\/wp-content\/uploads\/2025\/12\/Maison-Morelli-Peinture-decorative-Logo-scaled.png","width":2560,"height":410,"caption":"IM Decorations"},"image":{"@id":"https:\/\/maisonmorelli.com\/#\/schema\/logo\/image\/"},"sameAs":["https:\/\/www.facebook.com\/ileniamorelli.decorazione","https:\/\/www.instagram.com\/imdecorations?utm_source=ig_web_button_share_sheet&igsh=ZDNlZDc0MzIxNw=="]}]}},"_links":{"self":[{"href":"https:\/\/maisonmorelli.com\/en\/wp-json\/wp\/v2\/pages\/1782","targetHints":{"allow":["GET"]}}],"collection":[{"href":"https:\/\/maisonmorelli.com\/en\/wp-json\/wp\/v2\/pages"}],"about":[{"href":"https:\/\/maisonmorelli.com\/en\/wp-json\/wp\/v2\/types\/page"}],"author":[{"embeddable":true,"href":"https:\/\/maisonmorelli.com\/en\/wp-json\/wp\/v2\/users\/1"}],"replies":[{"embeddable":true,"href":"https:\/\/maisonmorelli.com\/en\/wp-json\/wp\/v2\/comments?post=1782"}],"version-history":[{"count":28,"href":"https:\/\/maisonmorelli.com\/en\/wp-json\/wp\/v2\/pages\/1782\/revisions"}],"predecessor-version":[{"id":2512,"href":"https:\/\/maisonmorelli.com\/en\/wp-json\/wp\/v2\/pages\/1782\/revisions\/2512"}],"wp:featuredmedia":[{"embeddable":true,"href":"https:\/\/maisonmorelli.com\/en\/wp-json\/wp\/v2\/media\/1772"}],"wp:attachment":[{"href":"https:\/\/maisonmorelli.com\/en\/wp-json\/wp\/v2\/media?parent=1782"}],"curies":[{"name":"wp","href":"https:\/\/api.w.org\/{rel}","templated":true}]}}