{"id":1809,"date":"2026-01-02T18:26:37","date_gmt":"2026-01-02T18:26:37","guid":{"rendered":"https:\/\/maisonmorelli.com\/?page_id=1809"},"modified":"2026-02-12T15:24:57","modified_gmt":"2026-02-12T15:24:57","slug":"ame-du-bassin","status":"publish","type":"page","link":"https:\/\/maisonmorelli.com\/en\/ame-du-bassin\/","title":{"rendered":"\u00c2me du bassin"},"content":{"rendered":"<div data-elementor-type=\"wp-page\" data-elementor-id=\"1809\" class=\"elementor elementor-1809\">\n\t\t\t\t<div class=\"elementor-element elementor-element-75a3f7b e-con-full e-flex e-con e-child\" data-id=\"75a3f7b\" data-element_type=\"container\">\n\t\t\t\t<div class=\"elementor-element elementor-element-0e143b2 elementor-widget elementor-widget-heading\" data-id=\"0e143b2\" data-element_type=\"widget\" data-widget_type=\"heading.default\">\n\t\t\t\t\t<h1 class=\"elementor-heading-title elementor-size-default\">\u00c2ME DU BASSIN<\/h1>\t\t\t\t<\/div>\n\t\t\t\t<div class=\"elementor-element elementor-element-7f5c919 elementor-widget-divider--view-line elementor-widget elementor-widget-divider\" data-id=\"7f5c919\" data-element_type=\"widget\" data-widget_type=\"divider.default\">\n\t\t\t\t\t\t\t<div class=\"elementor-divider\">\n\t\t\t<span class=\"elementor-divider-separator\">\n\t\t\t\t\t\t<\/span>\n\t\t<\/div>\n\t\t\t\t\t\t<\/div>\n\t\t\t\t<\/div>\n\t\t<div class=\"elementor-element elementor-element-5193db5 e-flex e-con-boxed e-con e-parent\" data-id=\"5193db5\" data-element_type=\"container\">\n\t\t\t\t\t<div class=\"e-con-inner\">\n\t\t<div class=\"elementor-element elementor-element-b2e3cb6 e-con-full e-flex e-con e-child\" data-id=\"b2e3cb6\" data-element_type=\"container\">\n\t\t\t\t<div class=\"elementor-element elementor-element-955a9c5 elementor-widget__width-initial elementor-widget elementor-widget-image\" data-id=\"955a9c5\" data-element_type=\"widget\" data-widget_type=\"image.default\">\n\t\t\t\t\t\t\t\t\t\t\t\t\t\t\t<img fetchpriority=\"high\" decoding=\"async\" width=\"682\" height=\"1024\" src=\"https:\/\/maisonmorelli.com\/wp-content\/uploads\/2026\/02\/papier-peint-bassin-d-arcachon-682x1024.webp\" class=\"attachment-large size-large wp-image-2801\" alt=\"\" srcset=\"https:\/\/maisonmorelli.com\/wp-content\/uploads\/2026\/02\/papier-peint-bassin-d-arcachon-682x1024.webp 682w, https:\/\/maisonmorelli.com\/wp-content\/uploads\/2026\/02\/papier-peint-bassin-d-arcachon-200x300.webp 200w, https:\/\/maisonmorelli.com\/wp-content\/uploads\/2026\/02\/papier-peint-bassin-d-arcachon-8x12.webp 8w, https:\/\/maisonmorelli.com\/wp-content\/uploads\/2026\/02\/papier-peint-bassin-d-arcachon-320x481.webp 320w, https:\/\/maisonmorelli.com\/wp-content\/uploads\/2026\/02\/papier-peint-bassin-d-arcachon-480x721.webp 480w, https:\/\/maisonmorelli.com\/wp-content\/uploads\/2026\/02\/papier-peint-bassin-d-arcachon.webp 735w\" sizes=\"(max-width: 682px) 100vw, 682px\" \/>\t\t\t\t\t\t\t\t\t\t\t\t\t\t\t<\/div>\n\t\t\t\t<div class=\"elementor-element elementor-element-1515b5c elementor-widget elementor-widget-text-editor\" data-id=\"1515b5c\" data-element_type=\"widget\" data-widget_type=\"text-editor.default\">\n\t\t\t\t\t\t\t\t\t<p>Rendering of the decoration\u00a0<a href=\"https:\/\/maisonmorelli.com\/en\/ame-du-bassin\/\">\u00c2me du bassin<\/a>\u00a0monochrome.<\/p>\t\t\t\t\t\t\t\t<\/div>\n\t\t\t\t<\/div>\n\t\t<div class=\"elementor-element elementor-element-d90c4b7 e-con-full e-flex e-con e-child\" data-id=\"d90c4b7\" data-element_type=\"container\" data-settings=\"{&quot;animation&quot;:&quot;none&quot;}\">\n\t\t\t\t<div class=\"elementor-element elementor-element-660f104 elementor-widget elementor-widget-video\" data-id=\"660f104\" data-element_type=\"widget\" data-settings=\"{&quot;video_type&quot;:&quot;hosted&quot;,&quot;_animation&quot;:&quot;none&quot;,&quot;autoplay&quot;:&quot;yes&quot;,&quot;play_on_mobile&quot;:&quot;yes&quot;,&quot;mute&quot;:&quot;yes&quot;,&quot;loop&quot;:&quot;yes&quot;,&quot;controls&quot;:&quot;yes&quot;}\" data-widget_type=\"video.default\">\n\t\t\t\t\t\t\t<div class=\"e-hosted-video elementor-wrapper elementor-open-inline\">\n\t\t\t\t\t<video class=\"elementor-video\" src=\"https:\/\/maisonmorelli.com\/wp-content\/uploads\/2026\/02\/fresque-murale-arcachon.mov\" autoplay=\"\" loop=\"\" controls=\"\" muted=\"muted\" playsinline=\"\" controlslist=\"nodownload\"><\/video>\n\t\t\t\t<\/div>\n\t\t\t\t\t\t<\/div>\n\t\t\t\t<div class=\"elementor-element elementor-element-de3e69c elementor-widget elementor-widget-text-editor\" data-id=\"de3e69c\" data-element_type=\"widget\" data-widget_type=\"text-editor.default\">\n\t\t\t\t\t\t\t\t\t<p>Video showing the making of the decoration\u00a0<a href=\"https:\/\/maisonmorelli.com\/en\/ame-du-bassin\/\">\u00c2me du bassin<\/a>\u00a0monochrome.<\/p>\t\t\t\t\t\t\t\t<\/div>\n\t\t\t\t<\/div>\n\t\t<div class=\"elementor-element elementor-element-b17e6c6 e-con-full e-flex e-con e-child\" data-id=\"b17e6c6\" data-element_type=\"container\">\n\t\t\t\t<div class=\"elementor-element elementor-element-da18a0a elementor-widget elementor-widget-image\" data-id=\"da18a0a\" data-element_type=\"widget\" data-widget_type=\"image.default\">\n\t\t\t\t\t\t\t\t\t\t\t\t\t\t\t<img decoding=\"async\" width=\"1024\" height=\"415\" src=\"https:\/\/maisonmorelli.com\/wp-content\/uploads\/2026\/01\/papier-peint-artisanal-bordeaux-1024x415.webp\" class=\"attachment-large size-large wp-image-1776\" alt=\"Papiers peints \u00e0 la main inspir\u00e9s de la nature du Bassin d\u2019Arcachon\" srcset=\"https:\/\/maisonmorelli.com\/wp-content\/uploads\/2026\/01\/papier-peint-artisanal-bordeaux-1024x415.webp 1024w, https:\/\/maisonmorelli.com\/wp-content\/uploads\/2026\/01\/papier-peint-artisanal-bordeaux-300x122.webp 300w, https:\/\/maisonmorelli.com\/wp-content\/uploads\/2026\/01\/papier-peint-artisanal-bordeaux-768x311.webp 768w, https:\/\/maisonmorelli.com\/wp-content\/uploads\/2026\/01\/papier-peint-artisanal-bordeaux-18x7.webp 18w, https:\/\/maisonmorelli.com\/wp-content\/uploads\/2026\/01\/papier-peint-artisanal-bordeaux-320x130.webp 320w, https:\/\/maisonmorelli.com\/wp-content\/uploads\/2026\/01\/papier-peint-artisanal-bordeaux-480x194.webp 480w, https:\/\/maisonmorelli.com\/wp-content\/uploads\/2026\/01\/papier-peint-artisanal-bordeaux-800x324.webp 800w, https:\/\/maisonmorelli.com\/wp-content\/uploads\/2026\/01\/papier-peint-artisanal-bordeaux.webp 1200w\" sizes=\"(max-width: 1024px) 100vw, 1024px\" \/>\t\t\t\t\t\t\t\t\t\t\t\t\t\t\t<\/div>\n\t\t\t\t<div class=\"elementor-element elementor-element-eb37162 elementor-widget elementor-widget-text-editor\" data-id=\"eb37162\" data-element_type=\"widget\" data-widget_type=\"text-editor.default\">\n\t\t\t\t\t\t\t\t\t<p>Longitudinal sketch of the decoration <a href=\"https:\/\/maisonmorelli.com\/en\/ame-du-bassin\/\">\u00c2me du bassin<\/a>\u00a0monochrome.<\/p>\t\t\t\t\t\t\t\t<\/div>\n\t\t\t\t<\/div>\n\t\t\t\t\t<\/div>\n\t\t\t\t<\/div>\n\t\t<div class=\"elementor-element elementor-element-cb845d5 e-flex e-con-boxed e-con e-parent\" data-id=\"cb845d5\" data-element_type=\"container\">\n\t\t\t\t\t<div class=\"e-con-inner\">\n\t\t<div class=\"elementor-element elementor-element-69df566 e-con-full e-flex e-con e-child\" data-id=\"69df566\" data-element_type=\"container\">\n\t\t\t\t<div class=\"elementor-element elementor-element-315392b elementor-widget elementor-widget-image\" data-id=\"315392b\" data-element_type=\"widget\" data-widget_type=\"image.default\">\n\t\t\t\t\t\t\t\t\t\t\t\t\t\t\t<img decoding=\"async\" width=\"732\" height=\"1024\" src=\"https:\/\/maisonmorelli.com\/wp-content\/uploads\/2026\/01\/peinture-sur-mesure-salon-732x1024.webp\" class=\"attachment-large size-large wp-image-1775\" alt=\"Papier peint \u00e0 la main ou fresque murale de la collection \u00c2me du Bassin, pour salon, restaurant ou h\u00f4tel\" srcset=\"https:\/\/maisonmorelli.com\/wp-content\/uploads\/2026\/01\/peinture-sur-mesure-salon-732x1024.webp 732w, https:\/\/maisonmorelli.com\/wp-content\/uploads\/2026\/01\/peinture-sur-mesure-salon-215x300.webp 215w, https:\/\/maisonmorelli.com\/wp-content\/uploads\/2026\/01\/peinture-sur-mesure-salon-768x1074.webp 768w, https:\/\/maisonmorelli.com\/wp-content\/uploads\/2026\/01\/peinture-sur-mesure-salon-9x12.webp 9w, https:\/\/maisonmorelli.com\/wp-content\/uploads\/2026\/01\/peinture-sur-mesure-salon-320x447.webp 320w, https:\/\/maisonmorelli.com\/wp-content\/uploads\/2026\/01\/peinture-sur-mesure-salon-480x671.webp 480w, https:\/\/maisonmorelli.com\/wp-content\/uploads\/2026\/01\/peinture-sur-mesure-salon-800x1118.webp 800w, https:\/\/maisonmorelli.com\/wp-content\/uploads\/2026\/01\/peinture-sur-mesure-salon.webp 1000w\" sizes=\"(max-width: 732px) 100vw, 732px\" \/>\t\t\t\t\t\t\t\t\t\t\t\t\t\t\t<\/div>\n\t\t\t\t<div class=\"elementor-element elementor-element-1146eef elementor-widget elementor-widget-text-editor\" data-id=\"1146eef\" data-element_type=\"widget\" data-widget_type=\"text-editor.default\">\n\t\t\t\t\t\t\t\t\t<p>Rendering of the decoration <a href=\"https:\/\/maisonmorelli.com\/en\/ame-du-bassin\/\">\u00c2me du bassin<\/a>\u00a0monochrome.<\/p>\t\t\t\t\t\t\t\t<\/div>\n\t\t\t\t<\/div>\n\t\t<div class=\"elementor-element elementor-element-dce5185 e-con-full e-flex e-con e-child\" data-id=\"dce5185\" data-element_type=\"container\">\n\t\t\t\t<div class=\"elementor-element elementor-element-abf6b3d elementor-widget elementor-widget-heading\" data-id=\"abf6b3d\" data-element_type=\"widget\" data-widget_type=\"heading.default\">\n\t\t\t\t\t<h2 class=\"elementor-heading-title elementor-size-default\">TECHNICAL INFORMATIONS<\/h2>\t\t\t\t<\/div>\n\t\t\t\t<div class=\"elementor-element elementor-element-ab209b9 elementor-widget-divider--view-line elementor-widget elementor-widget-divider\" data-id=\"ab209b9\" data-element_type=\"widget\" data-widget_type=\"divider.default\">\n\t\t\t\t\t\t\t<div class=\"elementor-divider\">\n\t\t\t<span class=\"elementor-divider-separator\">\n\t\t\t\t\t\t<\/span>\n\t\t<\/div>\n\t\t\t\t\t\t<\/div>\n\t\t\t\t<div class=\"elementor-element elementor-element-e0a0cb4 elementor-widget elementor-widget-text-editor\" data-id=\"e0a0cb4\" data-element_type=\"widget\" data-widget_type=\"text-editor.default\">\n\t\t\t\t\t\t\t\t\t<p data-start=\"329\" data-end=\"577\"><strong>Supports :<\/strong> The decoration can be realized as <span style=\"text-decoration: underline;\"><em>hand-painted wallpaper<\/em><\/span> or directly on the walls, as a <em><span style=\"text-decoration: underline;\">mural<\/span><\/em>. Each creation is adapted to the space and its architecture. In this way, both private and professional spaces gain character and identity.<\/p><p data-start=\"606\" data-end=\"881\"><strong>Handcrafted technique :<\/strong> Each set is entirely hand-painted, following an artisanal know-how. This approach ensures unique creations, with gestures and shades that bring depth and authenticity. <span style=\"text-decoration: underline;\">No industrial process is involved in the process.<\/span><\/p><p data-start=\"911\" data-end=\"1467\"><strong>Inspirations<\/strong> : The decorative universe draws its inspiration from the Arcachon Bay and its natural surroundings. The dunes, marram grass, maritime pines, and the iconic \u201ccabanes tchanqu\u00e9es\u201d are its main elements. Added to these are the traditional fishing boats, oyster farms, and sandbanks. Local wildlife also plays a central role: egrets, herons, terns, and oystercatchers can bring the compositions to life.<\/p><p data-start=\"1495\" data-end=\"1731\"><strong>Color palette :<\/strong> The color range is fully customizable. The set can be adapted to the client\u2019s preferences, remaining soft and natural or becoming more contrasting and contemporary.<\/p><p data-start=\"1758\" data-end=\"1959\"><strong>Pattern scale :<\/strong> Patterns come in various scales, allowing them to be subtle or more enveloping, depending on the intended effect. This versatility helps define the space and highlight its volumes.<\/p><p data-start=\"1990\" data-end=\"2234\"><strong>Design :<\/strong>\u00a0 Each composition is fully customizable, tailored to the space and the client\u2019s vision. Elements such as flowers, wildlife, or traditional boats can be added or not, creating a set that tells a unique and personalized story.<\/p>\t\t\t\t\t\t\t\t<\/div>\n\t\t\t\t<div class=\"elementor-element elementor-element-4343e6c elementor-widget elementor-widget-button\" data-id=\"4343e6c\" data-element_type=\"widget\" data-widget_type=\"button.default\">\n\t\t\t\t\t\t\t\t\t\t<a class=\"elementor-button elementor-button-link elementor-size-sm elementor-animation-grow\" href=\"mailto:info@maisonmorelli.com?subject=Demande%20de%20devis%20-%20\u00c2me%20du%20Bassin\">\n\t\t\t\t\t\t<span class=\"elementor-button-content-wrapper\">\n\t\t\t\t\t\t\t\t\t<span class=\"elementor-button-text\">GET A QUOTE<\/span>\n\t\t\t\t\t<\/span>\n\t\t\t\t\t<\/a>\n\t\t\t\t\t\t\t\t<\/div>\n\t\t\t\t<\/div>\n\t\t\t\t\t<\/div>\n\t\t\t\t<\/div>\n\t\t\t\t<\/div>","protected":false},"excerpt":{"rendered":"<p>\u00c2ME DU BASSIN Simulation visuelle du d\u00e9cor\u00a0\u00c2me du bassin\u00a0monocrome. https:\/\/maisonmorelli.com\/wp-content\/uploads\/2026\/02\/fresque-murale-arcachon.mov Video r\u00e9alisation du d\u00e9cor\u00a0\u00c2me du bassin\u00a0monocrome. Croquis en longueur du [&hellip;]<\/p>","protected":false},"author":1,"featured_media":1777,"parent":0,"menu_order":0,"comment_status":"closed","ping_status":"closed","template":"","meta":{"site-sidebar-layout":"no-sidebar","site-content-layout":"","ast-site-content-layout":"full-width-container","site-content-style":"default","site-sidebar-style":"default","ast-global-header-display":"","ast-banner-title-visibility":"","ast-main-header-display":"","ast-hfb-above-header-display":"","ast-hfb-below-header-display":"","ast-hfb-mobile-header-display":"","site-post-title":"disabled","ast-breadcrumbs-content":"","ast-featured-img":"disabled","footer-sml-layout":"","theme-transparent-header-meta":"","adv-header-id-meta":"","stick-header-meta":"","header-above-stick-meta":"","header-main-stick-meta":"","header-below-stick-meta":"","astra-migrate-meta-layouts":"default","ast-page-background-enabled":"default","ast-page-background-meta":{"desktop":{"background-color":"var(--ast-global-color-4)","background-image":"","background-repeat":"repeat","background-position":"center center","background-size":"auto","background-attachment":"scroll","background-type":"","background-media":"","overlay-type":"","overlay-color":"","overlay-opacity":"","overlay-gradient":""},"tablet":{"background-color":"","background-image":"","background-repeat":"repeat","background-position":"center center","background-size":"auto","background-attachment":"scroll","background-type":"","background-media":"","overlay-type":"","overlay-color":"","overlay-opacity":"","overlay-gradient":""},"mobile":{"background-color":"","background-image":"","background-repeat":"repeat","background-position":"center center","background-size":"auto","background-attachment":"scroll","background-type":"","background-media":"","overlay-type":"","overlay-color":"","overlay-opacity":"","overlay-gradient":""}},"ast-content-background-meta":{"desktop":{"background-color":"var(--ast-global-color-5)","background-image":"","background-repeat":"repeat","background-position":"center center","background-size":"auto","background-attachment":"scroll","background-type":"","background-media":"","overlay-type":"","overlay-color":"","overlay-opacity":"","overlay-gradient":""},"tablet":{"background-color":"var(--ast-global-color-5)","background-image":"","background-repeat":"repeat","background-position":"center center","background-size":"auto","background-attachment":"scroll","background-type":"","background-media":"","overlay-type":"","overlay-color":"","overlay-opacity":"","overlay-gradient":""},"mobile":{"background-color":"var(--ast-global-color-5)","background-image":"","background-repeat":"repeat","background-position":"center center","background-size":"auto","background-attachment":"scroll","background-type":"","background-media":"","overlay-type":"","overlay-color":"","overlay-opacity":"","overlay-gradient":""}},"footnotes":""},"class_list":["post-1809","page","type-page","status-publish","has-post-thumbnail","hentry"],"yoast_head":"<!-- This site is optimized with the Yoast SEO plugin v26.6 - https:\/\/yoast.com\/wordpress\/plugins\/seo\/ -->\n<title>\u00c2me du bassin - Maison Morelli<\/title>\n<meta name=\"description\" content=\"\u00c2me du Bassin : collection de papiers peints \u00e0 la main et fresques murales, inspir\u00e9s de la flore et de la faune du Bassin d\u2019Arcachon.\" \/>\n<meta name=\"robots\" content=\"index, follow, max-snippet:-1, max-image-preview:large, max-video-preview:-1\" \/>\n<link rel=\"canonical\" href=\"https:\/\/maisonmorelli.com\/en\/ame-du-bassin\/\" \/>\n<meta property=\"og:locale\" content=\"en_GB\" \/>\n<meta property=\"og:type\" content=\"article\" \/>\n<meta property=\"og:title\" content=\"\u00c2me du bassin - Maison Morelli\" \/>\n<meta property=\"og:description\" content=\"\u00c2me du Bassin : collection de papiers peints \u00e0 la main et fresques murales, inspir\u00e9s de la flore et de la faune du Bassin d\u2019Arcachon.\" \/>\n<meta property=\"og:url\" content=\"https:\/\/maisonmorelli.com\/en\/ame-du-bassin\/\" \/>\n<meta property=\"og:site_name\" content=\"Maison Morelli\" \/>\n<meta property=\"article:publisher\" content=\"https:\/\/www.facebook.com\/ileniamorelli.decorazione\" \/>\n<meta property=\"article:modified_time\" content=\"2026-02-12T15:24:57+00:00\" \/>\n<meta property=\"og:image\" content=\"https:\/\/maisonmorelli.com\/wp-content\/uploads\/2026\/01\/papier-peint-artisanal.webp\" \/>\n\t<meta property=\"og:image:width\" content=\"700\" \/>\n\t<meta property=\"og:image:height\" content=\"1400\" \/>\n\t<meta property=\"og:image:type\" content=\"image\/webp\" \/>\n<meta name=\"twitter:card\" content=\"summary_large_image\" \/>\n<meta name=\"twitter:label1\" content=\"Estimated reading time\" \/>\n\t<meta name=\"twitter:data1\" content=\"2 minutes\" \/>\n<script type=\"application\/ld+json\" class=\"yoast-schema-graph\">{\"@context\":\"https:\/\/schema.org\",\"@graph\":[{\"@type\":\"WebPage\",\"@id\":\"https:\/\/maisonmorelli.com\/ame-du-bassin\/\",\"url\":\"https:\/\/maisonmorelli.com\/ame-du-bassin\/\",\"name\":\"\u00c2me du bassin - Maison Morelli\",\"isPartOf\":{\"@id\":\"https:\/\/maisonmorelli.com\/#website\"},\"primaryImageOfPage\":{\"@id\":\"https:\/\/maisonmorelli.com\/ame-du-bassin\/#primaryimage\"},\"image\":{\"@id\":\"https:\/\/maisonmorelli.com\/ame-du-bassin\/#primaryimage\"},\"thumbnailUrl\":\"https:\/\/maisonmorelli.com\/wp-content\/uploads\/2026\/01\/papier-peint-artisanal.webp\",\"datePublished\":\"2026-01-02T18:26:37+00:00\",\"dateModified\":\"2026-02-12T15:24:57+00:00\",\"description\":\"\u00c2me du Bassin : collection de papiers peints \u00e0 la main et fresques murales, inspir\u00e9s de la flore et de la faune du Bassin d\u2019Arcachon.\",\"breadcrumb\":{\"@id\":\"https:\/\/maisonmorelli.com\/ame-du-bassin\/#breadcrumb\"},\"inLanguage\":\"en-GB\",\"potentialAction\":[{\"@type\":\"ReadAction\",\"target\":[\"https:\/\/maisonmorelli.com\/ame-du-bassin\/\"]}]},{\"@type\":\"ImageObject\",\"inLanguage\":\"en-GB\",\"@id\":\"https:\/\/maisonmorelli.com\/ame-du-bassin\/#primaryimage\",\"url\":\"https:\/\/maisonmorelli.com\/wp-content\/uploads\/2026\/01\/papier-peint-artisanal.webp\",\"contentUrl\":\"https:\/\/maisonmorelli.com\/wp-content\/uploads\/2026\/01\/papier-peint-artisanal.webp\",\"width\":700,\"height\":1400,\"caption\":\"D\u00e9cor mural de la collection \u00c2me du Bassin, inspir\u00e9 de la flore et de la faune du Bassin d\u2019Arcachon, en fresque ou papier peint \u00e0 la main\"},{\"@type\":\"BreadcrumbList\",\"@id\":\"https:\/\/maisonmorelli.com\/ame-du-bassin\/#breadcrumb\",\"itemListElement\":[{\"@type\":\"ListItem\",\"position\":1,\"name\":\"Accueil\",\"item\":\"https:\/\/maisonmorelli.com\/\"},{\"@type\":\"ListItem\",\"position\":2,\"name\":\"\u00c2me du bassin\"}]},{\"@type\":\"WebSite\",\"@id\":\"https:\/\/maisonmorelli.com\/#website\",\"url\":\"https:\/\/maisonmorelli.com\/\",\"name\":\"IM Decorations\",\"description\":\"D\u00e9corations peints \u00e0 la main\",\"publisher\":{\"@id\":\"https:\/\/maisonmorelli.com\/#organization\"},\"potentialAction\":[{\"@type\":\"SearchAction\",\"target\":{\"@type\":\"EntryPoint\",\"urlTemplate\":\"https:\/\/maisonmorelli.com\/?s={search_term_string}\"},\"query-input\":{\"@type\":\"PropertyValueSpecification\",\"valueRequired\":true,\"valueName\":\"search_term_string\"}}],\"inLanguage\":\"en-GB\"},{\"@type\":\"Organization\",\"@id\":\"https:\/\/maisonmorelli.com\/#organization\",\"name\":\"IM Decorations\",\"url\":\"https:\/\/maisonmorelli.com\/\",\"logo\":{\"@type\":\"ImageObject\",\"inLanguage\":\"en-GB\",\"@id\":\"https:\/\/maisonmorelli.com\/#\/schema\/logo\/image\/\",\"url\":\"https:\/\/maisonmorelli.com\/wp-content\/uploads\/2025\/12\/Maison-Morelli-Peinture-decorative-Logo-scaled.png\",\"contentUrl\":\"https:\/\/maisonmorelli.com\/wp-content\/uploads\/2025\/12\/Maison-Morelli-Peinture-decorative-Logo-scaled.png\",\"width\":2560,\"height\":410,\"caption\":\"IM Decorations\"},\"image\":{\"@id\":\"https:\/\/maisonmorelli.com\/#\/schema\/logo\/image\/\"},\"sameAs\":[\"https:\/\/www.facebook.com\/ileniamorelli.decorazione\",\"https:\/\/www.instagram.com\/imdecorations?utm_source=ig_web_button_share_sheet&igsh=ZDNlZDc0MzIxNw==\"]}]}<\/script>\n<!-- \/ Yoast SEO plugin. -->","yoast_head_json":{"title":"\u00c2me du bassin - Maison Morelli","description":"\u00c2me du Bassin : collection de papiers peints \u00e0 la main et fresques murales, inspir\u00e9s de la flore et de la faune du Bassin d\u2019Arcachon.","robots":{"index":"index","follow":"follow","max-snippet":"max-snippet:-1","max-image-preview":"max-image-preview:large","max-video-preview":"max-video-preview:-1"},"canonical":"https:\/\/maisonmorelli.com\/en\/ame-du-bassin\/","og_locale":"en_GB","og_type":"article","og_title":"\u00c2me du bassin - Maison Morelli","og_description":"\u00c2me du Bassin : collection de papiers peints \u00e0 la main et fresques murales, inspir\u00e9s de la flore et de la faune du Bassin d\u2019Arcachon.","og_url":"https:\/\/maisonmorelli.com\/en\/ame-du-bassin\/","og_site_name":"Maison Morelli","article_publisher":"https:\/\/www.facebook.com\/ileniamorelli.decorazione","article_modified_time":"2026-02-12T15:24:57+00:00","og_image":[{"width":700,"height":1400,"url":"https:\/\/maisonmorelli.com\/wp-content\/uploads\/2026\/01\/papier-peint-artisanal.webp","type":"image\/webp"}],"twitter_card":"summary_large_image","twitter_misc":{"Estimated reading time":"2 minutes"},"schema":{"@context":"https:\/\/schema.org","@graph":[{"@type":"WebPage","@id":"https:\/\/maisonmorelli.com\/ame-du-bassin\/","url":"https:\/\/maisonmorelli.com\/ame-du-bassin\/","name":"\u00c2me du bassin - Maison Morelli","isPartOf":{"@id":"https:\/\/maisonmorelli.com\/#website"},"primaryImageOfPage":{"@id":"https:\/\/maisonmorelli.com\/ame-du-bassin\/#primaryimage"},"image":{"@id":"https:\/\/maisonmorelli.com\/ame-du-bassin\/#primaryimage"},"thumbnailUrl":"https:\/\/maisonmorelli.com\/wp-content\/uploads\/2026\/01\/papier-peint-artisanal.webp","datePublished":"2026-01-02T18:26:37+00:00","dateModified":"2026-02-12T15:24:57+00:00","description":"\u00c2me du Bassin : collection de papiers peints \u00e0 la main et fresques murales, inspir\u00e9s de la flore et de la faune du Bassin d\u2019Arcachon.","breadcrumb":{"@id":"https:\/\/maisonmorelli.com\/ame-du-bassin\/#breadcrumb"},"inLanguage":"en-GB","potentialAction":[{"@type":"ReadAction","target":["https:\/\/maisonmorelli.com\/ame-du-bassin\/"]}]},{"@type":"ImageObject","inLanguage":"en-GB","@id":"https:\/\/maisonmorelli.com\/ame-du-bassin\/#primaryimage","url":"https:\/\/maisonmorelli.com\/wp-content\/uploads\/2026\/01\/papier-peint-artisanal.webp","contentUrl":"https:\/\/maisonmorelli.com\/wp-content\/uploads\/2026\/01\/papier-peint-artisanal.webp","width":700,"height":1400,"caption":"D\u00e9cor mural de la collection \u00c2me du Bassin, inspir\u00e9 de la flore et de la faune du Bassin d\u2019Arcachon, en fresque ou papier peint \u00e0 la main"},{"@type":"BreadcrumbList","@id":"https:\/\/maisonmorelli.com\/ame-du-bassin\/#breadcrumb","itemListElement":[{"@type":"ListItem","position":1,"name":"Accueil","item":"https:\/\/maisonmorelli.com\/"},{"@type":"ListItem","position":2,"name":"\u00c2me du bassin"}]},{"@type":"WebSite","@id":"https:\/\/maisonmorelli.com\/#website","url":"https:\/\/maisonmorelli.com\/","name":"IM Decorations","description":"D\u00e9corations peints \u00e0 la main","publisher":{"@id":"https:\/\/maisonmorelli.com\/#organization"},"potentialAction":[{"@type":"SearchAction","target":{"@type":"EntryPoint","urlTemplate":"https:\/\/maisonmorelli.com\/?s={search_term_string}"},"query-input":{"@type":"PropertyValueSpecification","valueRequired":true,"valueName":"search_term_string"}}],"inLanguage":"en-GB"},{"@type":"Organization","@id":"https:\/\/maisonmorelli.com\/#organization","name":"IM Decorations","url":"https:\/\/maisonmorelli.com\/","logo":{"@type":"ImageObject","inLanguage":"en-GB","@id":"https:\/\/maisonmorelli.com\/#\/schema\/logo\/image\/","url":"https:\/\/maisonmorelli.com\/wp-content\/uploads\/2025\/12\/Maison-Morelli-Peinture-decorative-Logo-scaled.png","contentUrl":"https:\/\/maisonmorelli.com\/wp-content\/uploads\/2025\/12\/Maison-Morelli-Peinture-decorative-Logo-scaled.png","width":2560,"height":410,"caption":"IM Decorations"},"image":{"@id":"https:\/\/maisonmorelli.com\/#\/schema\/logo\/image\/"},"sameAs":["https:\/\/www.facebook.com\/ileniamorelli.decorazione","https:\/\/www.instagram.com\/imdecorations?utm_source=ig_web_button_share_sheet&igsh=ZDNlZDc0MzIxNw=="]}]}},"_links":{"self":[{"href":"https:\/\/maisonmorelli.com\/en\/wp-json\/wp\/v2\/pages\/1809","targetHints":{"allow":["GET"]}}],"collection":[{"href":"https:\/\/maisonmorelli.com\/en\/wp-json\/wp\/v2\/pages"}],"about":[{"href":"https:\/\/maisonmorelli.com\/en\/wp-json\/wp\/v2\/types\/page"}],"author":[{"embeddable":true,"href":"https:\/\/maisonmorelli.com\/en\/wp-json\/wp\/v2\/users\/1"}],"replies":[{"embeddable":true,"href":"https:\/\/maisonmorelli.com\/en\/wp-json\/wp\/v2\/comments?post=1809"}],"version-history":[{"count":198,"href":"https:\/\/maisonmorelli.com\/en\/wp-json\/wp\/v2\/pages\/1809\/revisions"}],"predecessor-version":[{"id":2846,"href":"https:\/\/maisonmorelli.com\/en\/wp-json\/wp\/v2\/pages\/1809\/revisions\/2846"}],"wp:featuredmedia":[{"embeddable":true,"href":"https:\/\/maisonmorelli.com\/en\/wp-json\/wp\/v2\/media\/1777"}],"wp:attachment":[{"href":"https:\/\/maisonmorelli.com\/en\/wp-json\/wp\/v2\/media?parent=1809"}],"curies":[{"name":"wp","href":"https:\/\/api.w.org\/{rel}","templated":true}]}}