{"id":1865,"date":"2026-01-03T09:28:44","date_gmt":"2026-01-03T09:28:44","guid":{"rendered":"https:\/\/maisonmorelli.com\/?page_id=1865"},"modified":"2026-01-12T10:24:46","modified_gmt":"2026-01-12T10:24:46","slug":"desert-dream","status":"publish","type":"page","link":"https:\/\/maisonmorelli.com\/en\/desert-dream\/","title":{"rendered":"Desert dream"},"content":{"rendered":"<div data-elementor-type=\"wp-page\" data-elementor-id=\"1865\" class=\"elementor elementor-1865\">\n\t\t\t\t<div class=\"elementor-element elementor-element-d9515f5 e-con-full e-flex e-con e-child\" data-id=\"d9515f5\" data-element_type=\"container\">\n\t\t\t\t<div class=\"elementor-element elementor-element-c4da6f5 elementor-widget elementor-widget-heading\" data-id=\"c4da6f5\" data-element_type=\"widget\" data-widget_type=\"heading.default\">\n\t\t\t\t\t<h2 class=\"elementor-heading-title elementor-size-default\">DESERT DREAM<\/h2>\t\t\t\t<\/div>\n\t\t\t\t<div class=\"elementor-element elementor-element-0fa92c1 elementor-widget-divider--view-line elementor-widget elementor-widget-divider\" data-id=\"0fa92c1\" data-element_type=\"widget\" data-widget_type=\"divider.default\">\n\t\t\t\t\t\t\t<div class=\"elementor-divider\">\n\t\t\t<span class=\"elementor-divider-separator\">\n\t\t\t\t\t\t<\/span>\n\t\t<\/div>\n\t\t\t\t\t\t<\/div>\n\t\t\t\t<\/div>\n\t\t<div class=\"elementor-element elementor-element-bb5e91d e-flex e-con-boxed e-con e-parent\" data-id=\"bb5e91d\" data-element_type=\"container\">\n\t\t\t\t\t<div class=\"e-con-inner\">\n\t\t<div class=\"elementor-element elementor-element-ec3ddde e-con-full e-flex e-con e-child\" data-id=\"ec3ddde\" data-element_type=\"container\">\n\t\t\t\t<div class=\"elementor-element elementor-element-61479ef elementor-widget elementor-widget-image\" data-id=\"61479ef\" data-element_type=\"widget\" data-widget_type=\"image.default\">\n\t\t\t\t\t\t\t\t\t\t\t\t\t\t\t<img fetchpriority=\"high\" decoding=\"async\" width=\"1024\" height=\"748\" src=\"https:\/\/maisonmorelli.com\/wp-content\/uploads\/2026\/01\/revetement-mural-chambre-1024x748.webp\" class=\"attachment-large size-large wp-image-1774\" alt=\"Fresque murale peinte \u00e0 la main pour restaurant contemporain\" srcset=\"https:\/\/maisonmorelli.com\/wp-content\/uploads\/2026\/01\/revetement-mural-chambre-1024x748.webp 1024w, https:\/\/maisonmorelli.com\/wp-content\/uploads\/2026\/01\/revetement-mural-chambre-300x219.webp 300w, https:\/\/maisonmorelli.com\/wp-content\/uploads\/2026\/01\/revetement-mural-chambre-768x561.webp 768w, https:\/\/maisonmorelli.com\/wp-content\/uploads\/2026\/01\/revetement-mural-chambre-16x12.webp 16w, https:\/\/maisonmorelli.com\/wp-content\/uploads\/2026\/01\/revetement-mural-chambre-320x234.webp 320w, https:\/\/maisonmorelli.com\/wp-content\/uploads\/2026\/01\/revetement-mural-chambre-480x351.webp 480w, https:\/\/maisonmorelli.com\/wp-content\/uploads\/2026\/01\/revetement-mural-chambre-800x585.webp 800w, https:\/\/maisonmorelli.com\/wp-content\/uploads\/2026\/01\/revetement-mural-chambre.webp 1520w\" sizes=\"(max-width: 1024px) 100vw, 1024px\" \/>\t\t\t\t\t\t\t\t\t\t\t\t\t\t\t<\/div>\n\t\t\t\t<\/div>\n\t\t<div class=\"elementor-element elementor-element-3f4f173 e-con-full e-flex e-con e-child\" data-id=\"3f4f173\" data-element_type=\"container\">\n\t\t\t\t<div class=\"elementor-element elementor-element-5d97fcf elementor-widget elementor-widget-image\" data-id=\"5d97fcf\" data-element_type=\"widget\" data-widget_type=\"image.default\">\n\t\t\t\t\t\t\t\t\t\t\t\t\t\t\t<img decoding=\"async\" width=\"474\" height=\"1024\" src=\"https:\/\/maisonmorelli.com\/wp-content\/uploads\/2026\/01\/papier-peint-main-bordeaux-474x1024.webp\" class=\"attachment-large size-large wp-image-1867\" alt=\"\" srcset=\"https:\/\/maisonmorelli.com\/wp-content\/uploads\/2026\/01\/papier-peint-main-bordeaux-474x1024.webp 474w, https:\/\/maisonmorelli.com\/wp-content\/uploads\/2026\/01\/papier-peint-main-bordeaux-139x300.webp 139w, https:\/\/maisonmorelli.com\/wp-content\/uploads\/2026\/01\/papier-peint-main-bordeaux-768x1658.webp 768w, https:\/\/maisonmorelli.com\/wp-content\/uploads\/2026\/01\/papier-peint-main-bordeaux-712x1536.webp 712w, https:\/\/maisonmorelli.com\/wp-content\/uploads\/2026\/01\/papier-peint-main-bordeaux-6x12.webp 6w, https:\/\/maisonmorelli.com\/wp-content\/uploads\/2026\/01\/papier-peint-main-bordeaux-320x691.webp 320w, https:\/\/maisonmorelli.com\/wp-content\/uploads\/2026\/01\/papier-peint-main-bordeaux-480x1036.webp 480w, https:\/\/maisonmorelli.com\/wp-content\/uploads\/2026\/01\/papier-peint-main-bordeaux.webp 800w\" sizes=\"(max-width: 474px) 100vw, 474px\" \/>\t\t\t\t\t\t\t\t\t\t\t\t\t\t\t<\/div>\n\t\t\t\t<\/div>\n\t\t\t\t\t<\/div>\n\t\t\t\t<\/div>\n\t\t<div class=\"elementor-element elementor-element-18c0b5c e-flex e-con-boxed e-con e-parent\" data-id=\"18c0b5c\" data-element_type=\"container\">\n\t\t\t\t\t<div class=\"e-con-inner\">\n\t\t<div class=\"elementor-element elementor-element-2e213be e-con-full e-flex e-con e-child\" data-id=\"2e213be\" data-element_type=\"container\">\n\t\t\t\t<div class=\"elementor-element elementor-element-b4d173c elementor-widget elementor-widget-image\" data-id=\"b4d173c\" data-element_type=\"widget\" data-widget_type=\"image.default\">\n\t\t\t\t\t\t\t\t\t\t\t\t\t\t\t<img decoding=\"async\" width=\"475\" height=\"1024\" src=\"https:\/\/maisonmorelli.com\/wp-content\/uploads\/2026\/01\/tapisserie-botanique-sur-mesure-475x1024.webp\" class=\"attachment-large size-large wp-image-1789\" alt=\"\" srcset=\"https:\/\/maisonmorelli.com\/wp-content\/uploads\/2026\/01\/tapisserie-botanique-sur-mesure-475x1024.webp 475w, https:\/\/maisonmorelli.com\/wp-content\/uploads\/2026\/01\/tapisserie-botanique-sur-mesure-139x300.webp 139w, https:\/\/maisonmorelli.com\/wp-content\/uploads\/2026\/01\/tapisserie-botanique-sur-mesure-768x1655.webp 768w, https:\/\/maisonmorelli.com\/wp-content\/uploads\/2026\/01\/tapisserie-botanique-sur-mesure-713x1536.webp 713w, https:\/\/maisonmorelli.com\/wp-content\/uploads\/2026\/01\/tapisserie-botanique-sur-mesure-6x12.webp 6w, https:\/\/maisonmorelli.com\/wp-content\/uploads\/2026\/01\/tapisserie-botanique-sur-mesure-320x690.webp 320w, https:\/\/maisonmorelli.com\/wp-content\/uploads\/2026\/01\/tapisserie-botanique-sur-mesure-480x1035.webp 480w, https:\/\/maisonmorelli.com\/wp-content\/uploads\/2026\/01\/tapisserie-botanique-sur-mesure-800x1724.webp 800w, https:\/\/maisonmorelli.com\/wp-content\/uploads\/2026\/01\/tapisserie-botanique-sur-mesure.webp 900w\" sizes=\"(max-width: 475px) 100vw, 475px\" \/>\t\t\t\t\t\t\t\t\t\t\t\t\t\t\t<\/div>\n\t\t\t\t<\/div>\n\t\t<div class=\"elementor-element elementor-element-1bce895 e-con-full e-flex e-con e-child\" data-id=\"1bce895\" data-element_type=\"container\">\n\t\t\t\t<div class=\"elementor-element elementor-element-4025a3b elementor-widget elementor-widget-heading\" data-id=\"4025a3b\" data-element_type=\"widget\" data-widget_type=\"heading.default\">\n\t\t\t\t\t<h2 class=\"elementor-heading-title elementor-size-default\">TECHNICAL INFORMATIONS<\/h2>\t\t\t\t<\/div>\n\t\t\t\t<div class=\"elementor-element elementor-element-f8ed2e4 elementor-widget-divider--view-line elementor-widget elementor-widget-divider\" data-id=\"f8ed2e4\" data-element_type=\"widget\" data-widget_type=\"divider.default\">\n\t\t\t\t\t\t\t<div class=\"elementor-divider\">\n\t\t\t<span class=\"elementor-divider-separator\">\n\t\t\t\t\t\t<\/span>\n\t\t<\/div>\n\t\t\t\t\t\t<\/div>\n\t\t\t\t<div class=\"elementor-element elementor-element-6438343 elementor-widget elementor-widget-text-editor\" data-id=\"6438343\" data-element_type=\"widget\" data-widget_type=\"text-editor.default\">\n\t\t\t\t\t\t\t\t\t<p><strong data-start=\"176\" data-end=\"187\">Support<\/strong> : R\u00e9alisable sur papier peint ou directement peint sur le mur;<\/p><p data-start=\"254\" data-end=\"339\"><strong data-start=\"254\" data-end=\"267\">Technique<\/strong> : D\u00e9cor exclusivement peint \u00e0 la main, selon un savoir-faire artisanal;<\/p><p data-start=\"343\" data-end=\"478\"><strong data-start=\"343\" data-end=\"358\">Inspiration<\/strong> : Inspir\u00e9 par la v\u00e9g\u00e9tation d\u00e9sertique, sublim\u00e9e par un contraste chromatique volontairement irr\u00e9el;<\/p><p data-start=\"482\" data-end=\"617\"><strong data-start=\"482\" data-end=\"503\">Gamme chromatique<\/strong> : Enti\u00e8rement personnalisable, le d\u00e9cor peut \u00eatre d\u00e9clin\u00e9 dans toutes les variantes de couleurs;<\/p><p data-start=\"621\" data-end=\"778\"><strong data-start=\"621\" data-end=\"643\">\u00c9chelle des motifs<\/strong> : La composition peut \u00eatre r\u00e9alis\u00e9s dans diff\u00e9rentes dimensions, avec des variations d\u2019\u00e9chelle;<\/p><p data-start=\"782\" data-end=\"916\"><strong data-start=\"782\" data-end=\"797\">Composition<\/strong> : Composition sur mesure, avec possibilit\u00e9 d\u2019ajouter diff\u00e9rentes types de plantes, fleurs, animaux ;<\/p>\t\t\t\t\t\t\t\t<\/div>\n\t\t\t\t<div class=\"elementor-element elementor-element-49d3c3b elementor-widget elementor-widget-button\" data-id=\"49d3c3b\" data-element_type=\"widget\" data-widget_type=\"button.default\">\n\t\t\t\t\t\t\t\t\t\t<a class=\"elementor-button elementor-button-link elementor-size-sm elementor-animation-grow\" href=\"mailto:info@maisonmorelli.com?subject=Demande%20de%20devis%20-%20Desert%20Dream\">\n\t\t\t\t\t\t<span class=\"elementor-button-content-wrapper\">\n\t\t\t\t\t\t\t\t\t<span class=\"elementor-button-text\">GET A QUOTE<\/span>\n\t\t\t\t\t<\/span>\n\t\t\t\t\t<\/a>\n\t\t\t\t\t\t\t\t<\/div>\n\t\t\t\t<\/div>\n\t\t\t\t\t<\/div>\n\t\t\t\t<\/div>\n\t\t\t\t<\/div>","protected":false},"excerpt":{"rendered":"<p>DESERT DREAM INFORMATIONS TECHNIQUES Support : R\u00e9alisable sur papier peint ou directement peint sur le mur; Technique : D\u00e9cor exclusivement [&hellip;]<\/p>","protected":false},"author":1,"featured_media":0,"parent":0,"menu_order":0,"comment_status":"closed","ping_status":"closed","template":"","meta":{"site-sidebar-layout":"no-sidebar","site-content-layout":"","ast-site-content-layout":"full-width-container","site-content-style":"default","site-sidebar-style":"default","ast-global-header-display":"","ast-banner-title-visibility":"","ast-main-header-display":"","ast-hfb-above-header-display":"","ast-hfb-below-header-display":"","ast-hfb-mobile-header-display":"","site-post-title":"","ast-breadcrumbs-content":"","ast-featured-img":"disabled","footer-sml-layout":"","theme-transparent-header-meta":"","adv-header-id-meta":"","stick-header-meta":"","header-above-stick-meta":"","header-main-stick-meta":"","header-below-stick-meta":"","astra-migrate-meta-layouts":"default","ast-page-background-enabled":"default","ast-page-background-meta":{"desktop":{"background-color":"var(--ast-global-color-4)","background-image":"","background-repeat":"repeat","background-position":"center center","background-size":"auto","background-attachment":"scroll","background-type":"","background-media":"","overlay-type":"","overlay-color":"","overlay-opacity":"","overlay-gradient":""},"tablet":{"background-color":"","background-image":"","background-repeat":"repeat","background-position":"center center","background-size":"auto","background-attachment":"scroll","background-type":"","background-media":"","overlay-type":"","overlay-color":"","overlay-opacity":"","overlay-gradient":""},"mobile":{"background-color":"","background-image":"","background-repeat":"repeat","background-position":"center center","background-size":"auto","background-attachment":"scroll","background-type":"","background-media":"","overlay-type":"","overlay-color":"","overlay-opacity":"","overlay-gradient":""}},"ast-content-background-meta":{"desktop":{"background-color":"var(--ast-global-color-5)","background-image":"","background-repeat":"repeat","background-position":"center center","background-size":"auto","background-attachment":"scroll","background-type":"","background-media":"","overlay-type":"","overlay-color":"","overlay-opacity":"","overlay-gradient":""},"tablet":{"background-color":"var(--ast-global-color-5)","background-image":"","background-repeat":"repeat","background-position":"center center","background-size":"auto","background-attachment":"scroll","background-type":"","background-media":"","overlay-type":"","overlay-color":"","overlay-opacity":"","overlay-gradient":""},"mobile":{"background-color":"var(--ast-global-color-5)","background-image":"","background-repeat":"repeat","background-position":"center center","background-size":"auto","background-attachment":"scroll","background-type":"","background-media":"","overlay-type":"","overlay-color":"","overlay-opacity":"","overlay-gradient":""}},"footnotes":""},"class_list":["post-1865","page","type-page","status-publish","hentry"],"yoast_head":"<!-- This site is optimized with the Yoast SEO plugin v26.6 - https:\/\/yoast.com\/wordpress\/plugins\/seo\/ -->\n<title>Desert dream - Maison Morelli<\/title>\n<meta name=\"robots\" content=\"index, follow, max-snippet:-1, max-image-preview:large, max-video-preview:-1\" \/>\n<link rel=\"canonical\" href=\"https:\/\/maisonmorelli.com\/en\/desert-dream\/\" \/>\n<meta property=\"og:locale\" content=\"en_GB\" \/>\n<meta property=\"og:type\" content=\"article\" \/>\n<meta property=\"og:title\" content=\"Desert dream - Maison Morelli\" \/>\n<meta property=\"og:description\" content=\"DESERT DREAM INFORMATIONS TECHNIQUES Support : R\u00e9alisable sur papier peint ou directement peint sur le mur; Technique : D\u00e9cor exclusivement [&hellip;]\" \/>\n<meta property=\"og:url\" content=\"https:\/\/maisonmorelli.com\/en\/desert-dream\/\" \/>\n<meta property=\"og:site_name\" content=\"Maison Morelli\" \/>\n<meta property=\"article:publisher\" content=\"https:\/\/www.facebook.com\/ileniamorelli.decorazione\" \/>\n<meta property=\"article:modified_time\" content=\"2026-01-12T10:24:46+00:00\" \/>\n<meta property=\"og:image\" content=\"https:\/\/maisonmorelli.com\/wp-content\/uploads\/2026\/01\/revetement-mural-chambre.webp\" \/>\n\t<meta property=\"og:image:width\" content=\"1520\" \/>\n\t<meta property=\"og:image:height\" content=\"1111\" \/>\n\t<meta property=\"og:image:type\" content=\"image\/webp\" \/>\n<meta name=\"twitter:card\" content=\"summary_large_image\" \/>\n<meta name=\"twitter:label1\" content=\"Estimated reading time\" \/>\n\t<meta name=\"twitter:data1\" content=\"1 minute\" \/>\n<script type=\"application\/ld+json\" class=\"yoast-schema-graph\">{\"@context\":\"https:\/\/schema.org\",\"@graph\":[{\"@type\":\"WebPage\",\"@id\":\"https:\/\/maisonmorelli.com\/desert-dream\/\",\"url\":\"https:\/\/maisonmorelli.com\/desert-dream\/\",\"name\":\"Desert dream - Maison Morelli\",\"isPartOf\":{\"@id\":\"https:\/\/maisonmorelli.com\/#website\"},\"primaryImageOfPage\":{\"@id\":\"https:\/\/maisonmorelli.com\/desert-dream\/#primaryimage\"},\"image\":{\"@id\":\"https:\/\/maisonmorelli.com\/desert-dream\/#primaryimage\"},\"thumbnailUrl\":\"https:\/\/maisonmorelli.com\/wp-content\/uploads\/2026\/01\/revetement-mural-chambre-1024x748.webp\",\"datePublished\":\"2026-01-03T09:28:44+00:00\",\"dateModified\":\"2026-01-12T10:24:46+00:00\",\"breadcrumb\":{\"@id\":\"https:\/\/maisonmorelli.com\/desert-dream\/#breadcrumb\"},\"inLanguage\":\"en-GB\",\"potentialAction\":[{\"@type\":\"ReadAction\",\"target\":[\"https:\/\/maisonmorelli.com\/desert-dream\/\"]}]},{\"@type\":\"ImageObject\",\"inLanguage\":\"en-GB\",\"@id\":\"https:\/\/maisonmorelli.com\/desert-dream\/#primaryimage\",\"url\":\"https:\/\/maisonmorelli.com\/wp-content\/uploads\/2026\/01\/revetement-mural-chambre-1024x748.webp\",\"contentUrl\":\"https:\/\/maisonmorelli.com\/wp-content\/uploads\/2026\/01\/revetement-mural-chambre-1024x748.webp\"},{\"@type\":\"BreadcrumbList\",\"@id\":\"https:\/\/maisonmorelli.com\/desert-dream\/#breadcrumb\",\"itemListElement\":[{\"@type\":\"ListItem\",\"position\":1,\"name\":\"Accueil\",\"item\":\"https:\/\/maisonmorelli.com\/\"},{\"@type\":\"ListItem\",\"position\":2,\"name\":\"Desert dream\"}]},{\"@type\":\"WebSite\",\"@id\":\"https:\/\/maisonmorelli.com\/#website\",\"url\":\"https:\/\/maisonmorelli.com\/\",\"name\":\"IM Decorations\",\"description\":\"D\u00e9corations peints \u00e0 la main\",\"publisher\":{\"@id\":\"https:\/\/maisonmorelli.com\/#organization\"},\"potentialAction\":[{\"@type\":\"SearchAction\",\"target\":{\"@type\":\"EntryPoint\",\"urlTemplate\":\"https:\/\/maisonmorelli.com\/?s={search_term_string}\"},\"query-input\":{\"@type\":\"PropertyValueSpecification\",\"valueRequired\":true,\"valueName\":\"search_term_string\"}}],\"inLanguage\":\"en-GB\"},{\"@type\":\"Organization\",\"@id\":\"https:\/\/maisonmorelli.com\/#organization\",\"name\":\"IM Decorations\",\"url\":\"https:\/\/maisonmorelli.com\/\",\"logo\":{\"@type\":\"ImageObject\",\"inLanguage\":\"en-GB\",\"@id\":\"https:\/\/maisonmorelli.com\/#\/schema\/logo\/image\/\",\"url\":\"https:\/\/maisonmorelli.com\/wp-content\/uploads\/2025\/12\/Maison-Morelli-Peinture-decorative-Logo-scaled.png\",\"contentUrl\":\"https:\/\/maisonmorelli.com\/wp-content\/uploads\/2025\/12\/Maison-Morelli-Peinture-decorative-Logo-scaled.png\",\"width\":2560,\"height\":410,\"caption\":\"IM Decorations\"},\"image\":{\"@id\":\"https:\/\/maisonmorelli.com\/#\/schema\/logo\/image\/\"},\"sameAs\":[\"https:\/\/www.facebook.com\/ileniamorelli.decorazione\",\"https:\/\/www.instagram.com\/imdecorations?utm_source=ig_web_button_share_sheet&igsh=ZDNlZDc0MzIxNw==\"]}]}<\/script>\n<!-- \/ Yoast SEO plugin. -->","yoast_head_json":{"title":"Desert dream - Maison Morelli","robots":{"index":"index","follow":"follow","max-snippet":"max-snippet:-1","max-image-preview":"max-image-preview:large","max-video-preview":"max-video-preview:-1"},"canonical":"https:\/\/maisonmorelli.com\/en\/desert-dream\/","og_locale":"en_GB","og_type":"article","og_title":"Desert dream - Maison Morelli","og_description":"DESERT DREAM INFORMATIONS TECHNIQUES Support : R\u00e9alisable sur papier peint ou directement peint sur le mur; Technique : D\u00e9cor exclusivement [&hellip;]","og_url":"https:\/\/maisonmorelli.com\/en\/desert-dream\/","og_site_name":"Maison Morelli","article_publisher":"https:\/\/www.facebook.com\/ileniamorelli.decorazione","article_modified_time":"2026-01-12T10:24:46+00:00","og_image":[{"width":1520,"height":1111,"url":"https:\/\/maisonmorelli.com\/wp-content\/uploads\/2026\/01\/revetement-mural-chambre.webp","type":"image\/webp"}],"twitter_card":"summary_large_image","twitter_misc":{"Estimated reading time":"1 minute"},"schema":{"@context":"https:\/\/schema.org","@graph":[{"@type":"WebPage","@id":"https:\/\/maisonmorelli.com\/desert-dream\/","url":"https:\/\/maisonmorelli.com\/desert-dream\/","name":"Desert dream - Maison Morelli","isPartOf":{"@id":"https:\/\/maisonmorelli.com\/#website"},"primaryImageOfPage":{"@id":"https:\/\/maisonmorelli.com\/desert-dream\/#primaryimage"},"image":{"@id":"https:\/\/maisonmorelli.com\/desert-dream\/#primaryimage"},"thumbnailUrl":"https:\/\/maisonmorelli.com\/wp-content\/uploads\/2026\/01\/revetement-mural-chambre-1024x748.webp","datePublished":"2026-01-03T09:28:44+00:00","dateModified":"2026-01-12T10:24:46+00:00","breadcrumb":{"@id":"https:\/\/maisonmorelli.com\/desert-dream\/#breadcrumb"},"inLanguage":"en-GB","potentialAction":[{"@type":"ReadAction","target":["https:\/\/maisonmorelli.com\/desert-dream\/"]}]},{"@type":"ImageObject","inLanguage":"en-GB","@id":"https:\/\/maisonmorelli.com\/desert-dream\/#primaryimage","url":"https:\/\/maisonmorelli.com\/wp-content\/uploads\/2026\/01\/revetement-mural-chambre-1024x748.webp","contentUrl":"https:\/\/maisonmorelli.com\/wp-content\/uploads\/2026\/01\/revetement-mural-chambre-1024x748.webp"},{"@type":"BreadcrumbList","@id":"https:\/\/maisonmorelli.com\/desert-dream\/#breadcrumb","itemListElement":[{"@type":"ListItem","position":1,"name":"Accueil","item":"https:\/\/maisonmorelli.com\/"},{"@type":"ListItem","position":2,"name":"Desert dream"}]},{"@type":"WebSite","@id":"https:\/\/maisonmorelli.com\/#website","url":"https:\/\/maisonmorelli.com\/","name":"IM Decorations","description":"D\u00e9corations peints \u00e0 la main","publisher":{"@id":"https:\/\/maisonmorelli.com\/#organization"},"potentialAction":[{"@type":"SearchAction","target":{"@type":"EntryPoint","urlTemplate":"https:\/\/maisonmorelli.com\/?s={search_term_string}"},"query-input":{"@type":"PropertyValueSpecification","valueRequired":true,"valueName":"search_term_string"}}],"inLanguage":"en-GB"},{"@type":"Organization","@id":"https:\/\/maisonmorelli.com\/#organization","name":"IM Decorations","url":"https:\/\/maisonmorelli.com\/","logo":{"@type":"ImageObject","inLanguage":"en-GB","@id":"https:\/\/maisonmorelli.com\/#\/schema\/logo\/image\/","url":"https:\/\/maisonmorelli.com\/wp-content\/uploads\/2025\/12\/Maison-Morelli-Peinture-decorative-Logo-scaled.png","contentUrl":"https:\/\/maisonmorelli.com\/wp-content\/uploads\/2025\/12\/Maison-Morelli-Peinture-decorative-Logo-scaled.png","width":2560,"height":410,"caption":"IM Decorations"},"image":{"@id":"https:\/\/maisonmorelli.com\/#\/schema\/logo\/image\/"},"sameAs":["https:\/\/www.facebook.com\/ileniamorelli.decorazione","https:\/\/www.instagram.com\/imdecorations?utm_source=ig_web_button_share_sheet&igsh=ZDNlZDc0MzIxNw=="]}]}},"_links":{"self":[{"href":"https:\/\/maisonmorelli.com\/en\/wp-json\/wp\/v2\/pages\/1865","targetHints":{"allow":["GET"]}}],"collection":[{"href":"https:\/\/maisonmorelli.com\/en\/wp-json\/wp\/v2\/pages"}],"about":[{"href":"https:\/\/maisonmorelli.com\/en\/wp-json\/wp\/v2\/types\/page"}],"author":[{"embeddable":true,"href":"https:\/\/maisonmorelli.com\/en\/wp-json\/wp\/v2\/users\/1"}],"replies":[{"embeddable":true,"href":"https:\/\/maisonmorelli.com\/en\/wp-json\/wp\/v2\/comments?post=1865"}],"version-history":[{"count":16,"href":"https:\/\/maisonmorelli.com\/en\/wp-json\/wp\/v2\/pages\/1865\/revisions"}],"predecessor-version":[{"id":2497,"href":"https:\/\/maisonmorelli.com\/en\/wp-json\/wp\/v2\/pages\/1865\/revisions\/2497"}],"wp:attachment":[{"href":"https:\/\/maisonmorelli.com\/en\/wp-json\/wp\/v2\/media?parent=1865"}],"curies":[{"name":"wp","href":"https:\/\/api.w.org\/{rel}","templated":true}]}}