{"id":1895,"date":"2026-01-03T09:57:41","date_gmt":"2026-01-03T09:57:41","guid":{"rendered":"https:\/\/maisonmorelli.com\/?page_id=1895"},"modified":"2026-01-03T10:05:27","modified_gmt":"2026-01-03T10:05:27","slug":"naif","status":"publish","type":"page","link":"https:\/\/maisonmorelli.com\/en\/naif\/","title":{"rendered":"Na\u00eff"},"content":{"rendered":"<div data-elementor-type=\"wp-page\" data-elementor-id=\"1895\" class=\"elementor elementor-1895\">\n\t\t\t\t<div class=\"elementor-element elementor-element-e0f773b e-con-full e-flex e-con e-child\" data-id=\"e0f773b\" data-element_type=\"container\">\n\t\t\t\t<div class=\"elementor-element elementor-element-2496b1c elementor-widget elementor-widget-heading\" data-id=\"2496b1c\" data-element_type=\"widget\" data-widget_type=\"heading.default\">\n\t\t\t\t\t<h2 class=\"elementor-heading-title elementor-size-default\">NA\u00cfVE<\/h2>\t\t\t\t<\/div>\n\t\t\t\t<div class=\"elementor-element elementor-element-a387f29 elementor-widget-divider--view-line elementor-widget elementor-widget-divider\" data-id=\"a387f29\" data-element_type=\"widget\" data-widget_type=\"divider.default\">\n\t\t\t\t\t\t\t<div class=\"elementor-divider\">\n\t\t\t<span class=\"elementor-divider-separator\">\n\t\t\t\t\t\t<\/span>\n\t\t<\/div>\n\t\t\t\t\t\t<\/div>\n\t\t\t\t<\/div>\n\t\t<div class=\"elementor-element elementor-element-5149645 e-grid e-con-boxed e-con e-parent\" data-id=\"5149645\" data-element_type=\"container\">\n\t\t\t\t\t<div class=\"e-con-inner\">\n\t\t<div class=\"elementor-element elementor-element-43bad4f e-con-full e-flex e-con e-child\" data-id=\"43bad4f\" data-element_type=\"container\">\n\t\t\t\t<div class=\"elementor-element elementor-element-96fc483 elementor-widget elementor-widget-image\" data-id=\"96fc483\" data-element_type=\"widget\" data-widget_type=\"image.default\">\n\t\t\t\t\t\t\t\t\t\t\t\t\t\t\t<img fetchpriority=\"high\" decoding=\"async\" width=\"1500\" height=\"952\" src=\"https:\/\/maisonmorelli.com\/wp-content\/uploads\/2026\/01\/decoration-murale-artisanale.webp\" class=\"attachment-full size-full wp-image-1896\" alt=\"\" srcset=\"https:\/\/maisonmorelli.com\/wp-content\/uploads\/2026\/01\/decoration-murale-artisanale.webp 1500w, https:\/\/maisonmorelli.com\/wp-content\/uploads\/2026\/01\/decoration-murale-artisanale-300x190.webp 300w, https:\/\/maisonmorelli.com\/wp-content\/uploads\/2026\/01\/decoration-murale-artisanale-1024x650.webp 1024w, https:\/\/maisonmorelli.com\/wp-content\/uploads\/2026\/01\/decoration-murale-artisanale-768x487.webp 768w, https:\/\/maisonmorelli.com\/wp-content\/uploads\/2026\/01\/decoration-murale-artisanale-18x12.webp 18w, https:\/\/maisonmorelli.com\/wp-content\/uploads\/2026\/01\/decoration-murale-artisanale-320x203.webp 320w, https:\/\/maisonmorelli.com\/wp-content\/uploads\/2026\/01\/decoration-murale-artisanale-480x305.webp 480w, https:\/\/maisonmorelli.com\/wp-content\/uploads\/2026\/01\/decoration-murale-artisanale-800x508.webp 800w\" sizes=\"(max-width: 1500px) 100vw, 1500px\" \/>\t\t\t\t\t\t\t\t\t\t\t\t\t\t\t<\/div>\n\t\t\t\t<\/div>\n\t\t\t\t\t<\/div>\n\t\t\t\t<\/div>\n\t\t<div class=\"elementor-element elementor-element-3ee97ce e-grid e-con-boxed e-con e-parent\" data-id=\"3ee97ce\" data-element_type=\"container\">\n\t\t\t\t\t<div class=\"e-con-inner\">\n\t\t<div class=\"elementor-element elementor-element-5bc2d25 e-con-full e-flex e-con e-child\" data-id=\"5bc2d25\" data-element_type=\"container\">\n\t\t\t\t<div class=\"elementor-element elementor-element-224b7bf elementor-widget elementor-widget-image\" data-id=\"224b7bf\" data-element_type=\"widget\" data-widget_type=\"image.default\">\n\t\t\t\t\t\t\t\t\t\t\t\t\t\t\t<img decoding=\"async\" width=\"700\" height=\"2253\" src=\"https:\/\/maisonmorelli.com\/wp-content\/uploads\/2026\/01\/papier-peint-chambre.webp\" class=\"attachment-full size-full wp-image-1897\" alt=\"\" srcset=\"https:\/\/maisonmorelli.com\/wp-content\/uploads\/2026\/01\/papier-peint-chambre.webp 700w, https:\/\/maisonmorelli.com\/wp-content\/uploads\/2026\/01\/papier-peint-chambre-93x300.webp 93w, https:\/\/maisonmorelli.com\/wp-content\/uploads\/2026\/01\/papier-peint-chambre-318x1024.webp 318w, https:\/\/maisonmorelli.com\/wp-content\/uploads\/2026\/01\/papier-peint-chambre-477x1536.webp 477w, https:\/\/maisonmorelli.com\/wp-content\/uploads\/2026\/01\/papier-peint-chambre-636x2048.webp 636w, https:\/\/maisonmorelli.com\/wp-content\/uploads\/2026\/01\/papier-peint-chambre-4x12.webp 4w, https:\/\/maisonmorelli.com\/wp-content\/uploads\/2026\/01\/papier-peint-chambre-320x1030.webp 320w, https:\/\/maisonmorelli.com\/wp-content\/uploads\/2026\/01\/papier-peint-chambre-480x1545.webp 480w\" sizes=\"(max-width: 700px) 100vw, 700px\" \/>\t\t\t\t\t\t\t\t\t\t\t\t\t\t\t<\/div>\n\t\t\t\t<\/div>\n\t\t<div class=\"elementor-element elementor-element-d9e60aa e-con-full e-flex e-con e-child\" data-id=\"d9e60aa\" data-element_type=\"container\">\n\t\t\t\t<div class=\"elementor-element elementor-element-9357e39 elementor-widget elementor-widget-image\" data-id=\"9357e39\" data-element_type=\"widget\" data-widget_type=\"image.default\">\n\t\t\t\t\t\t\t\t\t\t\t\t\t\t\t\t<a href=\"https:\/\/maisonmorelli.com\/wp-content\/uploads\/2026\/01\/decor-mural-naif.webp\" data-elementor-open-lightbox=\"yes\" data-elementor-lightbox-title=\"decor-mural-naif\" data-e-action-hash=\"#elementor-action%3Aaction%3Dlightbox%26settings%3DeyJpZCI6MTg5OCwidXJsIjoiaHR0cHM6XC9cL21haXNvbm1vcmVsbGkuY29tXC93cC1jb250ZW50XC91cGxvYWRzXC8yMDI2XC8wMVwvZGVjb3ItbXVyYWwtbmFpZi53ZWJwIn0%3D\">\n\t\t\t\t\t\t\t<img decoding=\"async\" width=\"318\" height=\"1024\" src=\"https:\/\/maisonmorelli.com\/wp-content\/uploads\/2026\/01\/decor-mural-naif-318x1024.webp\" class=\"attachment-large size-large wp-image-1898\" alt=\"\" srcset=\"https:\/\/maisonmorelli.com\/wp-content\/uploads\/2026\/01\/decor-mural-naif-318x1024.webp 318w, https:\/\/maisonmorelli.com\/wp-content\/uploads\/2026\/01\/decor-mural-naif-93x300.webp 93w, https:\/\/maisonmorelli.com\/wp-content\/uploads\/2026\/01\/decor-mural-naif-477x1536.webp 477w, https:\/\/maisonmorelli.com\/wp-content\/uploads\/2026\/01\/decor-mural-naif-636x2048.webp 636w, https:\/\/maisonmorelli.com\/wp-content\/uploads\/2026\/01\/decor-mural-naif-4x12.webp 4w, https:\/\/maisonmorelli.com\/wp-content\/uploads\/2026\/01\/decor-mural-naif-320x1030.webp 320w, https:\/\/maisonmorelli.com\/wp-content\/uploads\/2026\/01\/decor-mural-naif-480x1545.webp 480w, https:\/\/maisonmorelli.com\/wp-content\/uploads\/2026\/01\/decor-mural-naif.webp 700w\" sizes=\"(max-width: 318px) 100vw, 318px\" \/>\t\t\t\t\t\t\t\t<\/a>\n\t\t\t\t\t\t\t\t\t\t\t\t\t\t\t<\/div>\n\t\t\t\t<\/div>\n\t\t<div class=\"elementor-element elementor-element-498cdcb e-con-full e-flex e-con e-child\" data-id=\"498cdcb\" data-element_type=\"container\">\n\t\t\t\t<div class=\"elementor-element elementor-element-e660392 elementor-widget elementor-widget-image\" data-id=\"e660392\" data-element_type=\"widget\" data-widget_type=\"image.default\">\n\t\t\t\t\t\t\t\t\t\t\t\t\t\t\t<img loading=\"lazy\" decoding=\"async\" width=\"700\" height=\"2253\" src=\"https:\/\/maisonmorelli.com\/wp-content\/uploads\/2026\/01\/papier-peint-salon.webp\" class=\"attachment-full size-full wp-image-1781\" alt=\"\" srcset=\"https:\/\/maisonmorelli.com\/wp-content\/uploads\/2026\/01\/papier-peint-salon.webp 700w, https:\/\/maisonmorelli.com\/wp-content\/uploads\/2026\/01\/papier-peint-salon-93x300.webp 93w, https:\/\/maisonmorelli.com\/wp-content\/uploads\/2026\/01\/papier-peint-salon-318x1024.webp 318w, https:\/\/maisonmorelli.com\/wp-content\/uploads\/2026\/01\/papier-peint-salon-477x1536.webp 477w, https:\/\/maisonmorelli.com\/wp-content\/uploads\/2026\/01\/papier-peint-salon-636x2048.webp 636w, https:\/\/maisonmorelli.com\/wp-content\/uploads\/2026\/01\/papier-peint-salon-4x12.webp 4w, https:\/\/maisonmorelli.com\/wp-content\/uploads\/2026\/01\/papier-peint-salon-320x1030.webp 320w, https:\/\/maisonmorelli.com\/wp-content\/uploads\/2026\/01\/papier-peint-salon-480x1545.webp 480w\" sizes=\"(max-width: 700px) 100vw, 700px\" \/>\t\t\t\t\t\t\t\t\t\t\t\t\t\t\t<\/div>\n\t\t\t\t<\/div>\n\t\t<div class=\"elementor-element elementor-element-055bf46 e-con-full e-flex e-con e-child\" data-id=\"055bf46\" data-element_type=\"container\">\n\t\t\t\t<div class=\"elementor-element elementor-element-f94d0bd elementor-widget elementor-widget-image\" data-id=\"f94d0bd\" data-element_type=\"widget\" data-widget_type=\"image.default\">\n\t\t\t\t\t\t\t\t\t\t\t\t\t\t\t<img loading=\"lazy\" decoding=\"async\" width=\"500\" height=\"1609\" src=\"https:\/\/maisonmorelli.com\/wp-content\/uploads\/2026\/01\/papier-peint-naif.webp\" class=\"attachment-full size-full wp-image-1899\" alt=\"\" srcset=\"https:\/\/maisonmorelli.com\/wp-content\/uploads\/2026\/01\/papier-peint-naif.webp 500w, https:\/\/maisonmorelli.com\/wp-content\/uploads\/2026\/01\/papier-peint-naif-93x300.webp 93w, https:\/\/maisonmorelli.com\/wp-content\/uploads\/2026\/01\/papier-peint-naif-318x1024.webp 318w, https:\/\/maisonmorelli.com\/wp-content\/uploads\/2026\/01\/papier-peint-naif-477x1536.webp 477w, https:\/\/maisonmorelli.com\/wp-content\/uploads\/2026\/01\/papier-peint-naif-4x12.webp 4w, https:\/\/maisonmorelli.com\/wp-content\/uploads\/2026\/01\/papier-peint-naif-320x1030.webp 320w, https:\/\/maisonmorelli.com\/wp-content\/uploads\/2026\/01\/papier-peint-naif-480x1545.webp 480w\" sizes=\"(max-width: 500px) 100vw, 500px\" \/>\t\t\t\t\t\t\t\t\t\t\t\t\t\t\t<\/div>\n\t\t\t\t<\/div>\n\t\t\t\t\t<\/div>\n\t\t\t\t<\/div>\n\t\t<div class=\"elementor-element elementor-element-2b53552 e-grid e-con-boxed e-con e-parent\" data-id=\"2b53552\" data-element_type=\"container\">\n\t\t\t\t\t<div class=\"e-con-inner\">\n\t\t<div class=\"elementor-element elementor-element-87a9e62 e-con-full e-flex e-con e-child\" data-id=\"87a9e62\" data-element_type=\"container\">\n\t\t\t\t<div class=\"elementor-element elementor-element-ccdd09d elementor-widget elementor-widget-image\" data-id=\"ccdd09d\" data-element_type=\"widget\" data-widget_type=\"image.default\">\n\t\t\t\t\t\t\t\t\t\t\t\t<figure class=\"wp-caption\">\n\t\t\t\t\t\t\t\t\t\t<img loading=\"lazy\" decoding=\"async\" width=\"746\" height=\"1024\" src=\"https:\/\/maisonmorelli.com\/wp-content\/uploads\/2026\/01\/decoration-murale-saille-de-bain-746x1024.webp\" class=\"attachment-large size-large wp-image-1780\" alt=\"\" srcset=\"https:\/\/maisonmorelli.com\/wp-content\/uploads\/2026\/01\/decoration-murale-saille-de-bain-746x1024.webp 746w, https:\/\/maisonmorelli.com\/wp-content\/uploads\/2026\/01\/decoration-murale-saille-de-bain-218x300.webp 218w, https:\/\/maisonmorelli.com\/wp-content\/uploads\/2026\/01\/decoration-murale-saille-de-bain-768x1054.webp 768w, https:\/\/maisonmorelli.com\/wp-content\/uploads\/2026\/01\/decoration-murale-saille-de-bain-9x12.webp 9w, https:\/\/maisonmorelli.com\/wp-content\/uploads\/2026\/01\/decoration-murale-saille-de-bain-320x439.webp 320w, https:\/\/maisonmorelli.com\/wp-content\/uploads\/2026\/01\/decoration-murale-saille-de-bain-480x659.webp 480w, https:\/\/maisonmorelli.com\/wp-content\/uploads\/2026\/01\/decoration-murale-saille-de-bain-800x1098.webp 800w, https:\/\/maisonmorelli.com\/wp-content\/uploads\/2026\/01\/decoration-murale-saille-de-bain.webp 1000w\" sizes=\"(max-width: 746px) 100vw, 746px\" \/>\t\t\t\t\t\t\t\t\t\t\t<figcaption class=\"widget-image-caption wp-caption-text\"><\/figcaption>\n\t\t\t\t\t\t\t\t\t\t<\/figure>\n\t\t\t\t\t\t\t\t\t<\/div>\n\t\t\t\t<\/div>\n\t\t<div class=\"elementor-element elementor-element-2c0bea9 e-con-full e-flex e-con e-child\" data-id=\"2c0bea9\" data-element_type=\"container\">\n\t\t\t\t<div class=\"elementor-element elementor-element-8c81de7 elementor-widget elementor-widget-heading\" data-id=\"8c81de7\" data-element_type=\"widget\" data-widget_type=\"heading.default\">\n\t\t\t\t\t<h2 class=\"elementor-heading-title elementor-size-default\">TECHNICAL INFORMATIONS<\/h2>\t\t\t\t<\/div>\n\t\t\t\t<div class=\"elementor-element elementor-element-afdd6ec elementor-widget-divider--view-line elementor-widget elementor-widget-divider\" data-id=\"afdd6ec\" data-element_type=\"widget\" data-widget_type=\"divider.default\">\n\t\t\t\t\t\t\t<div class=\"elementor-divider\">\n\t\t\t<span class=\"elementor-divider-separator\">\n\t\t\t\t\t\t<\/span>\n\t\t<\/div>\n\t\t\t\t\t\t<\/div>\n\t\t\t\t<div class=\"elementor-element elementor-element-b32eb07 elementor-widget elementor-widget-text-editor\" data-id=\"b32eb07\" data-element_type=\"widget\" data-widget_type=\"text-editor.default\">\n\t\t\t\t\t\t\t\t\t<p><strong data-start=\"176\" data-end=\"187\">Support<\/strong>\u00a0: R\u00e9alisable sur papier peint ou directement peint sur le mur.<\/p><p data-start=\"254\" data-end=\"339\"><strong data-start=\"254\" data-end=\"267\">Technique<\/strong>\u00a0: D\u00e9cor exclusivement peint \u00e0 la main, selon un savoir-faire artisanal.<\/p><p data-start=\"343\" data-end=\"478\"><strong data-start=\"343\" data-end=\"358\">Inspiration<\/strong> : Inspiration \u00ab\u00a0fantastique\u00a0\u00bb, peinture assez graphique.<\/p><p data-start=\"482\" data-end=\"617\"><strong data-start=\"482\" data-end=\"503\">Gamme chromatique<\/strong> : Enti\u00e8rement personnalisable, le d\u00e9cor peut \u00eatre d\u00e9clin\u00e9 dans toutes les variantes de couleurs;<\/p><p data-start=\"621\" data-end=\"778\"><strong data-start=\"621\" data-end=\"643\">\u00c9chelle des motifs<\/strong> : La composition peut \u00eatre r\u00e9alis\u00e9s dans diff\u00e9rentes dimensions, avec des variations d\u2019\u00e9chelle.<\/p><p data-start=\"782\" data-end=\"916\"><strong data-start=\"782\" data-end=\"797\">Composition<\/strong> : Composition sur mesure, avec possibilit\u00e9 d\u2019ajouter fleurs ou animaux.<\/p>\t\t\t\t\t\t\t\t<\/div>\n\t\t\t\t<div class=\"elementor-element elementor-element-6b52131 elementor-widget elementor-widget-button\" data-id=\"6b52131\" data-element_type=\"widget\" data-widget_type=\"button.default\">\n\t\t\t\t\t\t\t\t\t\t<a class=\"elementor-button elementor-button-link elementor-size-sm elementor-animation-grow\" href=\"mailto:info@maisonmorelli.com?subject=Demande%20de%20devis%20-%20Na\u00eff\">\n\t\t\t\t\t\t<span class=\"elementor-button-content-wrapper\">\n\t\t\t\t\t\t\t\t\t<span class=\"elementor-button-text\">GET A QUOTE<\/span>\n\t\t\t\t\t<\/span>\n\t\t\t\t\t<\/a>\n\t\t\t\t\t\t\t\t<\/div>\n\t\t\t\t<\/div>\n\t\t\t\t\t<\/div>\n\t\t\t\t<\/div>\n\t\t\t\t<\/div>","protected":false},"excerpt":{"rendered":"<p>NA\u00cfF INFORMATIONS TECHNIQUES Support\u00a0: R\u00e9alisable sur papier peint ou directement peint sur le mur. Technique\u00a0: D\u00e9cor exclusivement peint \u00e0 la [&hellip;]<\/p>","protected":false},"author":1,"featured_media":1780,"parent":0,"menu_order":0,"comment_status":"closed","ping_status":"closed","template":"","meta":{"site-sidebar-layout":"no-sidebar","site-content-layout":"","ast-site-content-layout":"full-width-container","site-content-style":"default","site-sidebar-style":"default","ast-global-header-display":"","ast-banner-title-visibility":"","ast-main-header-display":"","ast-hfb-above-header-display":"","ast-hfb-below-header-display":"","ast-hfb-mobile-header-display":"","site-post-title":"disabled","ast-breadcrumbs-content":"","ast-featured-img":"disabled","footer-sml-layout":"","theme-transparent-header-meta":"","adv-header-id-meta":"","stick-header-meta":"","header-above-stick-meta":"","header-main-stick-meta":"","header-below-stick-meta":"","astra-migrate-meta-layouts":"default","ast-page-background-enabled":"default","ast-page-background-meta":{"desktop":{"background-color":"var(--ast-global-color-4)","background-image":"","background-repeat":"repeat","background-position":"center center","background-size":"auto","background-attachment":"scroll","background-type":"","background-media":"","overlay-type":"","overlay-color":"","overlay-opacity":"","overlay-gradient":""},"tablet":{"background-color":"","background-image":"","background-repeat":"repeat","background-position":"center center","background-size":"auto","background-attachment":"scroll","background-type":"","background-media":"","overlay-type":"","overlay-color":"","overlay-opacity":"","overlay-gradient":""},"mobile":{"background-color":"","background-image":"","background-repeat":"repeat","background-position":"center center","background-size":"auto","background-attachment":"scroll","background-type":"","background-media":"","overlay-type":"","overlay-color":"","overlay-opacity":"","overlay-gradient":""}},"ast-content-background-meta":{"desktop":{"background-color":"var(--ast-global-color-5)","background-image":"","background-repeat":"repeat","background-position":"center center","background-size":"auto","background-attachment":"scroll","background-type":"","background-media":"","overlay-type":"","overlay-color":"","overlay-opacity":"","overlay-gradient":""},"tablet":{"background-color":"var(--ast-global-color-5)","background-image":"","background-repeat":"repeat","background-position":"center center","background-size":"auto","background-attachment":"scroll","background-type":"","background-media":"","overlay-type":"","overlay-color":"","overlay-opacity":"","overlay-gradient":""},"mobile":{"background-color":"var(--ast-global-color-5)","background-image":"","background-repeat":"repeat","background-position":"center center","background-size":"auto","background-attachment":"scroll","background-type":"","background-media":"","overlay-type":"","overlay-color":"","overlay-opacity":"","overlay-gradient":""}},"footnotes":""},"class_list":["post-1895","page","type-page","status-publish","has-post-thumbnail","hentry"],"yoast_head":"<!-- This site is optimized with the Yoast SEO plugin v26.6 - https:\/\/yoast.com\/wordpress\/plugins\/seo\/ -->\n<title>Na\u00eff - Maison Morelli<\/title>\n<meta name=\"robots\" content=\"index, follow, max-snippet:-1, max-image-preview:large, max-video-preview:-1\" \/>\n<link rel=\"canonical\" href=\"https:\/\/maisonmorelli.com\/en\/naif\/\" \/>\n<meta property=\"og:locale\" content=\"en_GB\" \/>\n<meta property=\"og:type\" content=\"article\" \/>\n<meta property=\"og:title\" content=\"Na\u00eff - Maison Morelli\" \/>\n<meta property=\"og:description\" content=\"NA\u00cfF INFORMATIONS TECHNIQUES Support\u00a0: R\u00e9alisable sur papier peint ou directement peint sur le mur. Technique\u00a0: D\u00e9cor exclusivement peint \u00e0 la [&hellip;]\" \/>\n<meta property=\"og:url\" content=\"https:\/\/maisonmorelli.com\/en\/naif\/\" \/>\n<meta property=\"og:site_name\" content=\"Maison Morelli\" \/>\n<meta property=\"article:publisher\" content=\"https:\/\/www.facebook.com\/ileniamorelli.decorazione\" \/>\n<meta property=\"article:modified_time\" content=\"2026-01-03T10:05:27+00:00\" \/>\n<meta property=\"og:image\" content=\"https:\/\/maisonmorelli.com\/wp-content\/uploads\/2026\/01\/decoration-murale-saille-de-bain.webp\" \/>\n\t<meta property=\"og:image:width\" content=\"1000\" \/>\n\t<meta property=\"og:image:height\" content=\"1373\" \/>\n\t<meta property=\"og:image:type\" content=\"image\/webp\" \/>\n<meta name=\"twitter:card\" content=\"summary_large_image\" \/>\n<meta name=\"twitter:label1\" content=\"Estimated reading time\" \/>\n\t<meta name=\"twitter:data1\" content=\"1 minute\" \/>\n<script type=\"application\/ld+json\" class=\"yoast-schema-graph\">{\"@context\":\"https:\/\/schema.org\",\"@graph\":[{\"@type\":\"WebPage\",\"@id\":\"https:\/\/maisonmorelli.com\/naif\/\",\"url\":\"https:\/\/maisonmorelli.com\/naif\/\",\"name\":\"Na\u00eff - Maison Morelli\",\"isPartOf\":{\"@id\":\"https:\/\/maisonmorelli.com\/#website\"},\"primaryImageOfPage\":{\"@id\":\"https:\/\/maisonmorelli.com\/naif\/#primaryimage\"},\"image\":{\"@id\":\"https:\/\/maisonmorelli.com\/naif\/#primaryimage\"},\"thumbnailUrl\":\"https:\/\/maisonmorelli.com\/wp-content\/uploads\/2026\/01\/decoration-murale-saille-de-bain.webp\",\"datePublished\":\"2026-01-03T09:57:41+00:00\",\"dateModified\":\"2026-01-03T10:05:27+00:00\",\"breadcrumb\":{\"@id\":\"https:\/\/maisonmorelli.com\/naif\/#breadcrumb\"},\"inLanguage\":\"en-GB\",\"potentialAction\":[{\"@type\":\"ReadAction\",\"target\":[\"https:\/\/maisonmorelli.com\/naif\/\"]}]},{\"@type\":\"ImageObject\",\"inLanguage\":\"en-GB\",\"@id\":\"https:\/\/maisonmorelli.com\/naif\/#primaryimage\",\"url\":\"https:\/\/maisonmorelli.com\/wp-content\/uploads\/2026\/01\/decoration-murale-saille-de-bain.webp\",\"contentUrl\":\"https:\/\/maisonmorelli.com\/wp-content\/uploads\/2026\/01\/decoration-murale-saille-de-bain.webp\",\"width\":1000,\"height\":1373},{\"@type\":\"BreadcrumbList\",\"@id\":\"https:\/\/maisonmorelli.com\/naif\/#breadcrumb\",\"itemListElement\":[{\"@type\":\"ListItem\",\"position\":1,\"name\":\"Accueil\",\"item\":\"https:\/\/maisonmorelli.com\/\"},{\"@type\":\"ListItem\",\"position\":2,\"name\":\"Na\u00eff\"}]},{\"@type\":\"WebSite\",\"@id\":\"https:\/\/maisonmorelli.com\/#website\",\"url\":\"https:\/\/maisonmorelli.com\/\",\"name\":\"IM Decorations\",\"description\":\"D\u00e9corations peints \u00e0 la main\",\"publisher\":{\"@id\":\"https:\/\/maisonmorelli.com\/#organization\"},\"potentialAction\":[{\"@type\":\"SearchAction\",\"target\":{\"@type\":\"EntryPoint\",\"urlTemplate\":\"https:\/\/maisonmorelli.com\/?s={search_term_string}\"},\"query-input\":{\"@type\":\"PropertyValueSpecification\",\"valueRequired\":true,\"valueName\":\"search_term_string\"}}],\"inLanguage\":\"en-GB\"},{\"@type\":\"Organization\",\"@id\":\"https:\/\/maisonmorelli.com\/#organization\",\"name\":\"IM Decorations\",\"url\":\"https:\/\/maisonmorelli.com\/\",\"logo\":{\"@type\":\"ImageObject\",\"inLanguage\":\"en-GB\",\"@id\":\"https:\/\/maisonmorelli.com\/#\/schema\/logo\/image\/\",\"url\":\"https:\/\/maisonmorelli.com\/wp-content\/uploads\/2025\/12\/Maison-Morelli-Peinture-decorative-Logo-scaled.png\",\"contentUrl\":\"https:\/\/maisonmorelli.com\/wp-content\/uploads\/2025\/12\/Maison-Morelli-Peinture-decorative-Logo-scaled.png\",\"width\":2560,\"height\":410,\"caption\":\"IM Decorations\"},\"image\":{\"@id\":\"https:\/\/maisonmorelli.com\/#\/schema\/logo\/image\/\"},\"sameAs\":[\"https:\/\/www.facebook.com\/ileniamorelli.decorazione\",\"https:\/\/www.instagram.com\/imdecorations?utm_source=ig_web_button_share_sheet&igsh=ZDNlZDc0MzIxNw==\"]}]}<\/script>\n<!-- \/ Yoast SEO plugin. -->","yoast_head_json":{"title":"Na\u00eff - Maison Morelli","robots":{"index":"index","follow":"follow","max-snippet":"max-snippet:-1","max-image-preview":"max-image-preview:large","max-video-preview":"max-video-preview:-1"},"canonical":"https:\/\/maisonmorelli.com\/en\/naif\/","og_locale":"en_GB","og_type":"article","og_title":"Na\u00eff - Maison Morelli","og_description":"NA\u00cfF INFORMATIONS TECHNIQUES Support\u00a0: R\u00e9alisable sur papier peint ou directement peint sur le mur. Technique\u00a0: D\u00e9cor exclusivement peint \u00e0 la [&hellip;]","og_url":"https:\/\/maisonmorelli.com\/en\/naif\/","og_site_name":"Maison Morelli","article_publisher":"https:\/\/www.facebook.com\/ileniamorelli.decorazione","article_modified_time":"2026-01-03T10:05:27+00:00","og_image":[{"width":1000,"height":1373,"url":"https:\/\/maisonmorelli.com\/wp-content\/uploads\/2026\/01\/decoration-murale-saille-de-bain.webp","type":"image\/webp"}],"twitter_card":"summary_large_image","twitter_misc":{"Estimated reading time":"1 minute"},"schema":{"@context":"https:\/\/schema.org","@graph":[{"@type":"WebPage","@id":"https:\/\/maisonmorelli.com\/naif\/","url":"https:\/\/maisonmorelli.com\/naif\/","name":"Na\u00eff - Maison Morelli","isPartOf":{"@id":"https:\/\/maisonmorelli.com\/#website"},"primaryImageOfPage":{"@id":"https:\/\/maisonmorelli.com\/naif\/#primaryimage"},"image":{"@id":"https:\/\/maisonmorelli.com\/naif\/#primaryimage"},"thumbnailUrl":"https:\/\/maisonmorelli.com\/wp-content\/uploads\/2026\/01\/decoration-murale-saille-de-bain.webp","datePublished":"2026-01-03T09:57:41+00:00","dateModified":"2026-01-03T10:05:27+00:00","breadcrumb":{"@id":"https:\/\/maisonmorelli.com\/naif\/#breadcrumb"},"inLanguage":"en-GB","potentialAction":[{"@type":"ReadAction","target":["https:\/\/maisonmorelli.com\/naif\/"]}]},{"@type":"ImageObject","inLanguage":"en-GB","@id":"https:\/\/maisonmorelli.com\/naif\/#primaryimage","url":"https:\/\/maisonmorelli.com\/wp-content\/uploads\/2026\/01\/decoration-murale-saille-de-bain.webp","contentUrl":"https:\/\/maisonmorelli.com\/wp-content\/uploads\/2026\/01\/decoration-murale-saille-de-bain.webp","width":1000,"height":1373},{"@type":"BreadcrumbList","@id":"https:\/\/maisonmorelli.com\/naif\/#breadcrumb","itemListElement":[{"@type":"ListItem","position":1,"name":"Accueil","item":"https:\/\/maisonmorelli.com\/"},{"@type":"ListItem","position":2,"name":"Na\u00eff"}]},{"@type":"WebSite","@id":"https:\/\/maisonmorelli.com\/#website","url":"https:\/\/maisonmorelli.com\/","name":"IM Decorations","description":"D\u00e9corations peints \u00e0 la main","publisher":{"@id":"https:\/\/maisonmorelli.com\/#organization"},"potentialAction":[{"@type":"SearchAction","target":{"@type":"EntryPoint","urlTemplate":"https:\/\/maisonmorelli.com\/?s={search_term_string}"},"query-input":{"@type":"PropertyValueSpecification","valueRequired":true,"valueName":"search_term_string"}}],"inLanguage":"en-GB"},{"@type":"Organization","@id":"https:\/\/maisonmorelli.com\/#organization","name":"IM Decorations","url":"https:\/\/maisonmorelli.com\/","logo":{"@type":"ImageObject","inLanguage":"en-GB","@id":"https:\/\/maisonmorelli.com\/#\/schema\/logo\/image\/","url":"https:\/\/maisonmorelli.com\/wp-content\/uploads\/2025\/12\/Maison-Morelli-Peinture-decorative-Logo-scaled.png","contentUrl":"https:\/\/maisonmorelli.com\/wp-content\/uploads\/2025\/12\/Maison-Morelli-Peinture-decorative-Logo-scaled.png","width":2560,"height":410,"caption":"IM Decorations"},"image":{"@id":"https:\/\/maisonmorelli.com\/#\/schema\/logo\/image\/"},"sameAs":["https:\/\/www.facebook.com\/ileniamorelli.decorazione","https:\/\/www.instagram.com\/imdecorations?utm_source=ig_web_button_share_sheet&igsh=ZDNlZDc0MzIxNw=="]}]}},"_links":{"self":[{"href":"https:\/\/maisonmorelli.com\/en\/wp-json\/wp\/v2\/pages\/1895","targetHints":{"allow":["GET"]}}],"collection":[{"href":"https:\/\/maisonmorelli.com\/en\/wp-json\/wp\/v2\/pages"}],"about":[{"href":"https:\/\/maisonmorelli.com\/en\/wp-json\/wp\/v2\/types\/page"}],"author":[{"embeddable":true,"href":"https:\/\/maisonmorelli.com\/en\/wp-json\/wp\/v2\/users\/1"}],"replies":[{"embeddable":true,"href":"https:\/\/maisonmorelli.com\/en\/wp-json\/wp\/v2\/comments?post=1895"}],"version-history":[{"count":12,"href":"https:\/\/maisonmorelli.com\/en\/wp-json\/wp\/v2\/pages\/1895\/revisions"}],"predecessor-version":[{"id":1912,"href":"https:\/\/maisonmorelli.com\/en\/wp-json\/wp\/v2\/pages\/1895\/revisions\/1912"}],"wp:featuredmedia":[{"embeddable":true,"href":"https:\/\/maisonmorelli.com\/en\/wp-json\/wp\/v2\/media\/1780"}],"wp:attachment":[{"href":"https:\/\/maisonmorelli.com\/en\/wp-json\/wp\/v2\/media?parent=1895"}],"curies":[{"name":"wp","href":"https:\/\/api.w.org\/{rel}","templated":true}]}}