{"id":1951,"date":"2026-01-03T10:37:38","date_gmt":"2026-01-03T10:37:38","guid":{"rendered":"https:\/\/maisonmorelli.com\/?page_id=1951"},"modified":"2026-01-12T10:26:39","modified_gmt":"2026-01-12T10:26:39","slug":"glacis","status":"publish","type":"page","link":"https:\/\/maisonmorelli.com\/en\/glacis\/","title":{"rendered":"Glaze"},"content":{"rendered":"<div data-elementor-type=\"wp-page\" data-elementor-id=\"1951\" class=\"elementor elementor-1951\">\n\t\t\t\t<div class=\"elementor-element elementor-element-6ec8b49 e-con-full e-flex e-con e-child\" data-id=\"6ec8b49\" data-element_type=\"container\">\n\t\t\t\t<div class=\"elementor-element elementor-element-a8d6f33 elementor-widget elementor-widget-heading\" data-id=\"a8d6f33\" data-element_type=\"widget\" data-widget_type=\"heading.default\">\n\t\t\t\t\t<h2 class=\"elementor-heading-title elementor-size-default\">GLAZE<\/h2>\t\t\t\t<\/div>\n\t\t\t\t<div class=\"elementor-element elementor-element-d32b7f3 elementor-widget-divider--view-line elementor-widget elementor-widget-divider\" data-id=\"d32b7f3\" data-element_type=\"widget\" data-widget_type=\"divider.default\">\n\t\t\t\t\t\t\t<div class=\"elementor-divider\">\n\t\t\t<span class=\"elementor-divider-separator\">\n\t\t\t\t\t\t<\/span>\n\t\t<\/div>\n\t\t\t\t\t\t<\/div>\n\t\t\t\t<\/div>\n\t\t<div class=\"elementor-element elementor-element-1dc2749 e-grid e-con-boxed e-con e-parent\" data-id=\"1dc2749\" data-element_type=\"container\">\n\t\t\t\t\t<div class=\"e-con-inner\">\n\t\t<div class=\"elementor-element elementor-element-83955a1 e-con-full e-flex e-con e-child\" data-id=\"83955a1\" data-element_type=\"container\">\n\t\t\t\t<div class=\"elementor-element elementor-element-9798369 elementor-widget elementor-widget-image\" data-id=\"9798369\" data-element_type=\"widget\" data-widget_type=\"image.default\">\n\t\t\t\t\t\t\t\t\t\t\t\t\t\t\t<img fetchpriority=\"high\" decoding=\"async\" width=\"1000\" height=\"1334\" src=\"https:\/\/maisonmorelli.com\/wp-content\/uploads\/2026\/01\/decor-artistic-restaurant.webp\" class=\"attachment-full size-full wp-image-1935\" alt=\"\" srcset=\"https:\/\/maisonmorelli.com\/wp-content\/uploads\/2026\/01\/decor-artistic-restaurant.webp 1000w, https:\/\/maisonmorelli.com\/wp-content\/uploads\/2026\/01\/decor-artistic-restaurant-225x300.webp 225w, https:\/\/maisonmorelli.com\/wp-content\/uploads\/2026\/01\/decor-artistic-restaurant-768x1025.webp 768w, https:\/\/maisonmorelli.com\/wp-content\/uploads\/2026\/01\/decor-artistic-restaurant-9x12.webp 9w, https:\/\/maisonmorelli.com\/wp-content\/uploads\/2026\/01\/decor-artistic-restaurant-320x427.webp 320w, https:\/\/maisonmorelli.com\/wp-content\/uploads\/2026\/01\/decor-artistic-restaurant-480x640.webp 480w, https:\/\/maisonmorelli.com\/wp-content\/uploads\/2026\/01\/decor-artistic-restaurant-800x1067.webp 800w\" sizes=\"(max-width: 1000px) 100vw, 1000px\" \/>\t\t\t\t\t\t\t\t\t\t\t\t\t\t\t<\/div>\n\t\t\t\t<\/div>\n\t\t<div class=\"elementor-element elementor-element-081d2f8 e-con-full e-flex e-con e-child\" data-id=\"081d2f8\" data-element_type=\"container\">\n\t\t\t\t<div class=\"elementor-element elementor-element-f66289c elementor-widget elementor-widget-image\" data-id=\"f66289c\" data-element_type=\"widget\" data-widget_type=\"image.default\">\n\t\t\t\t\t\t\t\t\t\t\t\t\t\t\t\t<a href=\"https:\/\/maisonmorelli.com\/wp-content\/uploads\/2026\/01\/mur-artistic-restaurant.webp\" data-elementor-open-lightbox=\"yes\" data-elementor-lightbox-title=\"mur-artistic-restaurant\" data-e-action-hash=\"#elementor-action%3Aaction%3Dlightbox%26settings%3DeyJpZCI6MTkzOCwidXJsIjoiaHR0cHM6XC9cL21haXNvbm1vcmVsbGkuY29tXC93cC1jb250ZW50XC91cGxvYWRzXC8yMDI2XC8wMVwvbXVyLWFydGlzdGljLXJlc3RhdXJhbnQud2VicCJ9\">\n\t\t\t\t\t\t\t<img decoding=\"async\" width=\"768\" height=\"1024\" src=\"https:\/\/maisonmorelli.com\/wp-content\/uploads\/2026\/01\/mur-artistic-restaurant-768x1024.webp\" class=\"attachment-large size-large wp-image-1938\" alt=\"\" srcset=\"https:\/\/maisonmorelli.com\/wp-content\/uploads\/2026\/01\/mur-artistic-restaurant-768x1024.webp 768w, https:\/\/maisonmorelli.com\/wp-content\/uploads\/2026\/01\/mur-artistic-restaurant-225x300.webp 225w, https:\/\/maisonmorelli.com\/wp-content\/uploads\/2026\/01\/mur-artistic-restaurant-9x12.webp 9w, https:\/\/maisonmorelli.com\/wp-content\/uploads\/2026\/01\/mur-artistic-restaurant-320x427.webp 320w, https:\/\/maisonmorelli.com\/wp-content\/uploads\/2026\/01\/mur-artistic-restaurant-480x640.webp 480w, https:\/\/maisonmorelli.com\/wp-content\/uploads\/2026\/01\/mur-artistic-restaurant.webp 800w\" sizes=\"(max-width: 768px) 100vw, 768px\" \/>\t\t\t\t\t\t\t\t<\/a>\n\t\t\t\t\t\t\t\t\t\t\t\t\t\t\t<\/div>\n\t\t\t\t<\/div>\n\t\t<div class=\"elementor-element elementor-element-171d158 e-con-full e-flex e-con e-child\" data-id=\"171d158\" data-element_type=\"container\">\n\t\t\t\t<div class=\"elementor-element elementor-element-beb5fb2 elementor-widget elementor-widget-image\" data-id=\"beb5fb2\" data-element_type=\"widget\" data-widget_type=\"image.default\">\n\t\t\t\t\t\t\t\t\t\t\t\t\t\t\t<img decoding=\"async\" width=\"900\" height=\"1250\" src=\"https:\/\/maisonmorelli.com\/wp-content\/uploads\/2026\/01\/mur-artistic-restaurent-bordeaux.webp\" class=\"attachment-full size-full wp-image-1934\" alt=\"\" srcset=\"https:\/\/maisonmorelli.com\/wp-content\/uploads\/2026\/01\/mur-artistic-restaurent-bordeaux.webp 900w, https:\/\/maisonmorelli.com\/wp-content\/uploads\/2026\/01\/mur-artistic-restaurent-bordeaux-216x300.webp 216w, https:\/\/maisonmorelli.com\/wp-content\/uploads\/2026\/01\/mur-artistic-restaurent-bordeaux-737x1024.webp 737w, https:\/\/maisonmorelli.com\/wp-content\/uploads\/2026\/01\/mur-artistic-restaurent-bordeaux-768x1067.webp 768w, https:\/\/maisonmorelli.com\/wp-content\/uploads\/2026\/01\/mur-artistic-restaurent-bordeaux-9x12.webp 9w, https:\/\/maisonmorelli.com\/wp-content\/uploads\/2026\/01\/mur-artistic-restaurent-bordeaux-320x444.webp 320w, https:\/\/maisonmorelli.com\/wp-content\/uploads\/2026\/01\/mur-artistic-restaurent-bordeaux-480x667.webp 480w, https:\/\/maisonmorelli.com\/wp-content\/uploads\/2026\/01\/mur-artistic-restaurent-bordeaux-800x1111.webp 800w\" sizes=\"(max-width: 900px) 100vw, 900px\" \/>\t\t\t\t\t\t\t\t\t\t\t\t\t\t\t<\/div>\n\t\t\t\t<\/div>\n\t\t\t\t\t<\/div>\n\t\t\t\t<\/div>\n\t\t<div class=\"elementor-element elementor-element-447b565 e-grid e-con-boxed e-con e-parent\" data-id=\"447b565\" data-element_type=\"container\">\n\t\t\t\t\t<div class=\"e-con-inner\">\n\t\t<div class=\"elementor-element elementor-element-1c4d07d e-con-full e-flex e-con e-child\" data-id=\"1c4d07d\" data-element_type=\"container\">\n\t\t\t\t<div class=\"elementor-element elementor-element-29d109a elementor-widget elementor-widget-image\" data-id=\"29d109a\" data-element_type=\"widget\" data-widget_type=\"image.default\">\n\t\t\t\t\t\t\t\t\t\t\t\t<figure class=\"wp-caption\">\n\t\t\t\t\t\t\t\t\t\t<img loading=\"lazy\" decoding=\"async\" width=\"948\" height=\"1024\" src=\"https:\/\/maisonmorelli.com\/wp-content\/uploads\/2026\/01\/peinture-sur-mesure-948x1024.webp\" class=\"attachment-large size-large wp-image-1933\" alt=\"\" srcset=\"https:\/\/maisonmorelli.com\/wp-content\/uploads\/2026\/01\/peinture-sur-mesure-948x1024.webp 948w, https:\/\/maisonmorelli.com\/wp-content\/uploads\/2026\/01\/peinture-sur-mesure-278x300.webp 278w, https:\/\/maisonmorelli.com\/wp-content\/uploads\/2026\/01\/peinture-sur-mesure-768x829.webp 768w, https:\/\/maisonmorelli.com\/wp-content\/uploads\/2026\/01\/peinture-sur-mesure-11x12.webp 11w, https:\/\/maisonmorelli.com\/wp-content\/uploads\/2026\/01\/peinture-sur-mesure-320x346.webp 320w, https:\/\/maisonmorelli.com\/wp-content\/uploads\/2026\/01\/peinture-sur-mesure-480x518.webp 480w, https:\/\/maisonmorelli.com\/wp-content\/uploads\/2026\/01\/peinture-sur-mesure-800x864.webp 800w, https:\/\/maisonmorelli.com\/wp-content\/uploads\/2026\/01\/peinture-sur-mesure.webp 1000w\" sizes=\"(max-width: 948px) 100vw, 948px\" \/>\t\t\t\t\t\t\t\t\t\t\t<figcaption class=\"widget-image-caption wp-caption-text\"><\/figcaption>\n\t\t\t\t\t\t\t\t\t\t<\/figure>\n\t\t\t\t\t\t\t\t\t<\/div>\n\t\t\t\t<\/div>\n\t\t<div class=\"elementor-element elementor-element-fb9c837 e-con-full e-flex e-con e-child\" data-id=\"fb9c837\" data-element_type=\"container\">\n\t\t\t\t<div class=\"elementor-element elementor-element-cbcaa31 elementor-widget elementor-widget-heading\" data-id=\"cbcaa31\" data-element_type=\"widget\" data-widget_type=\"heading.default\">\n\t\t\t\t\t<h2 class=\"elementor-heading-title elementor-size-default\">TECHNICAL INFORMATIONS<\/h2>\t\t\t\t<\/div>\n\t\t\t\t<div class=\"elementor-element elementor-element-07e49da elementor-widget-divider--view-line elementor-widget elementor-widget-divider\" data-id=\"07e49da\" data-element_type=\"widget\" data-widget_type=\"divider.default\">\n\t\t\t\t\t\t\t<div class=\"elementor-divider\">\n\t\t\t<span class=\"elementor-divider-separator\">\n\t\t\t\t\t\t<\/span>\n\t\t<\/div>\n\t\t\t\t\t\t<\/div>\n\t\t\t\t<div class=\"elementor-element elementor-element-aa0d51e elementor-widget elementor-widget-text-editor\" data-id=\"aa0d51e\" data-element_type=\"widget\" data-widget_type=\"text-editor.default\">\n\t\t\t\t\t\t\t\t\t<p><strong data-start=\"176\" data-end=\"187\">Support<\/strong> : R\u00e9alisable sur papier peint ou directement peint sur le mur;<\/p><p data-start=\"254\" data-end=\"339\"><strong data-start=\"254\" data-end=\"267\">Technique<\/strong> : D\u00e9cor exclusivement peint \u00e0 la main, selon un savoir-faire artisanal;<\/p><p data-start=\"343\" data-end=\"478\"><strong data-start=\"343\" data-end=\"358\">Inspiration<\/strong> : \u00c9voque la l\u00e9g\u00e8ret\u00e9 de la couleur, travaill\u00e9e en couches successives, entre transparence et profondeur;<\/p><p data-start=\"482\" data-end=\"617\"><strong data-start=\"482\" data-end=\"503\">Gamme chromatique<\/strong> : Enti\u00e8rement personnalisable, le d\u00e9cor peut \u00eatre d\u00e9clin\u00e9 dans toutes les variantes de couleurs;<\/p><p data-start=\"621\" data-end=\"778\"><strong data-start=\"621\" data-end=\"643\">\u00c9chelle des motifs<\/strong> : Effet plus tachet\u00e9 ou plus uniforme;<\/p><p data-start=\"782\" data-end=\"916\"><strong data-start=\"782\" data-end=\"797\">Composition<\/strong> : Composition sur mesure avec l&rsquo;option de r\u00e9aliser un d\u00e9grad\u00e9 de couleurs;<\/p>\t\t\t\t\t\t\t\t<\/div>\n\t\t\t\t<div class=\"elementor-element elementor-element-cdc6ce7 elementor-widget elementor-widget-button\" data-id=\"cdc6ce7\" data-element_type=\"widget\" data-widget_type=\"button.default\">\n\t\t\t\t\t\t\t\t\t\t<a class=\"elementor-button elementor-button-link elementor-size-sm elementor-animation-grow\" href=\"mailto:info@maisonmorelli.com?subject=Demande%20de%20devis%20-%20Glacis\">\n\t\t\t\t\t\t<span class=\"elementor-button-content-wrapper\">\n\t\t\t\t\t\t\t\t\t<span class=\"elementor-button-text\">GET A QUOTE<\/span>\n\t\t\t\t\t<\/span>\n\t\t\t\t\t<\/a>\n\t\t\t\t\t\t\t\t<\/div>\n\t\t\t\t<\/div>\n\t\t\t\t\t<\/div>\n\t\t\t\t<\/div>\n\t\t\t\t<\/div>","protected":false},"excerpt":{"rendered":"<p>GLACIS INFORMATIONS TECHNIQUES Support : R\u00e9alisable sur papier peint ou directement peint sur le mur; Technique : D\u00e9cor exclusivement peint [&hellip;]<\/p>","protected":false},"author":1,"featured_media":1938,"parent":0,"menu_order":0,"comment_status":"closed","ping_status":"closed","template":"","meta":{"site-sidebar-layout":"no-sidebar","site-content-layout":"","ast-site-content-layout":"full-width-container","site-content-style":"default","site-sidebar-style":"default","ast-global-header-display":"","ast-banner-title-visibility":"","ast-main-header-display":"","ast-hfb-above-header-display":"","ast-hfb-below-header-display":"","ast-hfb-mobile-header-display":"","site-post-title":"disabled","ast-breadcrumbs-content":"","ast-featured-img":"disabled","footer-sml-layout":"","theme-transparent-header-meta":"","adv-header-id-meta":"","stick-header-meta":"","header-above-stick-meta":"","header-main-stick-meta":"","header-below-stick-meta":"","astra-migrate-meta-layouts":"default","ast-page-background-enabled":"default","ast-page-background-meta":{"desktop":{"background-color":"var(--ast-global-color-4)","background-image":"","background-repeat":"repeat","background-position":"center center","background-size":"auto","background-attachment":"scroll","background-type":"","background-media":"","overlay-type":"","overlay-color":"","overlay-opacity":"","overlay-gradient":""},"tablet":{"background-color":"","background-image":"","background-repeat":"repeat","background-position":"center center","background-size":"auto","background-attachment":"scroll","background-type":"","background-media":"","overlay-type":"","overlay-color":"","overlay-opacity":"","overlay-gradient":""},"mobile":{"background-color":"","background-image":"","background-repeat":"repeat","background-position":"center center","background-size":"auto","background-attachment":"scroll","background-type":"","background-media":"","overlay-type":"","overlay-color":"","overlay-opacity":"","overlay-gradient":""}},"ast-content-background-meta":{"desktop":{"background-color":"var(--ast-global-color-5)","background-image":"","background-repeat":"repeat","background-position":"center center","background-size":"auto","background-attachment":"scroll","background-type":"","background-media":"","overlay-type":"","overlay-color":"","overlay-opacity":"","overlay-gradient":""},"tablet":{"background-color":"var(--ast-global-color-5)","background-image":"","background-repeat":"repeat","background-position":"center center","background-size":"auto","background-attachment":"scroll","background-type":"","background-media":"","overlay-type":"","overlay-color":"","overlay-opacity":"","overlay-gradient":""},"mobile":{"background-color":"var(--ast-global-color-5)","background-image":"","background-repeat":"repeat","background-position":"center center","background-size":"auto","background-attachment":"scroll","background-type":"","background-media":"","overlay-type":"","overlay-color":"","overlay-opacity":"","overlay-gradient":""}},"footnotes":""},"class_list":["post-1951","page","type-page","status-publish","has-post-thumbnail","hentry"],"yoast_head":"<!-- This site is optimized with the Yoast SEO plugin v26.6 - https:\/\/yoast.com\/wordpress\/plugins\/seo\/ -->\n<title>Glacis - Maison Morelli<\/title>\n<meta name=\"robots\" content=\"index, follow, max-snippet:-1, max-image-preview:large, max-video-preview:-1\" \/>\n<link rel=\"canonical\" href=\"https:\/\/maisonmorelli.com\/en\/glacis\/\" \/>\n<meta property=\"og:locale\" content=\"en_GB\" \/>\n<meta property=\"og:type\" content=\"article\" \/>\n<meta property=\"og:title\" content=\"Glacis - Maison Morelli\" \/>\n<meta property=\"og:description\" content=\"GLACIS INFORMATIONS TECHNIQUES Support : R\u00e9alisable sur papier peint ou directement peint sur le mur; Technique : D\u00e9cor exclusivement peint [&hellip;]\" \/>\n<meta property=\"og:url\" content=\"https:\/\/maisonmorelli.com\/en\/glacis\/\" \/>\n<meta property=\"og:site_name\" content=\"Maison Morelli\" \/>\n<meta property=\"article:publisher\" content=\"https:\/\/www.facebook.com\/ileniamorelli.decorazione\" \/>\n<meta property=\"article:modified_time\" content=\"2026-01-12T10:26:39+00:00\" \/>\n<meta property=\"og:image\" content=\"https:\/\/maisonmorelli.com\/wp-content\/uploads\/2026\/01\/mur-artistic-restaurant.webp\" \/>\n\t<meta property=\"og:image:width\" content=\"800\" \/>\n\t<meta property=\"og:image:height\" content=\"1067\" \/>\n\t<meta property=\"og:image:type\" content=\"image\/webp\" \/>\n<meta name=\"twitter:card\" content=\"summary_large_image\" \/>\n<meta name=\"twitter:label1\" content=\"Estimated reading time\" \/>\n\t<meta name=\"twitter:data1\" content=\"1 minute\" \/>\n<script type=\"application\/ld+json\" class=\"yoast-schema-graph\">{\"@context\":\"https:\/\/schema.org\",\"@graph\":[{\"@type\":\"WebPage\",\"@id\":\"https:\/\/maisonmorelli.com\/glacis\/\",\"url\":\"https:\/\/maisonmorelli.com\/glacis\/\",\"name\":\"Glacis - Maison Morelli\",\"isPartOf\":{\"@id\":\"https:\/\/maisonmorelli.com\/#website\"},\"primaryImageOfPage\":{\"@id\":\"https:\/\/maisonmorelli.com\/glacis\/#primaryimage\"},\"image\":{\"@id\":\"https:\/\/maisonmorelli.com\/glacis\/#primaryimage\"},\"thumbnailUrl\":\"https:\/\/maisonmorelli.com\/wp-content\/uploads\/2026\/01\/mur-artistic-restaurant.webp\",\"datePublished\":\"2026-01-03T10:37:38+00:00\",\"dateModified\":\"2026-01-12T10:26:39+00:00\",\"breadcrumb\":{\"@id\":\"https:\/\/maisonmorelli.com\/glacis\/#breadcrumb\"},\"inLanguage\":\"en-GB\",\"potentialAction\":[{\"@type\":\"ReadAction\",\"target\":[\"https:\/\/maisonmorelli.com\/glacis\/\"]}]},{\"@type\":\"ImageObject\",\"inLanguage\":\"en-GB\",\"@id\":\"https:\/\/maisonmorelli.com\/glacis\/#primaryimage\",\"url\":\"https:\/\/maisonmorelli.com\/wp-content\/uploads\/2026\/01\/mur-artistic-restaurant.webp\",\"contentUrl\":\"https:\/\/maisonmorelli.com\/wp-content\/uploads\/2026\/01\/mur-artistic-restaurant.webp\",\"width\":800,\"height\":1067},{\"@type\":\"BreadcrumbList\",\"@id\":\"https:\/\/maisonmorelli.com\/glacis\/#breadcrumb\",\"itemListElement\":[{\"@type\":\"ListItem\",\"position\":1,\"name\":\"Accueil\",\"item\":\"https:\/\/maisonmorelli.com\/\"},{\"@type\":\"ListItem\",\"position\":2,\"name\":\"Glacis\"}]},{\"@type\":\"WebSite\",\"@id\":\"https:\/\/maisonmorelli.com\/#website\",\"url\":\"https:\/\/maisonmorelli.com\/\",\"name\":\"IM Decorations\",\"description\":\"D\u00e9corations peints \u00e0 la main\",\"publisher\":{\"@id\":\"https:\/\/maisonmorelli.com\/#organization\"},\"potentialAction\":[{\"@type\":\"SearchAction\",\"target\":{\"@type\":\"EntryPoint\",\"urlTemplate\":\"https:\/\/maisonmorelli.com\/?s={search_term_string}\"},\"query-input\":{\"@type\":\"PropertyValueSpecification\",\"valueRequired\":true,\"valueName\":\"search_term_string\"}}],\"inLanguage\":\"en-GB\"},{\"@type\":\"Organization\",\"@id\":\"https:\/\/maisonmorelli.com\/#organization\",\"name\":\"IM Decorations\",\"url\":\"https:\/\/maisonmorelli.com\/\",\"logo\":{\"@type\":\"ImageObject\",\"inLanguage\":\"en-GB\",\"@id\":\"https:\/\/maisonmorelli.com\/#\/schema\/logo\/image\/\",\"url\":\"https:\/\/maisonmorelli.com\/wp-content\/uploads\/2025\/12\/Maison-Morelli-Peinture-decorative-Logo-scaled.png\",\"contentUrl\":\"https:\/\/maisonmorelli.com\/wp-content\/uploads\/2025\/12\/Maison-Morelli-Peinture-decorative-Logo-scaled.png\",\"width\":2560,\"height\":410,\"caption\":\"IM Decorations\"},\"image\":{\"@id\":\"https:\/\/maisonmorelli.com\/#\/schema\/logo\/image\/\"},\"sameAs\":[\"https:\/\/www.facebook.com\/ileniamorelli.decorazione\",\"https:\/\/www.instagram.com\/imdecorations?utm_source=ig_web_button_share_sheet&igsh=ZDNlZDc0MzIxNw==\"]}]}<\/script>\n<!-- \/ Yoast SEO plugin. -->","yoast_head_json":{"title":"Glacis - Maison Morelli","robots":{"index":"index","follow":"follow","max-snippet":"max-snippet:-1","max-image-preview":"max-image-preview:large","max-video-preview":"max-video-preview:-1"},"canonical":"https:\/\/maisonmorelli.com\/en\/glacis\/","og_locale":"en_GB","og_type":"article","og_title":"Glacis - Maison Morelli","og_description":"GLACIS INFORMATIONS TECHNIQUES Support : R\u00e9alisable sur papier peint ou directement peint sur le mur; Technique : D\u00e9cor exclusivement peint [&hellip;]","og_url":"https:\/\/maisonmorelli.com\/en\/glacis\/","og_site_name":"Maison Morelli","article_publisher":"https:\/\/www.facebook.com\/ileniamorelli.decorazione","article_modified_time":"2026-01-12T10:26:39+00:00","og_image":[{"width":800,"height":1067,"url":"https:\/\/maisonmorelli.com\/wp-content\/uploads\/2026\/01\/mur-artistic-restaurant.webp","type":"image\/webp"}],"twitter_card":"summary_large_image","twitter_misc":{"Estimated reading time":"1 minute"},"schema":{"@context":"https:\/\/schema.org","@graph":[{"@type":"WebPage","@id":"https:\/\/maisonmorelli.com\/glacis\/","url":"https:\/\/maisonmorelli.com\/glacis\/","name":"Glacis - Maison Morelli","isPartOf":{"@id":"https:\/\/maisonmorelli.com\/#website"},"primaryImageOfPage":{"@id":"https:\/\/maisonmorelli.com\/glacis\/#primaryimage"},"image":{"@id":"https:\/\/maisonmorelli.com\/glacis\/#primaryimage"},"thumbnailUrl":"https:\/\/maisonmorelli.com\/wp-content\/uploads\/2026\/01\/mur-artistic-restaurant.webp","datePublished":"2026-01-03T10:37:38+00:00","dateModified":"2026-01-12T10:26:39+00:00","breadcrumb":{"@id":"https:\/\/maisonmorelli.com\/glacis\/#breadcrumb"},"inLanguage":"en-GB","potentialAction":[{"@type":"ReadAction","target":["https:\/\/maisonmorelli.com\/glacis\/"]}]},{"@type":"ImageObject","inLanguage":"en-GB","@id":"https:\/\/maisonmorelli.com\/glacis\/#primaryimage","url":"https:\/\/maisonmorelli.com\/wp-content\/uploads\/2026\/01\/mur-artistic-restaurant.webp","contentUrl":"https:\/\/maisonmorelli.com\/wp-content\/uploads\/2026\/01\/mur-artistic-restaurant.webp","width":800,"height":1067},{"@type":"BreadcrumbList","@id":"https:\/\/maisonmorelli.com\/glacis\/#breadcrumb","itemListElement":[{"@type":"ListItem","position":1,"name":"Accueil","item":"https:\/\/maisonmorelli.com\/"},{"@type":"ListItem","position":2,"name":"Glacis"}]},{"@type":"WebSite","@id":"https:\/\/maisonmorelli.com\/#website","url":"https:\/\/maisonmorelli.com\/","name":"IM Decorations","description":"D\u00e9corations peints \u00e0 la main","publisher":{"@id":"https:\/\/maisonmorelli.com\/#organization"},"potentialAction":[{"@type":"SearchAction","target":{"@type":"EntryPoint","urlTemplate":"https:\/\/maisonmorelli.com\/?s={search_term_string}"},"query-input":{"@type":"PropertyValueSpecification","valueRequired":true,"valueName":"search_term_string"}}],"inLanguage":"en-GB"},{"@type":"Organization","@id":"https:\/\/maisonmorelli.com\/#organization","name":"IM Decorations","url":"https:\/\/maisonmorelli.com\/","logo":{"@type":"ImageObject","inLanguage":"en-GB","@id":"https:\/\/maisonmorelli.com\/#\/schema\/logo\/image\/","url":"https:\/\/maisonmorelli.com\/wp-content\/uploads\/2025\/12\/Maison-Morelli-Peinture-decorative-Logo-scaled.png","contentUrl":"https:\/\/maisonmorelli.com\/wp-content\/uploads\/2025\/12\/Maison-Morelli-Peinture-decorative-Logo-scaled.png","width":2560,"height":410,"caption":"IM Decorations"},"image":{"@id":"https:\/\/maisonmorelli.com\/#\/schema\/logo\/image\/"},"sameAs":["https:\/\/www.facebook.com\/ileniamorelli.decorazione","https:\/\/www.instagram.com\/imdecorations?utm_source=ig_web_button_share_sheet&igsh=ZDNlZDc0MzIxNw=="]}]}},"_links":{"self":[{"href":"https:\/\/maisonmorelli.com\/en\/wp-json\/wp\/v2\/pages\/1951","targetHints":{"allow":["GET"]}}],"collection":[{"href":"https:\/\/maisonmorelli.com\/en\/wp-json\/wp\/v2\/pages"}],"about":[{"href":"https:\/\/maisonmorelli.com\/en\/wp-json\/wp\/v2\/types\/page"}],"author":[{"embeddable":true,"href":"https:\/\/maisonmorelli.com\/en\/wp-json\/wp\/v2\/users\/1"}],"replies":[{"embeddable":true,"href":"https:\/\/maisonmorelli.com\/en\/wp-json\/wp\/v2\/comments?post=1951"}],"version-history":[{"count":10,"href":"https:\/\/maisonmorelli.com\/en\/wp-json\/wp\/v2\/pages\/1951\/revisions"}],"predecessor-version":[{"id":2515,"href":"https:\/\/maisonmorelli.com\/en\/wp-json\/wp\/v2\/pages\/1951\/revisions\/2515"}],"wp:featuredmedia":[{"embeddable":true,"href":"https:\/\/maisonmorelli.com\/en\/wp-json\/wp\/v2\/media\/1938"}],"wp:attachment":[{"href":"https:\/\/maisonmorelli.com\/en\/wp-json\/wp\/v2\/media?parent=1951"}],"curies":[{"name":"wp","href":"https:\/\/api.w.org\/{rel}","templated":true}]}}