{"id":1960,"date":"2026-01-03T10:47:26","date_gmt":"2026-01-03T10:47:26","guid":{"rendered":"https:\/\/maisonmorelli.com\/?page_id=1960"},"modified":"2026-01-12T10:26:20","modified_gmt":"2026-01-12T10:26:20","slug":"imitations-materiaux","status":"publish","type":"page","link":"https:\/\/maisonmorelli.com\/en\/imitations-materiaux\/","title":{"rendered":"Material's Imitation"},"content":{"rendered":"<div data-elementor-type=\"wp-page\" data-elementor-id=\"1960\" class=\"elementor elementor-1960\">\n\t\t\t\t<div class=\"elementor-element elementor-element-1c8d11c e-con-full e-flex e-con e-child\" data-id=\"1c8d11c\" data-element_type=\"container\">\n\t\t\t\t<div class=\"elementor-element elementor-element-c7832de elementor-widget elementor-widget-heading\" data-id=\"c7832de\" data-element_type=\"widget\" data-widget_type=\"heading.default\">\n\t\t\t\t\t<h2 class=\"elementor-heading-title elementor-size-default\">IMITATIONS MAT\u00c9RIAUX<\/h2>\t\t\t\t<\/div>\n\t\t\t\t<div class=\"elementor-element elementor-element-14837ca elementor-widget-divider--view-line elementor-widget elementor-widget-divider\" data-id=\"14837ca\" data-element_type=\"widget\" data-widget_type=\"divider.default\">\n\t\t\t\t\t\t\t<div class=\"elementor-divider\">\n\t\t\t<span class=\"elementor-divider-separator\">\n\t\t\t\t\t\t<\/span>\n\t\t<\/div>\n\t\t\t\t\t\t<\/div>\n\t\t\t\t<\/div>\n\t\t<div class=\"elementor-element elementor-element-3d8cc4d e-grid e-con-boxed e-con e-parent\" data-id=\"3d8cc4d\" data-element_type=\"container\">\n\t\t\t\t\t<div class=\"e-con-inner\">\n\t\t<div class=\"elementor-element elementor-element-ae2c1f5 e-con-full e-flex e-con e-child\" data-id=\"ae2c1f5\" data-element_type=\"container\">\n\t\t\t\t<div class=\"elementor-element elementor-element-dfbf3cd elementor-widget elementor-widget-image\" data-id=\"dfbf3cd\" data-element_type=\"widget\" data-widget_type=\"image.default\">\n\t\t\t\t\t\t\t\t\t\t\t\t\t\t\t<img fetchpriority=\"high\" decoding=\"async\" width=\"800\" height=\"1792\" src=\"https:\/\/maisonmorelli.com\/wp-content\/uploads\/2026\/01\/decor-fait-main-bordeaux.webp\" class=\"attachment-full size-full wp-image-1942\" alt=\"\" srcset=\"https:\/\/maisonmorelli.com\/wp-content\/uploads\/2026\/01\/decor-fait-main-bordeaux.webp 800w, https:\/\/maisonmorelli.com\/wp-content\/uploads\/2026\/01\/decor-fait-main-bordeaux-134x300.webp 134w, https:\/\/maisonmorelli.com\/wp-content\/uploads\/2026\/01\/decor-fait-main-bordeaux-457x1024.webp 457w, https:\/\/maisonmorelli.com\/wp-content\/uploads\/2026\/01\/decor-fait-main-bordeaux-768x1720.webp 768w, https:\/\/maisonmorelli.com\/wp-content\/uploads\/2026\/01\/decor-fait-main-bordeaux-686x1536.webp 686w, https:\/\/maisonmorelli.com\/wp-content\/uploads\/2026\/01\/decor-fait-main-bordeaux-5x12.webp 5w, https:\/\/maisonmorelli.com\/wp-content\/uploads\/2026\/01\/decor-fait-main-bordeaux-320x717.webp 320w, https:\/\/maisonmorelli.com\/wp-content\/uploads\/2026\/01\/decor-fait-main-bordeaux-480x1075.webp 480w\" sizes=\"(max-width: 800px) 100vw, 800px\" \/>\t\t\t\t\t\t\t\t\t\t\t\t\t\t\t<\/div>\n\t\t\t\t<\/div>\n\t\t<div class=\"elementor-element elementor-element-04a1036 e-con-full e-flex e-con e-child\" data-id=\"04a1036\" data-element_type=\"container\">\n\t\t\t\t<div class=\"elementor-element elementor-element-83bc41d elementor-widget elementor-widget-image\" data-id=\"83bc41d\" data-element_type=\"widget\" data-widget_type=\"image.default\">\n\t\t\t\t\t\t\t\t\t\t\t\t\t\t\t\t<a href=\"https:\/\/maisonmorelli.com\/wp-content\/uploads\/2026\/01\/mur-sur-mesure.webp\" data-elementor-open-lightbox=\"yes\" data-elementor-lightbox-title=\"mur-sur-mesure\" data-e-action-hash=\"#elementor-action%3Aaction%3Dlightbox%26settings%3DeyJpZCI6MTk2NSwidXJsIjoiaHR0cHM6XC9cL21haXNvbm1vcmVsbGkuY29tXC93cC1jb250ZW50XC91cGxvYWRzXC8yMDI2XC8wMVwvbXVyLXN1ci1tZXN1cmUud2VicCJ9\">\n\t\t\t\t\t\t\t<img decoding=\"async\" width=\"500\" height=\"667\" src=\"https:\/\/maisonmorelli.com\/wp-content\/uploads\/2026\/01\/mur-sur-mesure.webp\" class=\"attachment-large size-large wp-image-1965\" alt=\"\" srcset=\"https:\/\/maisonmorelli.com\/wp-content\/uploads\/2026\/01\/mur-sur-mesure.webp 500w, https:\/\/maisonmorelli.com\/wp-content\/uploads\/2026\/01\/mur-sur-mesure-225x300.webp 225w, https:\/\/maisonmorelli.com\/wp-content\/uploads\/2026\/01\/mur-sur-mesure-9x12.webp 9w, https:\/\/maisonmorelli.com\/wp-content\/uploads\/2026\/01\/mur-sur-mesure-320x427.webp 320w, https:\/\/maisonmorelli.com\/wp-content\/uploads\/2026\/01\/mur-sur-mesure-480x640.webp 480w\" sizes=\"(max-width: 500px) 100vw, 500px\" \/>\t\t\t\t\t\t\t\t<\/a>\n\t\t\t\t\t\t\t\t\t\t\t\t\t\t\t<\/div>\n\t\t\t\t<\/div>\n\t\t<div class=\"elementor-element elementor-element-8beeac7 e-con-full e-flex e-con e-child\" data-id=\"8beeac7\" data-element_type=\"container\">\n\t\t\t\t<div class=\"elementor-element elementor-element-f748fdb elementor-widget elementor-widget-image\" data-id=\"f748fdb\" data-element_type=\"widget\" data-widget_type=\"image.default\">\n\t\t\t\t\t\t\t\t\t\t\t\t\t\t\t<img decoding=\"async\" width=\"900\" height=\"965\" src=\"https:\/\/maisonmorelli.com\/wp-content\/uploads\/2026\/01\/decor-fait-main.webp\" class=\"attachment-full size-full wp-image-1939\" alt=\"\" srcset=\"https:\/\/maisonmorelli.com\/wp-content\/uploads\/2026\/01\/decor-fait-main.webp 900w, https:\/\/maisonmorelli.com\/wp-content\/uploads\/2026\/01\/decor-fait-main-280x300.webp 280w, https:\/\/maisonmorelli.com\/wp-content\/uploads\/2026\/01\/decor-fait-main-768x823.webp 768w, https:\/\/maisonmorelli.com\/wp-content\/uploads\/2026\/01\/decor-fait-main-11x12.webp 11w, https:\/\/maisonmorelli.com\/wp-content\/uploads\/2026\/01\/decor-fait-main-320x343.webp 320w, https:\/\/maisonmorelli.com\/wp-content\/uploads\/2026\/01\/decor-fait-main-480x515.webp 480w, https:\/\/maisonmorelli.com\/wp-content\/uploads\/2026\/01\/decor-fait-main-800x858.webp 800w\" sizes=\"(max-width: 900px) 100vw, 900px\" \/>\t\t\t\t\t\t\t\t\t\t\t\t\t\t\t<\/div>\n\t\t\t\t<\/div>\n\t\t\t\t\t<\/div>\n\t\t\t\t<\/div>\n\t\t<div class=\"elementor-element elementor-element-ef15e85 e-grid e-con-boxed e-con e-parent\" data-id=\"ef15e85\" data-element_type=\"container\">\n\t\t\t\t\t<div class=\"e-con-inner\">\n\t\t<div class=\"elementor-element elementor-element-da96961 e-con-full e-flex e-con e-child\" data-id=\"da96961\" data-element_type=\"container\">\n\t\t\t\t<div class=\"elementor-element elementor-element-5632efd elementor-widget elementor-widget-image\" data-id=\"5632efd\" data-element_type=\"widget\" data-widget_type=\"image.default\">\n\t\t\t\t\t\t\t\t\t\t\t\t<figure class=\"wp-caption\">\n\t\t\t\t\t\t\t\t\t\t<img loading=\"lazy\" decoding=\"async\" width=\"768\" height=\"1024\" src=\"https:\/\/maisonmorelli.com\/wp-content\/uploads\/2026\/01\/peinture-decorative-exterieure-bordeaux-768x1024.webp\" class=\"attachment-large size-large wp-image-1941\" alt=\"\" srcset=\"https:\/\/maisonmorelli.com\/wp-content\/uploads\/2026\/01\/peinture-decorative-exterieure-bordeaux-768x1024.webp 768w, https:\/\/maisonmorelli.com\/wp-content\/uploads\/2026\/01\/peinture-decorative-exterieure-bordeaux-225x300.webp 225w, https:\/\/maisonmorelli.com\/wp-content\/uploads\/2026\/01\/peinture-decorative-exterieure-bordeaux-9x12.webp 9w, https:\/\/maisonmorelli.com\/wp-content\/uploads\/2026\/01\/peinture-decorative-exterieure-bordeaux-320x427.webp 320w, https:\/\/maisonmorelli.com\/wp-content\/uploads\/2026\/01\/peinture-decorative-exterieure-bordeaux-480x640.webp 480w, https:\/\/maisonmorelli.com\/wp-content\/uploads\/2026\/01\/peinture-decorative-exterieure-bordeaux.webp 800w\" sizes=\"(max-width: 768px) 100vw, 768px\" \/>\t\t\t\t\t\t\t\t\t\t\t<figcaption class=\"widget-image-caption wp-caption-text\"><\/figcaption>\n\t\t\t\t\t\t\t\t\t\t<\/figure>\n\t\t\t\t\t\t\t\t\t<\/div>\n\t\t\t\t<\/div>\n\t\t<div class=\"elementor-element elementor-element-8a4df70 e-con-full e-flex e-con e-child\" data-id=\"8a4df70\" data-element_type=\"container\">\n\t\t\t\t<div class=\"elementor-element elementor-element-5c45bd7 elementor-widget elementor-widget-heading\" data-id=\"5c45bd7\" data-element_type=\"widget\" data-widget_type=\"heading.default\">\n\t\t\t\t\t<h2 class=\"elementor-heading-title elementor-size-default\">TECHNICAL INFORMATIONS<\/h2>\t\t\t\t<\/div>\n\t\t\t\t<div class=\"elementor-element elementor-element-43abcb0 elementor-widget-divider--view-line elementor-widget elementor-widget-divider\" data-id=\"43abcb0\" data-element_type=\"widget\" data-widget_type=\"divider.default\">\n\t\t\t\t\t\t\t<div class=\"elementor-divider\">\n\t\t\t<span class=\"elementor-divider-separator\">\n\t\t\t\t\t\t<\/span>\n\t\t<\/div>\n\t\t\t\t\t\t<\/div>\n\t\t\t\t<div class=\"elementor-element elementor-element-2c92bd3 elementor-widget elementor-widget-text-editor\" data-id=\"2c92bd3\" data-element_type=\"widget\" data-widget_type=\"text-editor.default\">\n\t\t\t\t\t\t\t\t\t<p><strong data-start=\"176\" data-end=\"187\">Support<\/strong> : R\u00e9alisable sur papier peint ou directement peint sur le mur;<\/p><p data-start=\"254\" data-end=\"339\"><strong data-start=\"254\" data-end=\"267\">Technique<\/strong> : D\u00e9cor exclusivement peint \u00e0 la main, selon un savoir-faire artisanal;<\/p><p data-start=\"343\" data-end=\"478\"><strong data-start=\"343\" data-end=\"358\">Inspiration<\/strong> : Inspir\u00e9 par toutes les mati\u00e8res qui nous entourent;<\/p><p data-start=\"482\" data-end=\"617\"><strong data-start=\"482\" data-end=\"503\">Gamme chromatique<\/strong> : Enti\u00e8rement personnalisable, le d\u00e9cor peut \u00eatre d\u00e9clin\u00e9 dans toutes les variantes de couleurs;<\/p><p data-start=\"621\" data-end=\"778\"><strong data-start=\"621\" data-end=\"643\">\u00c9chelle des motifs<\/strong> : Les reproduction peuvent \u00eatre r\u00e9alis\u00e9s dans diff\u00e9rentes dimensions, avec des variations d\u2019\u00e9chelle;<\/p><p data-start=\"782\" data-end=\"916\"><strong data-start=\"782\" data-end=\"797\">Composition<\/strong> : Diff\u00e9rentes mati\u00e8res peuvent \u00eatre r\u00e9alis\u00e9es tel que faux marbre, faux bois, faux acier corten et bien d\u2019autres encore.<\/p>\t\t\t\t\t\t\t\t<\/div>\n\t\t\t\t<div class=\"elementor-element elementor-element-0352d7d elementor-widget elementor-widget-button\" data-id=\"0352d7d\" data-element_type=\"widget\" data-widget_type=\"button.default\">\n\t\t\t\t\t\t\t\t\t\t<a class=\"elementor-button elementor-button-link elementor-size-sm elementor-animation-grow\" href=\"mailto:info@maisonmorelli.com?subject=Demande%20de%20devis%20-%20Imitations%20Mat\u00e9riaux\">\n\t\t\t\t\t\t<span class=\"elementor-button-content-wrapper\">\n\t\t\t\t\t\t\t\t\t<span class=\"elementor-button-text\">GET A QUOTE<\/span>\n\t\t\t\t\t<\/span>\n\t\t\t\t\t<\/a>\n\t\t\t\t\t\t\t\t<\/div>\n\t\t\t\t<\/div>\n\t\t\t\t\t<\/div>\n\t\t\t\t<\/div>\n\t\t\t\t<\/div>","protected":false},"excerpt":{"rendered":"<p>IMITATIONS MAT\u00c9RIAUX INFORMATIONS TECHNIQUES Support : R\u00e9alisable sur papier peint ou directement peint sur le mur; Technique : D\u00e9cor exclusivement [&hellip;]<\/p>","protected":false},"author":1,"featured_media":1939,"parent":0,"menu_order":0,"comment_status":"closed","ping_status":"closed","template":"","meta":{"site-sidebar-layout":"no-sidebar","site-content-layout":"","ast-site-content-layout":"full-width-container","site-content-style":"default","site-sidebar-style":"default","ast-global-header-display":"","ast-banner-title-visibility":"","ast-main-header-display":"","ast-hfb-above-header-display":"","ast-hfb-below-header-display":"","ast-hfb-mobile-header-display":"","site-post-title":"disabled","ast-breadcrumbs-content":"","ast-featured-img":"disabled","footer-sml-layout":"","theme-transparent-header-meta":"","adv-header-id-meta":"","stick-header-meta":"","header-above-stick-meta":"","header-main-stick-meta":"","header-below-stick-meta":"","astra-migrate-meta-layouts":"default","ast-page-background-enabled":"default","ast-page-background-meta":{"desktop":{"background-color":"var(--ast-global-color-4)","background-image":"","background-repeat":"repeat","background-position":"center center","background-size":"auto","background-attachment":"scroll","background-type":"","background-media":"","overlay-type":"","overlay-color":"","overlay-opacity":"","overlay-gradient":""},"tablet":{"background-color":"","background-image":"","background-repeat":"repeat","background-position":"center center","background-size":"auto","background-attachment":"scroll","background-type":"","background-media":"","overlay-type":"","overlay-color":"","overlay-opacity":"","overlay-gradient":""},"mobile":{"background-color":"","background-image":"","background-repeat":"repeat","background-position":"center center","background-size":"auto","background-attachment":"scroll","background-type":"","background-media":"","overlay-type":"","overlay-color":"","overlay-opacity":"","overlay-gradient":""}},"ast-content-background-meta":{"desktop":{"background-color":"var(--ast-global-color-5)","background-image":"","background-repeat":"repeat","background-position":"center center","background-size":"auto","background-attachment":"scroll","background-type":"","background-media":"","overlay-type":"","overlay-color":"","overlay-opacity":"","overlay-gradient":""},"tablet":{"background-color":"var(--ast-global-color-5)","background-image":"","background-repeat":"repeat","background-position":"center center","background-size":"auto","background-attachment":"scroll","background-type":"","background-media":"","overlay-type":"","overlay-color":"","overlay-opacity":"","overlay-gradient":""},"mobile":{"background-color":"var(--ast-global-color-5)","background-image":"","background-repeat":"repeat","background-position":"center center","background-size":"auto","background-attachment":"scroll","background-type":"","background-media":"","overlay-type":"","overlay-color":"","overlay-opacity":"","overlay-gradient":""}},"footnotes":""},"class_list":["post-1960","page","type-page","status-publish","has-post-thumbnail","hentry"],"yoast_head":"<!-- This site is optimized with the Yoast SEO plugin v26.6 - https:\/\/yoast.com\/wordpress\/plugins\/seo\/ -->\n<title>Imitations Mat\u00e9riaux - Maison Morelli<\/title>\n<meta name=\"robots\" content=\"index, follow, max-snippet:-1, max-image-preview:large, max-video-preview:-1\" \/>\n<link rel=\"canonical\" href=\"https:\/\/maisonmorelli.com\/en\/imitations-materiaux\/\" \/>\n<meta property=\"og:locale\" content=\"en_GB\" \/>\n<meta property=\"og:type\" content=\"article\" \/>\n<meta property=\"og:title\" content=\"Imitations Mat\u00e9riaux - Maison Morelli\" \/>\n<meta property=\"og:description\" content=\"IMITATIONS MAT\u00c9RIAUX INFORMATIONS TECHNIQUES Support : R\u00e9alisable sur papier peint ou directement peint sur le mur; Technique : D\u00e9cor exclusivement [&hellip;]\" \/>\n<meta property=\"og:url\" content=\"https:\/\/maisonmorelli.com\/en\/imitations-materiaux\/\" \/>\n<meta property=\"og:site_name\" content=\"Maison Morelli\" \/>\n<meta property=\"article:publisher\" content=\"https:\/\/www.facebook.com\/ileniamorelli.decorazione\" \/>\n<meta property=\"article:modified_time\" content=\"2026-01-12T10:26:20+00:00\" \/>\n<meta property=\"og:image\" content=\"https:\/\/maisonmorelli.com\/wp-content\/uploads\/2026\/01\/decor-fait-main.webp\" \/>\n\t<meta property=\"og:image:width\" content=\"900\" \/>\n\t<meta property=\"og:image:height\" content=\"965\" \/>\n\t<meta property=\"og:image:type\" content=\"image\/webp\" \/>\n<meta name=\"twitter:card\" content=\"summary_large_image\" \/>\n<meta name=\"twitter:label1\" content=\"Estimated reading time\" \/>\n\t<meta name=\"twitter:data1\" content=\"1 minute\" \/>\n<script type=\"application\/ld+json\" class=\"yoast-schema-graph\">{\"@context\":\"https:\/\/schema.org\",\"@graph\":[{\"@type\":\"WebPage\",\"@id\":\"https:\/\/maisonmorelli.com\/imitations-materiaux\/\",\"url\":\"https:\/\/maisonmorelli.com\/imitations-materiaux\/\",\"name\":\"Imitations Mat\u00e9riaux - Maison Morelli\",\"isPartOf\":{\"@id\":\"https:\/\/maisonmorelli.com\/#website\"},\"primaryImageOfPage\":{\"@id\":\"https:\/\/maisonmorelli.com\/imitations-materiaux\/#primaryimage\"},\"image\":{\"@id\":\"https:\/\/maisonmorelli.com\/imitations-materiaux\/#primaryimage\"},\"thumbnailUrl\":\"https:\/\/maisonmorelli.com\/wp-content\/uploads\/2026\/01\/decor-fait-main.webp\",\"datePublished\":\"2026-01-03T10:47:26+00:00\",\"dateModified\":\"2026-01-12T10:26:20+00:00\",\"breadcrumb\":{\"@id\":\"https:\/\/maisonmorelli.com\/imitations-materiaux\/#breadcrumb\"},\"inLanguage\":\"en-GB\",\"potentialAction\":[{\"@type\":\"ReadAction\",\"target\":[\"https:\/\/maisonmorelli.com\/imitations-materiaux\/\"]}]},{\"@type\":\"ImageObject\",\"inLanguage\":\"en-GB\",\"@id\":\"https:\/\/maisonmorelli.com\/imitations-materiaux\/#primaryimage\",\"url\":\"https:\/\/maisonmorelli.com\/wp-content\/uploads\/2026\/01\/decor-fait-main.webp\",\"contentUrl\":\"https:\/\/maisonmorelli.com\/wp-content\/uploads\/2026\/01\/decor-fait-main.webp\",\"width\":900,\"height\":965},{\"@type\":\"BreadcrumbList\",\"@id\":\"https:\/\/maisonmorelli.com\/imitations-materiaux\/#breadcrumb\",\"itemListElement\":[{\"@type\":\"ListItem\",\"position\":1,\"name\":\"Accueil\",\"item\":\"https:\/\/maisonmorelli.com\/\"},{\"@type\":\"ListItem\",\"position\":2,\"name\":\"Imitations Mat\u00e9riaux\"}]},{\"@type\":\"WebSite\",\"@id\":\"https:\/\/maisonmorelli.com\/#website\",\"url\":\"https:\/\/maisonmorelli.com\/\",\"name\":\"IM Decorations\",\"description\":\"D\u00e9corations peints \u00e0 la main\",\"publisher\":{\"@id\":\"https:\/\/maisonmorelli.com\/#organization\"},\"potentialAction\":[{\"@type\":\"SearchAction\",\"target\":{\"@type\":\"EntryPoint\",\"urlTemplate\":\"https:\/\/maisonmorelli.com\/?s={search_term_string}\"},\"query-input\":{\"@type\":\"PropertyValueSpecification\",\"valueRequired\":true,\"valueName\":\"search_term_string\"}}],\"inLanguage\":\"en-GB\"},{\"@type\":\"Organization\",\"@id\":\"https:\/\/maisonmorelli.com\/#organization\",\"name\":\"IM Decorations\",\"url\":\"https:\/\/maisonmorelli.com\/\",\"logo\":{\"@type\":\"ImageObject\",\"inLanguage\":\"en-GB\",\"@id\":\"https:\/\/maisonmorelli.com\/#\/schema\/logo\/image\/\",\"url\":\"https:\/\/maisonmorelli.com\/wp-content\/uploads\/2025\/12\/Maison-Morelli-Peinture-decorative-Logo-scaled.png\",\"contentUrl\":\"https:\/\/maisonmorelli.com\/wp-content\/uploads\/2025\/12\/Maison-Morelli-Peinture-decorative-Logo-scaled.png\",\"width\":2560,\"height\":410,\"caption\":\"IM Decorations\"},\"image\":{\"@id\":\"https:\/\/maisonmorelli.com\/#\/schema\/logo\/image\/\"},\"sameAs\":[\"https:\/\/www.facebook.com\/ileniamorelli.decorazione\",\"https:\/\/www.instagram.com\/imdecorations?utm_source=ig_web_button_share_sheet&igsh=ZDNlZDc0MzIxNw==\"]}]}<\/script>\n<!-- \/ Yoast SEO plugin. -->","yoast_head_json":{"title":"Imitations Mat\u00e9riaux - Maison Morelli","robots":{"index":"index","follow":"follow","max-snippet":"max-snippet:-1","max-image-preview":"max-image-preview:large","max-video-preview":"max-video-preview:-1"},"canonical":"https:\/\/maisonmorelli.com\/en\/imitations-materiaux\/","og_locale":"en_GB","og_type":"article","og_title":"Imitations Mat\u00e9riaux - Maison Morelli","og_description":"IMITATIONS MAT\u00c9RIAUX INFORMATIONS TECHNIQUES Support : R\u00e9alisable sur papier peint ou directement peint sur le mur; Technique : D\u00e9cor exclusivement [&hellip;]","og_url":"https:\/\/maisonmorelli.com\/en\/imitations-materiaux\/","og_site_name":"Maison Morelli","article_publisher":"https:\/\/www.facebook.com\/ileniamorelli.decorazione","article_modified_time":"2026-01-12T10:26:20+00:00","og_image":[{"width":900,"height":965,"url":"https:\/\/maisonmorelli.com\/wp-content\/uploads\/2026\/01\/decor-fait-main.webp","type":"image\/webp"}],"twitter_card":"summary_large_image","twitter_misc":{"Estimated reading time":"1 minute"},"schema":{"@context":"https:\/\/schema.org","@graph":[{"@type":"WebPage","@id":"https:\/\/maisonmorelli.com\/imitations-materiaux\/","url":"https:\/\/maisonmorelli.com\/imitations-materiaux\/","name":"Imitations Mat\u00e9riaux - Maison Morelli","isPartOf":{"@id":"https:\/\/maisonmorelli.com\/#website"},"primaryImageOfPage":{"@id":"https:\/\/maisonmorelli.com\/imitations-materiaux\/#primaryimage"},"image":{"@id":"https:\/\/maisonmorelli.com\/imitations-materiaux\/#primaryimage"},"thumbnailUrl":"https:\/\/maisonmorelli.com\/wp-content\/uploads\/2026\/01\/decor-fait-main.webp","datePublished":"2026-01-03T10:47:26+00:00","dateModified":"2026-01-12T10:26:20+00:00","breadcrumb":{"@id":"https:\/\/maisonmorelli.com\/imitations-materiaux\/#breadcrumb"},"inLanguage":"en-GB","potentialAction":[{"@type":"ReadAction","target":["https:\/\/maisonmorelli.com\/imitations-materiaux\/"]}]},{"@type":"ImageObject","inLanguage":"en-GB","@id":"https:\/\/maisonmorelli.com\/imitations-materiaux\/#primaryimage","url":"https:\/\/maisonmorelli.com\/wp-content\/uploads\/2026\/01\/decor-fait-main.webp","contentUrl":"https:\/\/maisonmorelli.com\/wp-content\/uploads\/2026\/01\/decor-fait-main.webp","width":900,"height":965},{"@type":"BreadcrumbList","@id":"https:\/\/maisonmorelli.com\/imitations-materiaux\/#breadcrumb","itemListElement":[{"@type":"ListItem","position":1,"name":"Accueil","item":"https:\/\/maisonmorelli.com\/"},{"@type":"ListItem","position":2,"name":"Imitations Mat\u00e9riaux"}]},{"@type":"WebSite","@id":"https:\/\/maisonmorelli.com\/#website","url":"https:\/\/maisonmorelli.com\/","name":"IM Decorations","description":"D\u00e9corations peints \u00e0 la main","publisher":{"@id":"https:\/\/maisonmorelli.com\/#organization"},"potentialAction":[{"@type":"SearchAction","target":{"@type":"EntryPoint","urlTemplate":"https:\/\/maisonmorelli.com\/?s={search_term_string}"},"query-input":{"@type":"PropertyValueSpecification","valueRequired":true,"valueName":"search_term_string"}}],"inLanguage":"en-GB"},{"@type":"Organization","@id":"https:\/\/maisonmorelli.com\/#organization","name":"IM Decorations","url":"https:\/\/maisonmorelli.com\/","logo":{"@type":"ImageObject","inLanguage":"en-GB","@id":"https:\/\/maisonmorelli.com\/#\/schema\/logo\/image\/","url":"https:\/\/maisonmorelli.com\/wp-content\/uploads\/2025\/12\/Maison-Morelli-Peinture-decorative-Logo-scaled.png","contentUrl":"https:\/\/maisonmorelli.com\/wp-content\/uploads\/2025\/12\/Maison-Morelli-Peinture-decorative-Logo-scaled.png","width":2560,"height":410,"caption":"IM Decorations"},"image":{"@id":"https:\/\/maisonmorelli.com\/#\/schema\/logo\/image\/"},"sameAs":["https:\/\/www.facebook.com\/ileniamorelli.decorazione","https:\/\/www.instagram.com\/imdecorations?utm_source=ig_web_button_share_sheet&igsh=ZDNlZDc0MzIxNw=="]}]}},"_links":{"self":[{"href":"https:\/\/maisonmorelli.com\/en\/wp-json\/wp\/v2\/pages\/1960","targetHints":{"allow":["GET"]}}],"collection":[{"href":"https:\/\/maisonmorelli.com\/en\/wp-json\/wp\/v2\/pages"}],"about":[{"href":"https:\/\/maisonmorelli.com\/en\/wp-json\/wp\/v2\/types\/page"}],"author":[{"embeddable":true,"href":"https:\/\/maisonmorelli.com\/en\/wp-json\/wp\/v2\/users\/1"}],"replies":[{"embeddable":true,"href":"https:\/\/maisonmorelli.com\/en\/wp-json\/wp\/v2\/comments?post=1960"}],"version-history":[{"count":18,"href":"https:\/\/maisonmorelli.com\/en\/wp-json\/wp\/v2\/pages\/1960\/revisions"}],"predecessor-version":[{"id":2509,"href":"https:\/\/maisonmorelli.com\/en\/wp-json\/wp\/v2\/pages\/1960\/revisions\/2509"}],"wp:featuredmedia":[{"embeddable":true,"href":"https:\/\/maisonmorelli.com\/en\/wp-json\/wp\/v2\/media\/1939"}],"wp:attachment":[{"href":"https:\/\/maisonmorelli.com\/en\/wp-json\/wp\/v2\/media?parent=1960"}],"curies":[{"name":"wp","href":"https:\/\/api.w.org\/{rel}","templated":true}]}}