{"id":1993,"date":"2026-01-03T11:10:05","date_gmt":"2026-01-03T11:10:05","guid":{"rendered":"https:\/\/maisonmorelli.com\/?page_id=1993"},"modified":"2026-01-12T10:27:42","modified_gmt":"2026-01-12T10:27:42","slug":"matiere","status":"publish","type":"page","link":"https:\/\/maisonmorelli.com\/en\/matiere\/","title":{"rendered":"Textural"},"content":{"rendered":"<div data-elementor-type=\"wp-page\" data-elementor-id=\"1993\" class=\"elementor elementor-1993\">\n\t\t\t\t<div class=\"elementor-element elementor-element-ef78786 e-con-full e-flex e-con e-child\" data-id=\"ef78786\" data-element_type=\"container\">\n\t\t\t\t<div class=\"elementor-element elementor-element-f3bab7c elementor-widget elementor-widget-heading\" data-id=\"f3bab7c\" data-element_type=\"widget\" data-widget_type=\"heading.default\">\n\t\t\t\t\t<h2 class=\"elementor-heading-title elementor-size-default\">MATI\u00c8RE<\/h2>\t\t\t\t<\/div>\n\t\t\t\t<div class=\"elementor-element elementor-element-d5bc8f9 elementor-widget-divider--view-line elementor-widget elementor-widget-divider\" data-id=\"d5bc8f9\" data-element_type=\"widget\" data-widget_type=\"divider.default\">\n\t\t\t\t\t\t\t<div class=\"elementor-divider\">\n\t\t\t<span class=\"elementor-divider-separator\">\n\t\t\t\t\t\t<\/span>\n\t\t<\/div>\n\t\t\t\t\t\t<\/div>\n\t\t\t\t<\/div>\n\t\t<div class=\"elementor-element elementor-element-aff35cf e-grid e-con-boxed e-con e-parent\" data-id=\"aff35cf\" data-element_type=\"container\">\n\t\t\t\t\t<div class=\"e-con-inner\">\n\t\t<div class=\"elementor-element elementor-element-2862ae3 e-con-full e-flex e-con e-child\" data-id=\"2862ae3\" data-element_type=\"container\">\n\t\t\t\t<div class=\"elementor-element elementor-element-7b4e47d elementor-widget elementor-widget-image\" data-id=\"7b4e47d\" data-element_type=\"widget\" data-widget_type=\"image.default\">\n\t\t\t\t\t\t\t\t\t\t\t\t\t\t\t<img fetchpriority=\"high\" decoding=\"async\" width=\"550\" height=\"658\" src=\"https:\/\/maisonmorelli.com\/wp-content\/uploads\/2026\/01\/paier-peint-artisanal-3d.webp\" class=\"attachment-full size-full wp-image-1946\" alt=\"\" srcset=\"https:\/\/maisonmorelli.com\/wp-content\/uploads\/2026\/01\/paier-peint-artisanal-3d.webp 550w, https:\/\/maisonmorelli.com\/wp-content\/uploads\/2026\/01\/paier-peint-artisanal-3d-251x300.webp 251w, https:\/\/maisonmorelli.com\/wp-content\/uploads\/2026\/01\/paier-peint-artisanal-3d-10x12.webp 10w, https:\/\/maisonmorelli.com\/wp-content\/uploads\/2026\/01\/paier-peint-artisanal-3d-320x383.webp 320w, https:\/\/maisonmorelli.com\/wp-content\/uploads\/2026\/01\/paier-peint-artisanal-3d-480x574.webp 480w\" sizes=\"(max-width: 550px) 100vw, 550px\" \/>\t\t\t\t\t\t\t\t\t\t\t\t\t\t\t<\/div>\n\t\t\t\t<\/div>\n\t\t<div class=\"elementor-element elementor-element-99ce756 e-con-full e-flex e-con e-child\" data-id=\"99ce756\" data-element_type=\"container\">\n\t\t\t\t<div class=\"elementor-element elementor-element-f49cfc8 elementor-widget elementor-widget-image\" data-id=\"f49cfc8\" data-element_type=\"widget\" data-widget_type=\"image.default\">\n\t\t\t\t\t\t\t\t\t\t\t\t\t\t\t\t<a href=\"https:\/\/maisonmorelli.com\/wp-content\/uploads\/2026\/01\/papier-peint-3d.webp\" data-elementor-open-lightbox=\"yes\" data-elementor-lightbox-title=\"papier-peint-3d\" data-e-action-hash=\"#elementor-action%3Aaction%3Dlightbox%26settings%3DeyJpZCI6MTk0NSwidXJsIjoiaHR0cHM6XC9cL21haXNvbm1vcmVsbGkuY29tXC93cC1jb250ZW50XC91cGxvYWRzXC8yMDI2XC8wMVwvcGFwaWVyLXBlaW50LTNkLndlYnAifQ%3D%3D\">\n\t\t\t\t\t\t\t<img decoding=\"async\" width=\"800\" height=\"936\" src=\"https:\/\/maisonmorelli.com\/wp-content\/uploads\/2026\/01\/papier-peint-3d.webp\" class=\"attachment-large size-large wp-image-1945\" alt=\"\" srcset=\"https:\/\/maisonmorelli.com\/wp-content\/uploads\/2026\/01\/papier-peint-3d.webp 800w, https:\/\/maisonmorelli.com\/wp-content\/uploads\/2026\/01\/papier-peint-3d-256x300.webp 256w, https:\/\/maisonmorelli.com\/wp-content\/uploads\/2026\/01\/papier-peint-3d-768x899.webp 768w, https:\/\/maisonmorelli.com\/wp-content\/uploads\/2026\/01\/papier-peint-3d-10x12.webp 10w, https:\/\/maisonmorelli.com\/wp-content\/uploads\/2026\/01\/papier-peint-3d-320x374.webp 320w, https:\/\/maisonmorelli.com\/wp-content\/uploads\/2026\/01\/papier-peint-3d-480x562.webp 480w\" sizes=\"(max-width: 800px) 100vw, 800px\" \/>\t\t\t\t\t\t\t\t<\/a>\n\t\t\t\t\t\t\t\t\t\t\t\t\t\t\t<\/div>\n\t\t\t\t<\/div>\n\t\t<div class=\"elementor-element elementor-element-bb1926a e-con-full e-flex e-con e-child\" data-id=\"bb1926a\" data-element_type=\"container\">\n\t\t\t\t<div class=\"elementor-element elementor-element-ad8af2c elementor-widget elementor-widget-image\" data-id=\"ad8af2c\" data-element_type=\"widget\" data-widget_type=\"image.default\">\n\t\t\t\t\t\t\t\t\t\t\t\t\t\t\t<img decoding=\"async\" width=\"600\" height=\"790\" src=\"https:\/\/maisonmorelli.com\/wp-content\/uploads\/2026\/01\/tapisserie-exclusive.webp\" class=\"attachment-full size-full wp-image-1947\" alt=\"\" srcset=\"https:\/\/maisonmorelli.com\/wp-content\/uploads\/2026\/01\/tapisserie-exclusive.webp 600w, https:\/\/maisonmorelli.com\/wp-content\/uploads\/2026\/01\/tapisserie-exclusive-228x300.webp 228w, https:\/\/maisonmorelli.com\/wp-content\/uploads\/2026\/01\/tapisserie-exclusive-9x12.webp 9w, https:\/\/maisonmorelli.com\/wp-content\/uploads\/2026\/01\/tapisserie-exclusive-320x421.webp 320w, https:\/\/maisonmorelli.com\/wp-content\/uploads\/2026\/01\/tapisserie-exclusive-480x632.webp 480w\" sizes=\"(max-width: 600px) 100vw, 600px\" \/>\t\t\t\t\t\t\t\t\t\t\t\t\t\t\t<\/div>\n\t\t\t\t<\/div>\n\t\t\t\t\t<\/div>\n\t\t\t\t<\/div>\n\t\t<div class=\"elementor-element elementor-element-23c9e4c e-grid e-con-boxed e-con e-parent\" data-id=\"23c9e4c\" data-element_type=\"container\">\n\t\t\t\t\t<div class=\"e-con-inner\">\n\t\t<div class=\"elementor-element elementor-element-4650038 e-con-full e-flex e-con e-child\" data-id=\"4650038\" data-element_type=\"container\">\n\t\t\t\t<div class=\"elementor-element elementor-element-c0a2a6f elementor-widget elementor-widget-image\" data-id=\"c0a2a6f\" data-element_type=\"widget\" data-widget_type=\"image.default\">\n\t\t\t\t\t\t\t\t\t\t\t\t<figure class=\"wp-caption\">\n\t\t\t\t\t\t\t\t\t\t<img loading=\"lazy\" decoding=\"async\" width=\"768\" height=\"1024\" src=\"https:\/\/maisonmorelli.com\/wp-content\/uploads\/2026\/01\/tapisserie-exclusive-bordeaux-768x1024.webp\" class=\"attachment-large size-large wp-image-1944\" alt=\"\" srcset=\"https:\/\/maisonmorelli.com\/wp-content\/uploads\/2026\/01\/tapisserie-exclusive-bordeaux-768x1024.webp 768w, https:\/\/maisonmorelli.com\/wp-content\/uploads\/2026\/01\/tapisserie-exclusive-bordeaux-225x300.webp 225w, https:\/\/maisonmorelli.com\/wp-content\/uploads\/2026\/01\/tapisserie-exclusive-bordeaux-9x12.webp 9w, https:\/\/maisonmorelli.com\/wp-content\/uploads\/2026\/01\/tapisserie-exclusive-bordeaux-320x427.webp 320w, https:\/\/maisonmorelli.com\/wp-content\/uploads\/2026\/01\/tapisserie-exclusive-bordeaux-480x640.webp 480w, https:\/\/maisonmorelli.com\/wp-content\/uploads\/2026\/01\/tapisserie-exclusive-bordeaux.webp 800w\" sizes=\"(max-width: 768px) 100vw, 768px\" \/>\t\t\t\t\t\t\t\t\t\t\t<figcaption class=\"widget-image-caption wp-caption-text\"><\/figcaption>\n\t\t\t\t\t\t\t\t\t\t<\/figure>\n\t\t\t\t\t\t\t\t\t<\/div>\n\t\t\t\t<\/div>\n\t\t<div class=\"elementor-element elementor-element-ae34323 e-con-full e-flex e-con e-child\" data-id=\"ae34323\" data-element_type=\"container\">\n\t\t\t\t<div class=\"elementor-element elementor-element-71b686b elementor-widget elementor-widget-heading\" data-id=\"71b686b\" data-element_type=\"widget\" data-widget_type=\"heading.default\">\n\t\t\t\t\t<h2 class=\"elementor-heading-title elementor-size-default\">TECHNICAL INFORMATIONS<\/h2>\t\t\t\t<\/div>\n\t\t\t\t<div class=\"elementor-element elementor-element-a10f63d elementor-widget-divider--view-line elementor-widget elementor-widget-divider\" data-id=\"a10f63d\" data-element_type=\"widget\" data-widget_type=\"divider.default\">\n\t\t\t\t\t\t\t<div class=\"elementor-divider\">\n\t\t\t<span class=\"elementor-divider-separator\">\n\t\t\t\t\t\t<\/span>\n\t\t<\/div>\n\t\t\t\t\t\t<\/div>\n\t\t\t\t<div class=\"elementor-element elementor-element-89cc1fa elementor-widget elementor-widget-text-editor\" data-id=\"89cc1fa\" data-element_type=\"widget\" data-widget_type=\"text-editor.default\">\n\t\t\t\t\t\t\t\t\t<p><strong data-start=\"176\" data-end=\"187\">Support<\/strong> : R\u00e9alisable sur papier peint ou directement peint sur le mur;<\/p><p data-start=\"254\" data-end=\"339\"><strong data-start=\"254\" data-end=\"267\">Technique<\/strong> : D\u00e9cor exclusivement peint \u00e0 la main, selon un savoir-faire artisanal;<\/p><p data-start=\"343\" data-end=\"478\"><strong data-start=\"343\" data-end=\"358\">Inspiration<\/strong> : Inspir\u00e9e par les mati\u00e8res en relief et les textures 3D;<\/p><p data-start=\"482\" data-end=\"617\"><strong data-start=\"482\" data-end=\"503\">Gamme chromatique<\/strong> : Enti\u00e8rement personnalisable, le d\u00e9cor peut \u00eatre d\u00e9clin\u00e9 dans toutes les variantes de couleurs;<\/p><p data-start=\"621\" data-end=\"778\"><strong data-start=\"621\" data-end=\"643\">\u00c9chelle des motifs<\/strong> : Les textures peuvent \u00eatre r\u00e9alis\u00e9s dans diff\u00e9rentes dimensions, avec des variations d\u2019\u00e9chelle;<\/p><p data-start=\"782\" data-end=\"916\"><strong data-start=\"782\" data-end=\"797\">Composition<\/strong> : Les effets 3D peuvent \u00eatre multiples, jouant entre le mouvement, le motif de la texture et la couleur.<br data-start=\"356\" data-end=\"359\" \/>Possibilit\u00e9 d\u2019intervenir avec d\u2019autres mat\u00e9riaux, comme la feuille d\u2019or;<\/p>\t\t\t\t\t\t\t\t<\/div>\n\t\t\t\t<div class=\"elementor-element elementor-element-7e5a8d1 elementor-widget elementor-widget-button\" data-id=\"7e5a8d1\" data-element_type=\"widget\" data-widget_type=\"button.default\">\n\t\t\t\t\t\t\t\t\t\t<a class=\"elementor-button elementor-button-link elementor-size-sm elementor-animation-grow\" href=\"mailto:info@maisonmorelli.com?subject=Demande%20de%20devis%20-%20Mati\u00e8re\">\n\t\t\t\t\t\t<span class=\"elementor-button-content-wrapper\">\n\t\t\t\t\t\t\t\t\t<span class=\"elementor-button-text\">GET A QUOTE<\/span>\n\t\t\t\t\t<\/span>\n\t\t\t\t\t<\/a>\n\t\t\t\t\t\t\t\t<\/div>\n\t\t\t\t<\/div>\n\t\t\t\t\t<\/div>\n\t\t\t\t<\/div>\n\t\t\t\t<\/div>","protected":false},"excerpt":{"rendered":"<p>MATI\u00c8RE INFORMATIONS TECHNIQUES Support : R\u00e9alisable sur papier peint ou directement peint sur le mur; Technique : D\u00e9cor exclusivement peint [&hellip;]<\/p>","protected":false},"author":1,"featured_media":1944,"parent":0,"menu_order":0,"comment_status":"closed","ping_status":"closed","template":"","meta":{"site-sidebar-layout":"no-sidebar","site-content-layout":"","ast-site-content-layout":"full-width-container","site-content-style":"default","site-sidebar-style":"default","ast-global-header-display":"","ast-banner-title-visibility":"","ast-main-header-display":"","ast-hfb-above-header-display":"","ast-hfb-below-header-display":"","ast-hfb-mobile-header-display":"","site-post-title":"disabled","ast-breadcrumbs-content":"","ast-featured-img":"disabled","footer-sml-layout":"","theme-transparent-header-meta":"","adv-header-id-meta":"","stick-header-meta":"","header-above-stick-meta":"","header-main-stick-meta":"","header-below-stick-meta":"","astra-migrate-meta-layouts":"default","ast-page-background-enabled":"default","ast-page-background-meta":{"desktop":{"background-color":"var(--ast-global-color-4)","background-image":"","background-repeat":"repeat","background-position":"center center","background-size":"auto","background-attachment":"scroll","background-type":"","background-media":"","overlay-type":"","overlay-color":"","overlay-opacity":"","overlay-gradient":""},"tablet":{"background-color":"","background-image":"","background-repeat":"repeat","background-position":"center center","background-size":"auto","background-attachment":"scroll","background-type":"","background-media":"","overlay-type":"","overlay-color":"","overlay-opacity":"","overlay-gradient":""},"mobile":{"background-color":"","background-image":"","background-repeat":"repeat","background-position":"center center","background-size":"auto","background-attachment":"scroll","background-type":"","background-media":"","overlay-type":"","overlay-color":"","overlay-opacity":"","overlay-gradient":""}},"ast-content-background-meta":{"desktop":{"background-color":"var(--ast-global-color-5)","background-image":"","background-repeat":"repeat","background-position":"center center","background-size":"auto","background-attachment":"scroll","background-type":"","background-media":"","overlay-type":"","overlay-color":"","overlay-opacity":"","overlay-gradient":""},"tablet":{"background-color":"var(--ast-global-color-5)","background-image":"","background-repeat":"repeat","background-position":"center center","background-size":"auto","background-attachment":"scroll","background-type":"","background-media":"","overlay-type":"","overlay-color":"","overlay-opacity":"","overlay-gradient":""},"mobile":{"background-color":"var(--ast-global-color-5)","background-image":"","background-repeat":"repeat","background-position":"center center","background-size":"auto","background-attachment":"scroll","background-type":"","background-media":"","overlay-type":"","overlay-color":"","overlay-opacity":"","overlay-gradient":""}},"footnotes":""},"class_list":["post-1993","page","type-page","status-publish","has-post-thumbnail","hentry"],"yoast_head":"<!-- This site is optimized with the Yoast SEO plugin v26.6 - https:\/\/yoast.com\/wordpress\/plugins\/seo\/ -->\n<title>Mati\u00e8re - Maison Morelli<\/title>\n<meta name=\"robots\" content=\"index, follow, max-snippet:-1, max-image-preview:large, max-video-preview:-1\" \/>\n<link rel=\"canonical\" href=\"https:\/\/maisonmorelli.com\/en\/matiere\/\" \/>\n<meta property=\"og:locale\" content=\"en_GB\" \/>\n<meta property=\"og:type\" content=\"article\" \/>\n<meta property=\"og:title\" content=\"Mati\u00e8re - Maison Morelli\" \/>\n<meta property=\"og:description\" content=\"MATI\u00c8RE INFORMATIONS TECHNIQUES Support : R\u00e9alisable sur papier peint ou directement peint sur le mur; Technique : D\u00e9cor exclusivement peint [&hellip;]\" \/>\n<meta property=\"og:url\" content=\"https:\/\/maisonmorelli.com\/en\/matiere\/\" \/>\n<meta property=\"og:site_name\" content=\"Maison Morelli\" \/>\n<meta property=\"article:publisher\" content=\"https:\/\/www.facebook.com\/ileniamorelli.decorazione\" \/>\n<meta property=\"article:modified_time\" content=\"2026-01-12T10:27:42+00:00\" \/>\n<meta property=\"og:image\" content=\"https:\/\/maisonmorelli.com\/wp-content\/uploads\/2026\/01\/tapisserie-exclusive-bordeaux.webp\" \/>\n\t<meta property=\"og:image:width\" content=\"800\" \/>\n\t<meta property=\"og:image:height\" content=\"1067\" \/>\n\t<meta property=\"og:image:type\" content=\"image\/webp\" \/>\n<meta name=\"twitter:card\" content=\"summary_large_image\" \/>\n<script type=\"application\/ld+json\" class=\"yoast-schema-graph\">{\"@context\":\"https:\/\/schema.org\",\"@graph\":[{\"@type\":\"WebPage\",\"@id\":\"https:\/\/maisonmorelli.com\/matiere\/\",\"url\":\"https:\/\/maisonmorelli.com\/matiere\/\",\"name\":\"Mati\u00e8re - Maison Morelli\",\"isPartOf\":{\"@id\":\"https:\/\/maisonmorelli.com\/#website\"},\"primaryImageOfPage\":{\"@id\":\"https:\/\/maisonmorelli.com\/matiere\/#primaryimage\"},\"image\":{\"@id\":\"https:\/\/maisonmorelli.com\/matiere\/#primaryimage\"},\"thumbnailUrl\":\"https:\/\/maisonmorelli.com\/wp-content\/uploads\/2026\/01\/tapisserie-exclusive-bordeaux.webp\",\"datePublished\":\"2026-01-03T11:10:05+00:00\",\"dateModified\":\"2026-01-12T10:27:42+00:00\",\"breadcrumb\":{\"@id\":\"https:\/\/maisonmorelli.com\/matiere\/#breadcrumb\"},\"inLanguage\":\"en-GB\",\"potentialAction\":[{\"@type\":\"ReadAction\",\"target\":[\"https:\/\/maisonmorelli.com\/matiere\/\"]}]},{\"@type\":\"ImageObject\",\"inLanguage\":\"en-GB\",\"@id\":\"https:\/\/maisonmorelli.com\/matiere\/#primaryimage\",\"url\":\"https:\/\/maisonmorelli.com\/wp-content\/uploads\/2026\/01\/tapisserie-exclusive-bordeaux.webp\",\"contentUrl\":\"https:\/\/maisonmorelli.com\/wp-content\/uploads\/2026\/01\/tapisserie-exclusive-bordeaux.webp\",\"width\":800,\"height\":1067},{\"@type\":\"BreadcrumbList\",\"@id\":\"https:\/\/maisonmorelli.com\/matiere\/#breadcrumb\",\"itemListElement\":[{\"@type\":\"ListItem\",\"position\":1,\"name\":\"Accueil\",\"item\":\"https:\/\/maisonmorelli.com\/\"},{\"@type\":\"ListItem\",\"position\":2,\"name\":\"Mati\u00e8re\"}]},{\"@type\":\"WebSite\",\"@id\":\"https:\/\/maisonmorelli.com\/#website\",\"url\":\"https:\/\/maisonmorelli.com\/\",\"name\":\"IM Decorations\",\"description\":\"D\u00e9corations peints \u00e0 la main\",\"publisher\":{\"@id\":\"https:\/\/maisonmorelli.com\/#organization\"},\"potentialAction\":[{\"@type\":\"SearchAction\",\"target\":{\"@type\":\"EntryPoint\",\"urlTemplate\":\"https:\/\/maisonmorelli.com\/?s={search_term_string}\"},\"query-input\":{\"@type\":\"PropertyValueSpecification\",\"valueRequired\":true,\"valueName\":\"search_term_string\"}}],\"inLanguage\":\"en-GB\"},{\"@type\":\"Organization\",\"@id\":\"https:\/\/maisonmorelli.com\/#organization\",\"name\":\"IM Decorations\",\"url\":\"https:\/\/maisonmorelli.com\/\",\"logo\":{\"@type\":\"ImageObject\",\"inLanguage\":\"en-GB\",\"@id\":\"https:\/\/maisonmorelli.com\/#\/schema\/logo\/image\/\",\"url\":\"https:\/\/maisonmorelli.com\/wp-content\/uploads\/2025\/12\/Maison-Morelli-Peinture-decorative-Logo-scaled.png\",\"contentUrl\":\"https:\/\/maisonmorelli.com\/wp-content\/uploads\/2025\/12\/Maison-Morelli-Peinture-decorative-Logo-scaled.png\",\"width\":2560,\"height\":410,\"caption\":\"IM Decorations\"},\"image\":{\"@id\":\"https:\/\/maisonmorelli.com\/#\/schema\/logo\/image\/\"},\"sameAs\":[\"https:\/\/www.facebook.com\/ileniamorelli.decorazione\",\"https:\/\/www.instagram.com\/imdecorations?utm_source=ig_web_button_share_sheet&igsh=ZDNlZDc0MzIxNw==\"]}]}<\/script>\n<!-- \/ Yoast SEO plugin. -->","yoast_head_json":{"title":"Mati\u00e8re - Maison Morelli","robots":{"index":"index","follow":"follow","max-snippet":"max-snippet:-1","max-image-preview":"max-image-preview:large","max-video-preview":"max-video-preview:-1"},"canonical":"https:\/\/maisonmorelli.com\/en\/matiere\/","og_locale":"en_GB","og_type":"article","og_title":"Mati\u00e8re - Maison Morelli","og_description":"MATI\u00c8RE INFORMATIONS TECHNIQUES Support : R\u00e9alisable sur papier peint ou directement peint sur le mur; Technique : D\u00e9cor exclusivement peint [&hellip;]","og_url":"https:\/\/maisonmorelli.com\/en\/matiere\/","og_site_name":"Maison Morelli","article_publisher":"https:\/\/www.facebook.com\/ileniamorelli.decorazione","article_modified_time":"2026-01-12T10:27:42+00:00","og_image":[{"width":800,"height":1067,"url":"https:\/\/maisonmorelli.com\/wp-content\/uploads\/2026\/01\/tapisserie-exclusive-bordeaux.webp","type":"image\/webp"}],"twitter_card":"summary_large_image","schema":{"@context":"https:\/\/schema.org","@graph":[{"@type":"WebPage","@id":"https:\/\/maisonmorelli.com\/matiere\/","url":"https:\/\/maisonmorelli.com\/matiere\/","name":"Mati\u00e8re - Maison Morelli","isPartOf":{"@id":"https:\/\/maisonmorelli.com\/#website"},"primaryImageOfPage":{"@id":"https:\/\/maisonmorelli.com\/matiere\/#primaryimage"},"image":{"@id":"https:\/\/maisonmorelli.com\/matiere\/#primaryimage"},"thumbnailUrl":"https:\/\/maisonmorelli.com\/wp-content\/uploads\/2026\/01\/tapisserie-exclusive-bordeaux.webp","datePublished":"2026-01-03T11:10:05+00:00","dateModified":"2026-01-12T10:27:42+00:00","breadcrumb":{"@id":"https:\/\/maisonmorelli.com\/matiere\/#breadcrumb"},"inLanguage":"en-GB","potentialAction":[{"@type":"ReadAction","target":["https:\/\/maisonmorelli.com\/matiere\/"]}]},{"@type":"ImageObject","inLanguage":"en-GB","@id":"https:\/\/maisonmorelli.com\/matiere\/#primaryimage","url":"https:\/\/maisonmorelli.com\/wp-content\/uploads\/2026\/01\/tapisserie-exclusive-bordeaux.webp","contentUrl":"https:\/\/maisonmorelli.com\/wp-content\/uploads\/2026\/01\/tapisserie-exclusive-bordeaux.webp","width":800,"height":1067},{"@type":"BreadcrumbList","@id":"https:\/\/maisonmorelli.com\/matiere\/#breadcrumb","itemListElement":[{"@type":"ListItem","position":1,"name":"Accueil","item":"https:\/\/maisonmorelli.com\/"},{"@type":"ListItem","position":2,"name":"Mati\u00e8re"}]},{"@type":"WebSite","@id":"https:\/\/maisonmorelli.com\/#website","url":"https:\/\/maisonmorelli.com\/","name":"IM Decorations","description":"D\u00e9corations peints \u00e0 la main","publisher":{"@id":"https:\/\/maisonmorelli.com\/#organization"},"potentialAction":[{"@type":"SearchAction","target":{"@type":"EntryPoint","urlTemplate":"https:\/\/maisonmorelli.com\/?s={search_term_string}"},"query-input":{"@type":"PropertyValueSpecification","valueRequired":true,"valueName":"search_term_string"}}],"inLanguage":"en-GB"},{"@type":"Organization","@id":"https:\/\/maisonmorelli.com\/#organization","name":"IM Decorations","url":"https:\/\/maisonmorelli.com\/","logo":{"@type":"ImageObject","inLanguage":"en-GB","@id":"https:\/\/maisonmorelli.com\/#\/schema\/logo\/image\/","url":"https:\/\/maisonmorelli.com\/wp-content\/uploads\/2025\/12\/Maison-Morelli-Peinture-decorative-Logo-scaled.png","contentUrl":"https:\/\/maisonmorelli.com\/wp-content\/uploads\/2025\/12\/Maison-Morelli-Peinture-decorative-Logo-scaled.png","width":2560,"height":410,"caption":"IM Decorations"},"image":{"@id":"https:\/\/maisonmorelli.com\/#\/schema\/logo\/image\/"},"sameAs":["https:\/\/www.facebook.com\/ileniamorelli.decorazione","https:\/\/www.instagram.com\/imdecorations?utm_source=ig_web_button_share_sheet&igsh=ZDNlZDc0MzIxNw=="]}]}},"_links":{"self":[{"href":"https:\/\/maisonmorelli.com\/en\/wp-json\/wp\/v2\/pages\/1993","targetHints":{"allow":["GET"]}}],"collection":[{"href":"https:\/\/maisonmorelli.com\/en\/wp-json\/wp\/v2\/pages"}],"about":[{"href":"https:\/\/maisonmorelli.com\/en\/wp-json\/wp\/v2\/types\/page"}],"author":[{"embeddable":true,"href":"https:\/\/maisonmorelli.com\/en\/wp-json\/wp\/v2\/users\/1"}],"replies":[{"embeddable":true,"href":"https:\/\/maisonmorelli.com\/en\/wp-json\/wp\/v2\/comments?post=1993"}],"version-history":[{"count":10,"href":"https:\/\/maisonmorelli.com\/en\/wp-json\/wp\/v2\/pages\/1993\/revisions"}],"predecessor-version":[{"id":2518,"href":"https:\/\/maisonmorelli.com\/en\/wp-json\/wp\/v2\/pages\/1993\/revisions\/2518"}],"wp:featuredmedia":[{"embeddable":true,"href":"https:\/\/maisonmorelli.com\/en\/wp-json\/wp\/v2\/media\/1944"}],"wp:attachment":[{"href":"https:\/\/maisonmorelli.com\/en\/wp-json\/wp\/v2\/media?parent=1993"}],"curies":[{"name":"wp","href":"https:\/\/api.w.org\/{rel}","templated":true}]}}