{"id":2068,"date":"2026-01-03T13:19:45","date_gmt":"2026-01-03T13:19:45","guid":{"rendered":"https:\/\/maisonmorelli.com\/?page_id=2068"},"modified":"2026-01-12T10:22:19","modified_gmt":"2026-01-12T10:22:19","slug":"tente","status":"publish","type":"page","link":"https:\/\/maisonmorelli.com\/en\/tente\/","title":{"rendered":"Tente"},"content":{"rendered":"<div data-elementor-type=\"wp-page\" data-elementor-id=\"2068\" class=\"elementor elementor-2068\">\n\t\t\t\t<div class=\"elementor-element elementor-element-73d76f4 e-con-full e-flex e-con e-child\" data-id=\"73d76f4\" data-element_type=\"container\">\n\t\t\t\t<div class=\"elementor-element elementor-element-cee759f elementor-widget elementor-widget-heading\" data-id=\"cee759f\" data-element_type=\"widget\" data-widget_type=\"heading.default\">\n\t\t\t\t\t<h2 class=\"elementor-heading-title elementor-size-default\">TENT<\/h2>\t\t\t\t<\/div>\n\t\t\t\t<div class=\"elementor-element elementor-element-3ecc18c elementor-widget-divider--view-line elementor-widget elementor-widget-divider\" data-id=\"3ecc18c\" data-element_type=\"widget\" data-widget_type=\"divider.default\">\n\t\t\t\t\t\t\t<div class=\"elementor-divider\">\n\t\t\t<span class=\"elementor-divider-separator\">\n\t\t\t\t\t\t<\/span>\n\t\t<\/div>\n\t\t\t\t\t\t<\/div>\n\t\t\t\t<\/div>\n\t\t<div class=\"elementor-element elementor-element-8a12bb2 e-grid e-con-boxed e-con e-parent\" data-id=\"8a12bb2\" data-element_type=\"container\">\n\t\t\t\t\t<div class=\"e-con-inner\">\n\t\t<div class=\"elementor-element elementor-element-4e51998 e-con-full e-flex e-con e-child\" data-id=\"4e51998\" data-element_type=\"container\">\n\t\t\t\t<div class=\"elementor-element elementor-element-1ce1339 elementor-widget elementor-widget-image\" data-id=\"1ce1339\" data-element_type=\"widget\" data-widget_type=\"image.default\">\n\t\t\t\t\t\t\t\t\t\t\t\t\t\t\t<img fetchpriority=\"high\" decoding=\"async\" width=\"1220\" height=\"1106\" src=\"https:\/\/maisonmorelli.com\/wp-content\/uploads\/2026\/01\/peinture-decorative-sur-mesure.webp\" class=\"attachment-full size-full wp-image-2026\" alt=\"D\u00e9cor peint \u00e0 la main unique pour salon \u00e9l\u00e9gant\" srcset=\"https:\/\/maisonmorelli.com\/wp-content\/uploads\/2026\/01\/peinture-decorative-sur-mesure.webp 1220w, https:\/\/maisonmorelli.com\/wp-content\/uploads\/2026\/01\/peinture-decorative-sur-mesure-300x272.webp 300w, https:\/\/maisonmorelli.com\/wp-content\/uploads\/2026\/01\/peinture-decorative-sur-mesure-1024x928.webp 1024w, https:\/\/maisonmorelli.com\/wp-content\/uploads\/2026\/01\/peinture-decorative-sur-mesure-768x696.webp 768w, https:\/\/maisonmorelli.com\/wp-content\/uploads\/2026\/01\/peinture-decorative-sur-mesure-13x12.webp 13w, https:\/\/maisonmorelli.com\/wp-content\/uploads\/2026\/01\/peinture-decorative-sur-mesure-320x290.webp 320w, https:\/\/maisonmorelli.com\/wp-content\/uploads\/2026\/01\/peinture-decorative-sur-mesure-480x435.webp 480w, https:\/\/maisonmorelli.com\/wp-content\/uploads\/2026\/01\/peinture-decorative-sur-mesure-800x725.webp 800w\" sizes=\"(max-width: 1220px) 100vw, 1220px\" \/>\t\t\t\t\t\t\t\t\t\t\t\t\t\t\t<\/div>\n\t\t\t\t<\/div>\n\t\t<div class=\"elementor-element elementor-element-3f633cc e-con-full e-flex e-con e-child\" data-id=\"3f633cc\" data-element_type=\"container\">\n\t\t\t\t<div class=\"elementor-element elementor-element-5b25299 elementor-widget elementor-widget-image\" data-id=\"5b25299\" data-element_type=\"widget\" data-widget_type=\"image.default\">\n\t\t\t\t\t\t\t\t\t\t\t\t\t\t\t\t<a href=\"https:\/\/maisonmorelli.com\/wp-content\/uploads\/2026\/01\/fresque-murale-chateau.webp\" data-elementor-open-lightbox=\"yes\" data-elementor-lightbox-title=\"fresque-murale-chateau\" data-e-action-hash=\"#elementor-action%3Aaction%3Dlightbox%26settings%3DeyJpZCI6MjAyNSwidXJsIjoiaHR0cHM6XC9cL21haXNvbm1vcmVsbGkuY29tXC93cC1jb250ZW50XC91cGxvYWRzXC8yMDI2XC8wMVwvZnJlc3F1ZS1tdXJhbGUtY2hhdGVhdS53ZWJwIn0%3D\">\n\t\t\t\t\t\t\t<img decoding=\"async\" width=\"1024\" height=\"963\" src=\"https:\/\/maisonmorelli.com\/wp-content\/uploads\/2026\/01\/fresque-murale-chateau-1024x963.webp\" class=\"attachment-large size-large wp-image-2025\" alt=\"\" srcset=\"https:\/\/maisonmorelli.com\/wp-content\/uploads\/2026\/01\/fresque-murale-chateau-1024x963.webp 1024w, https:\/\/maisonmorelli.com\/wp-content\/uploads\/2026\/01\/fresque-murale-chateau-300x282.webp 300w, https:\/\/maisonmorelli.com\/wp-content\/uploads\/2026\/01\/fresque-murale-chateau-768x722.webp 768w, https:\/\/maisonmorelli.com\/wp-content\/uploads\/2026\/01\/fresque-murale-chateau-1536x1445.webp 1536w, https:\/\/maisonmorelli.com\/wp-content\/uploads\/2026\/01\/fresque-murale-chateau-13x12.webp 13w, https:\/\/maisonmorelli.com\/wp-content\/uploads\/2026\/01\/fresque-murale-chateau-320x301.webp 320w, https:\/\/maisonmorelli.com\/wp-content\/uploads\/2026\/01\/fresque-murale-chateau-480x452.webp 480w, https:\/\/maisonmorelli.com\/wp-content\/uploads\/2026\/01\/fresque-murale-chateau-800x753.webp 800w, https:\/\/maisonmorelli.com\/wp-content\/uploads\/2026\/01\/fresque-murale-chateau.webp 1720w\" sizes=\"(max-width: 1024px) 100vw, 1024px\" \/>\t\t\t\t\t\t\t\t<\/a>\n\t\t\t\t\t\t\t\t\t\t\t\t\t\t\t<\/div>\n\t\t\t\t<\/div>\n\t\t\t\t\t<\/div>\n\t\t\t\t<\/div>\n\t\t<div class=\"elementor-element elementor-element-8c49b2b e-grid e-con-boxed e-con e-parent\" data-id=\"8c49b2b\" data-element_type=\"container\">\n\t\t\t\t\t<div class=\"e-con-inner\">\n\t\t<div class=\"elementor-element elementor-element-d117ce7 e-con-full e-flex e-con e-child\" data-id=\"d117ce7\" data-element_type=\"container\">\n\t\t\t\t<div class=\"elementor-element elementor-element-e04945c elementor-widget elementor-widget-image\" data-id=\"e04945c\" data-element_type=\"widget\" data-widget_type=\"image.default\">\n\t\t\t\t\t\t\t\t\t\t\t\t<figure class=\"wp-caption\">\n\t\t\t\t\t\t\t\t\t\t<img decoding=\"async\" width=\"478\" height=\"1024\" src=\"https:\/\/maisonmorelli.com\/wp-content\/uploads\/2026\/01\/papier-peint-main-rayures-478x1024.webp\" class=\"attachment-large size-large wp-image-2024\" alt=\"\" srcset=\"https:\/\/maisonmorelli.com\/wp-content\/uploads\/2026\/01\/papier-peint-main-rayures-478x1024.webp 478w, https:\/\/maisonmorelli.com\/wp-content\/uploads\/2026\/01\/papier-peint-main-rayures-140x300.webp 140w, https:\/\/maisonmorelli.com\/wp-content\/uploads\/2026\/01\/papier-peint-main-rayures-768x1644.webp 768w, https:\/\/maisonmorelli.com\/wp-content\/uploads\/2026\/01\/papier-peint-main-rayures-717x1536.webp 717w, https:\/\/maisonmorelli.com\/wp-content\/uploads\/2026\/01\/papier-peint-main-rayures-957x2048.webp 957w, https:\/\/maisonmorelli.com\/wp-content\/uploads\/2026\/01\/papier-peint-main-rayures-6x12.webp 6w, https:\/\/maisonmorelli.com\/wp-content\/uploads\/2026\/01\/papier-peint-main-rayures-320x685.webp 320w, https:\/\/maisonmorelli.com\/wp-content\/uploads\/2026\/01\/papier-peint-main-rayures-480x1028.webp 480w, https:\/\/maisonmorelli.com\/wp-content\/uploads\/2026\/01\/papier-peint-main-rayures-800x1713.webp 800w, https:\/\/maisonmorelli.com\/wp-content\/uploads\/2026\/01\/papier-peint-main-rayures.webp 1000w\" sizes=\"(max-width: 478px) 100vw, 478px\" \/>\t\t\t\t\t\t\t\t\t\t\t<figcaption class=\"widget-image-caption wp-caption-text\"><\/figcaption>\n\t\t\t\t\t\t\t\t\t\t<\/figure>\n\t\t\t\t\t\t\t\t\t<\/div>\n\t\t\t\t<\/div>\n\t\t<div class=\"elementor-element elementor-element-cb19a18 e-con-full e-flex e-con e-child\" data-id=\"cb19a18\" data-element_type=\"container\">\n\t\t\t\t<div class=\"elementor-element elementor-element-451bf36 elementor-widget elementor-widget-heading\" data-id=\"451bf36\" data-element_type=\"widget\" data-widget_type=\"heading.default\">\n\t\t\t\t\t<h2 class=\"elementor-heading-title elementor-size-default\">TECHNICAL INFORMATIONS<\/h2>\t\t\t\t<\/div>\n\t\t\t\t<div class=\"elementor-element elementor-element-c6da85f elementor-widget-divider--view-line elementor-widget elementor-widget-divider\" data-id=\"c6da85f\" data-element_type=\"widget\" data-widget_type=\"divider.default\">\n\t\t\t\t\t\t\t<div class=\"elementor-divider\">\n\t\t\t<span class=\"elementor-divider-separator\">\n\t\t\t\t\t\t<\/span>\n\t\t<\/div>\n\t\t\t\t\t\t<\/div>\n\t\t\t\t<div class=\"elementor-element elementor-element-b9dc0fc elementor-widget elementor-widget-text-editor\" data-id=\"b9dc0fc\" data-element_type=\"widget\" data-widget_type=\"text-editor.default\">\n\t\t\t\t\t\t\t\t\t<p><strong data-start=\"176\" data-end=\"187\">Support<\/strong> : R\u00e9alisable directement peint sur le mur;<\/p><p data-start=\"254\" data-end=\"339\"><strong data-start=\"254\" data-end=\"267\">Technique<\/strong> : D\u00e9cor exclusivement peint \u00e0 la main, selon un savoir-faire artisanal;<\/p><p data-start=\"343\" data-end=\"478\"><strong data-start=\"343\" data-end=\"358\">Inspiration<\/strong> : Inspir\u00e9 par le motif du rideau de Napol\u00e9on lors de ses campagnes;<\/p><p data-start=\"482\" data-end=\"617\"><strong data-start=\"482\" data-end=\"503\">Gamme chromatique<\/strong> : Enti\u00e8rement personnalisable, le d\u00e9cor peut \u00eatre d\u00e9clin\u00e9 dans toutes les variantes de couleurs;<\/p><p data-start=\"621\" data-end=\"778\"><strong data-start=\"621\" data-end=\"643\">\u00c9chelle des motifs<\/strong> : Le pattern peut \u00eatre r\u00e9alis\u00e9s dans diff\u00e9rentes dimensions, avec des variations d\u2019\u00e9chelle;<\/p><p data-start=\"782\" data-end=\"916\"><strong data-start=\"782\" data-end=\"797\">Composition<\/strong> : Composition sur mesure;<\/p>\t\t\t\t\t\t\t\t<\/div>\n\t\t\t\t<div class=\"elementor-element elementor-element-f5798a9 elementor-widget elementor-widget-button\" data-id=\"f5798a9\" data-element_type=\"widget\" data-widget_type=\"button.default\">\n\t\t\t\t\t\t\t\t\t\t<a class=\"elementor-button elementor-button-link elementor-size-sm elementor-animation-grow\" href=\"mailto:info@maisonmorelli.com?subject=Demande%20de%20devis%20-%20Tente\">\n\t\t\t\t\t\t<span class=\"elementor-button-content-wrapper\">\n\t\t\t\t\t\t\t\t\t<span class=\"elementor-button-text\">GET A QUOTE<\/span>\n\t\t\t\t\t<\/span>\n\t\t\t\t\t<\/a>\n\t\t\t\t\t\t\t\t<\/div>\n\t\t\t\t<\/div>\n\t\t\t\t\t<\/div>\n\t\t\t\t<\/div>\n\t\t\t\t<\/div>","protected":false},"excerpt":{"rendered":"<p>TENTE INFORMATIONS TECHNIQUES Support : R\u00e9alisable directement peint sur le mur; Technique : D\u00e9cor exclusivement peint \u00e0 la main, selon [&hellip;]<\/p>","protected":false},"author":1,"featured_media":2026,"parent":0,"menu_order":0,"comment_status":"closed","ping_status":"closed","template":"","meta":{"site-sidebar-layout":"no-sidebar","site-content-layout":"","ast-site-content-layout":"full-width-container","site-content-style":"default","site-sidebar-style":"default","ast-global-header-display":"","ast-banner-title-visibility":"","ast-main-header-display":"","ast-hfb-above-header-display":"","ast-hfb-below-header-display":"","ast-hfb-mobile-header-display":"","site-post-title":"disabled","ast-breadcrumbs-content":"","ast-featured-img":"disabled","footer-sml-layout":"","theme-transparent-header-meta":"","adv-header-id-meta":"","stick-header-meta":"","header-above-stick-meta":"","header-main-stick-meta":"","header-below-stick-meta":"","astra-migrate-meta-layouts":"default","ast-page-background-enabled":"default","ast-page-background-meta":{"desktop":{"background-color":"var(--ast-global-color-4)","background-image":"","background-repeat":"repeat","background-position":"center center","background-size":"auto","background-attachment":"scroll","background-type":"","background-media":"","overlay-type":"","overlay-color":"","overlay-opacity":"","overlay-gradient":""},"tablet":{"background-color":"","background-image":"","background-repeat":"repeat","background-position":"center center","background-size":"auto","background-attachment":"scroll","background-type":"","background-media":"","overlay-type":"","overlay-color":"","overlay-opacity":"","overlay-gradient":""},"mobile":{"background-color":"","background-image":"","background-repeat":"repeat","background-position":"center center","background-size":"auto","background-attachment":"scroll","background-type":"","background-media":"","overlay-type":"","overlay-color":"","overlay-opacity":"","overlay-gradient":""}},"ast-content-background-meta":{"desktop":{"background-color":"var(--ast-global-color-5)","background-image":"","background-repeat":"repeat","background-position":"center center","background-size":"auto","background-attachment":"scroll","background-type":"","background-media":"","overlay-type":"","overlay-color":"","overlay-opacity":"","overlay-gradient":""},"tablet":{"background-color":"var(--ast-global-color-5)","background-image":"","background-repeat":"repeat","background-position":"center center","background-size":"auto","background-attachment":"scroll","background-type":"","background-media":"","overlay-type":"","overlay-color":"","overlay-opacity":"","overlay-gradient":""},"mobile":{"background-color":"var(--ast-global-color-5)","background-image":"","background-repeat":"repeat","background-position":"center center","background-size":"auto","background-attachment":"scroll","background-type":"","background-media":"","overlay-type":"","overlay-color":"","overlay-opacity":"","overlay-gradient":""}},"footnotes":""},"class_list":["post-2068","page","type-page","status-publish","has-post-thumbnail","hentry"],"yoast_head":"<!-- This site is optimized with the Yoast SEO plugin v26.6 - https:\/\/yoast.com\/wordpress\/plugins\/seo\/ -->\n<title>Tente - Maison Morelli<\/title>\n<meta name=\"robots\" content=\"index, follow, max-snippet:-1, max-image-preview:large, max-video-preview:-1\" \/>\n<link rel=\"canonical\" href=\"https:\/\/maisonmorelli.com\/en\/tente\/\" \/>\n<meta property=\"og:locale\" content=\"en_GB\" \/>\n<meta property=\"og:type\" content=\"article\" \/>\n<meta property=\"og:title\" content=\"Tente - Maison Morelli\" \/>\n<meta property=\"og:description\" content=\"TENTE INFORMATIONS TECHNIQUES Support : R\u00e9alisable directement peint sur le mur; Technique : D\u00e9cor exclusivement peint \u00e0 la main, selon [&hellip;]\" \/>\n<meta property=\"og:url\" content=\"https:\/\/maisonmorelli.com\/en\/tente\/\" \/>\n<meta property=\"og:site_name\" content=\"Maison Morelli\" \/>\n<meta property=\"article:publisher\" content=\"https:\/\/www.facebook.com\/ileniamorelli.decorazione\" \/>\n<meta property=\"article:modified_time\" content=\"2026-01-12T10:22:19+00:00\" \/>\n<meta property=\"og:image\" content=\"https:\/\/maisonmorelli.com\/wp-content\/uploads\/2026\/01\/peinture-decorative-sur-mesure.webp\" \/>\n\t<meta property=\"og:image:width\" content=\"1220\" \/>\n\t<meta property=\"og:image:height\" content=\"1106\" \/>\n\t<meta property=\"og:image:type\" content=\"image\/webp\" \/>\n<meta name=\"twitter:card\" content=\"summary_large_image\" \/>\n<meta name=\"twitter:label1\" content=\"Estimated reading time\" \/>\n\t<meta name=\"twitter:data1\" content=\"1 minute\" \/>\n<script type=\"application\/ld+json\" class=\"yoast-schema-graph\">{\"@context\":\"https:\/\/schema.org\",\"@graph\":[{\"@type\":\"WebPage\",\"@id\":\"https:\/\/maisonmorelli.com\/tente\/\",\"url\":\"https:\/\/maisonmorelli.com\/tente\/\",\"name\":\"Tente - Maison Morelli\",\"isPartOf\":{\"@id\":\"https:\/\/maisonmorelli.com\/#website\"},\"primaryImageOfPage\":{\"@id\":\"https:\/\/maisonmorelli.com\/tente\/#primaryimage\"},\"image\":{\"@id\":\"https:\/\/maisonmorelli.com\/tente\/#primaryimage\"},\"thumbnailUrl\":\"https:\/\/maisonmorelli.com\/wp-content\/uploads\/2026\/01\/peinture-decorative-sur-mesure.webp\",\"datePublished\":\"2026-01-03T13:19:45+00:00\",\"dateModified\":\"2026-01-12T10:22:19+00:00\",\"breadcrumb\":{\"@id\":\"https:\/\/maisonmorelli.com\/tente\/#breadcrumb\"},\"inLanguage\":\"en-GB\",\"potentialAction\":[{\"@type\":\"ReadAction\",\"target\":[\"https:\/\/maisonmorelli.com\/tente\/\"]}]},{\"@type\":\"ImageObject\",\"inLanguage\":\"en-GB\",\"@id\":\"https:\/\/maisonmorelli.com\/tente\/#primaryimage\",\"url\":\"https:\/\/maisonmorelli.com\/wp-content\/uploads\/2026\/01\/peinture-decorative-sur-mesure.webp\",\"contentUrl\":\"https:\/\/maisonmorelli.com\/wp-content\/uploads\/2026\/01\/peinture-decorative-sur-mesure.webp\",\"width\":1220,\"height\":1106,\"caption\":\"D\u00e9cor peint \u00e0 la main unique pour salon \u00e9l\u00e9gant\"},{\"@type\":\"BreadcrumbList\",\"@id\":\"https:\/\/maisonmorelli.com\/tente\/#breadcrumb\",\"itemListElement\":[{\"@type\":\"ListItem\",\"position\":1,\"name\":\"Accueil\",\"item\":\"https:\/\/maisonmorelli.com\/\"},{\"@type\":\"ListItem\",\"position\":2,\"name\":\"Tente\"}]},{\"@type\":\"WebSite\",\"@id\":\"https:\/\/maisonmorelli.com\/#website\",\"url\":\"https:\/\/maisonmorelli.com\/\",\"name\":\"IM Decorations\",\"description\":\"D\u00e9corations peints \u00e0 la main\",\"publisher\":{\"@id\":\"https:\/\/maisonmorelli.com\/#organization\"},\"potentialAction\":[{\"@type\":\"SearchAction\",\"target\":{\"@type\":\"EntryPoint\",\"urlTemplate\":\"https:\/\/maisonmorelli.com\/?s={search_term_string}\"},\"query-input\":{\"@type\":\"PropertyValueSpecification\",\"valueRequired\":true,\"valueName\":\"search_term_string\"}}],\"inLanguage\":\"en-GB\"},{\"@type\":\"Organization\",\"@id\":\"https:\/\/maisonmorelli.com\/#organization\",\"name\":\"IM Decorations\",\"url\":\"https:\/\/maisonmorelli.com\/\",\"logo\":{\"@type\":\"ImageObject\",\"inLanguage\":\"en-GB\",\"@id\":\"https:\/\/maisonmorelli.com\/#\/schema\/logo\/image\/\",\"url\":\"https:\/\/maisonmorelli.com\/wp-content\/uploads\/2025\/12\/Maison-Morelli-Peinture-decorative-Logo-scaled.png\",\"contentUrl\":\"https:\/\/maisonmorelli.com\/wp-content\/uploads\/2025\/12\/Maison-Morelli-Peinture-decorative-Logo-scaled.png\",\"width\":2560,\"height\":410,\"caption\":\"IM Decorations\"},\"image\":{\"@id\":\"https:\/\/maisonmorelli.com\/#\/schema\/logo\/image\/\"},\"sameAs\":[\"https:\/\/www.facebook.com\/ileniamorelli.decorazione\",\"https:\/\/www.instagram.com\/imdecorations?utm_source=ig_web_button_share_sheet&igsh=ZDNlZDc0MzIxNw==\"]}]}<\/script>\n<!-- \/ Yoast SEO plugin. -->","yoast_head_json":{"title":"Tente - Maison Morelli","robots":{"index":"index","follow":"follow","max-snippet":"max-snippet:-1","max-image-preview":"max-image-preview:large","max-video-preview":"max-video-preview:-1"},"canonical":"https:\/\/maisonmorelli.com\/en\/tente\/","og_locale":"en_GB","og_type":"article","og_title":"Tente - Maison Morelli","og_description":"TENTE INFORMATIONS TECHNIQUES Support : R\u00e9alisable directement peint sur le mur; Technique : D\u00e9cor exclusivement peint \u00e0 la main, selon [&hellip;]","og_url":"https:\/\/maisonmorelli.com\/en\/tente\/","og_site_name":"Maison Morelli","article_publisher":"https:\/\/www.facebook.com\/ileniamorelli.decorazione","article_modified_time":"2026-01-12T10:22:19+00:00","og_image":[{"width":1220,"height":1106,"url":"https:\/\/maisonmorelli.com\/wp-content\/uploads\/2026\/01\/peinture-decorative-sur-mesure.webp","type":"image\/webp"}],"twitter_card":"summary_large_image","twitter_misc":{"Estimated reading time":"1 minute"},"schema":{"@context":"https:\/\/schema.org","@graph":[{"@type":"WebPage","@id":"https:\/\/maisonmorelli.com\/tente\/","url":"https:\/\/maisonmorelli.com\/tente\/","name":"Tente - Maison Morelli","isPartOf":{"@id":"https:\/\/maisonmorelli.com\/#website"},"primaryImageOfPage":{"@id":"https:\/\/maisonmorelli.com\/tente\/#primaryimage"},"image":{"@id":"https:\/\/maisonmorelli.com\/tente\/#primaryimage"},"thumbnailUrl":"https:\/\/maisonmorelli.com\/wp-content\/uploads\/2026\/01\/peinture-decorative-sur-mesure.webp","datePublished":"2026-01-03T13:19:45+00:00","dateModified":"2026-01-12T10:22:19+00:00","breadcrumb":{"@id":"https:\/\/maisonmorelli.com\/tente\/#breadcrumb"},"inLanguage":"en-GB","potentialAction":[{"@type":"ReadAction","target":["https:\/\/maisonmorelli.com\/tente\/"]}]},{"@type":"ImageObject","inLanguage":"en-GB","@id":"https:\/\/maisonmorelli.com\/tente\/#primaryimage","url":"https:\/\/maisonmorelli.com\/wp-content\/uploads\/2026\/01\/peinture-decorative-sur-mesure.webp","contentUrl":"https:\/\/maisonmorelli.com\/wp-content\/uploads\/2026\/01\/peinture-decorative-sur-mesure.webp","width":1220,"height":1106,"caption":"D\u00e9cor peint \u00e0 la main unique pour salon \u00e9l\u00e9gant"},{"@type":"BreadcrumbList","@id":"https:\/\/maisonmorelli.com\/tente\/#breadcrumb","itemListElement":[{"@type":"ListItem","position":1,"name":"Accueil","item":"https:\/\/maisonmorelli.com\/"},{"@type":"ListItem","position":2,"name":"Tente"}]},{"@type":"WebSite","@id":"https:\/\/maisonmorelli.com\/#website","url":"https:\/\/maisonmorelli.com\/","name":"IM Decorations","description":"D\u00e9corations peints \u00e0 la main","publisher":{"@id":"https:\/\/maisonmorelli.com\/#organization"},"potentialAction":[{"@type":"SearchAction","target":{"@type":"EntryPoint","urlTemplate":"https:\/\/maisonmorelli.com\/?s={search_term_string}"},"query-input":{"@type":"PropertyValueSpecification","valueRequired":true,"valueName":"search_term_string"}}],"inLanguage":"en-GB"},{"@type":"Organization","@id":"https:\/\/maisonmorelli.com\/#organization","name":"IM Decorations","url":"https:\/\/maisonmorelli.com\/","logo":{"@type":"ImageObject","inLanguage":"en-GB","@id":"https:\/\/maisonmorelli.com\/#\/schema\/logo\/image\/","url":"https:\/\/maisonmorelli.com\/wp-content\/uploads\/2025\/12\/Maison-Morelli-Peinture-decorative-Logo-scaled.png","contentUrl":"https:\/\/maisonmorelli.com\/wp-content\/uploads\/2025\/12\/Maison-Morelli-Peinture-decorative-Logo-scaled.png","width":2560,"height":410,"caption":"IM Decorations"},"image":{"@id":"https:\/\/maisonmorelli.com\/#\/schema\/logo\/image\/"},"sameAs":["https:\/\/www.facebook.com\/ileniamorelli.decorazione","https:\/\/www.instagram.com\/imdecorations?utm_source=ig_web_button_share_sheet&igsh=ZDNlZDc0MzIxNw=="]}]}},"_links":{"self":[{"href":"https:\/\/maisonmorelli.com\/en\/wp-json\/wp\/v2\/pages\/2068","targetHints":{"allow":["GET"]}}],"collection":[{"href":"https:\/\/maisonmorelli.com\/en\/wp-json\/wp\/v2\/pages"}],"about":[{"href":"https:\/\/maisonmorelli.com\/en\/wp-json\/wp\/v2\/types\/page"}],"author":[{"embeddable":true,"href":"https:\/\/maisonmorelli.com\/en\/wp-json\/wp\/v2\/users\/1"}],"replies":[{"embeddable":true,"href":"https:\/\/maisonmorelli.com\/en\/wp-json\/wp\/v2\/comments?post=2068"}],"version-history":[{"count":10,"href":"https:\/\/maisonmorelli.com\/en\/wp-json\/wp\/v2\/pages\/2068\/revisions"}],"predecessor-version":[{"id":2479,"href":"https:\/\/maisonmorelli.com\/en\/wp-json\/wp\/v2\/pages\/2068\/revisions\/2479"}],"wp:featuredmedia":[{"embeddable":true,"href":"https:\/\/maisonmorelli.com\/en\/wp-json\/wp\/v2\/media\/2026"}],"wp:attachment":[{"href":"https:\/\/maisonmorelli.com\/en\/wp-json\/wp\/v2\/media?parent=2068"}],"curies":[{"name":"wp","href":"https:\/\/api.w.org\/{rel}","templated":true}]}}