{"id":2088,"date":"2026-01-03T13:33:22","date_gmt":"2026-01-03T13:33:22","guid":{"rendered":"https:\/\/maisonmorelli.com\/?page_id=2088"},"modified":"2026-01-23T13:15:17","modified_gmt":"2026-01-23T13:15:17","slug":"tissus","status":"publish","type":"page","link":"https:\/\/maisonmorelli.com\/en\/tissus\/","title":{"rendered":"Fabrics"},"content":{"rendered":"<div data-elementor-type=\"wp-page\" data-elementor-id=\"2088\" class=\"elementor elementor-2088\">\n\t\t\t\t<div class=\"elementor-element elementor-element-a25c33d e-con-full e-flex e-con e-child\" data-id=\"a25c33d\" data-element_type=\"container\">\n\t\t\t\t<div class=\"elementor-element elementor-element-68886e3 elementor-widget elementor-widget-heading\" data-id=\"68886e3\" data-element_type=\"widget\" data-widget_type=\"heading.default\">\n\t\t\t\t\t<h2 class=\"elementor-heading-title elementor-size-default\">FABRICS<\/h2>\t\t\t\t<\/div>\n\t\t\t\t<div class=\"elementor-element elementor-element-f091233 elementor-widget-divider--view-line elementor-widget elementor-widget-divider\" data-id=\"f091233\" data-element_type=\"widget\" data-widget_type=\"divider.default\">\n\t\t\t\t\t\t\t<div class=\"elementor-divider\">\n\t\t\t<span class=\"elementor-divider-separator\">\n\t\t\t\t\t\t<\/span>\n\t\t<\/div>\n\t\t\t\t\t\t<\/div>\n\t\t\t\t<\/div>\n\t\t<div class=\"elementor-element elementor-element-9bf7a85 e-grid e-con-boxed e-con e-parent\" data-id=\"9bf7a85\" data-element_type=\"container\">\n\t\t\t\t\t<div class=\"e-con-inner\">\n\t\t<div class=\"elementor-element elementor-element-ab2780a e-con-full e-flex e-con e-child\" data-id=\"ab2780a\" data-element_type=\"container\">\n\t\t\t\t<div class=\"elementor-element elementor-element-c06a0b0 elementor-widget elementor-widget-image\" data-id=\"c06a0b0\" data-element_type=\"widget\" data-widget_type=\"image.default\">\n\t\t\t\t\t\t\t\t\t\t\t\t\t\t\t<img fetchpriority=\"high\" decoding=\"async\" width=\"1820\" height=\"1214\" src=\"https:\/\/maisonmorelli.com\/wp-content\/uploads\/2026\/01\/decor-interieur.webp\" class=\"attachment-full size-full wp-image-2592\" alt=\"\" srcset=\"https:\/\/maisonmorelli.com\/wp-content\/uploads\/2026\/01\/decor-interieur.webp 1820w, https:\/\/maisonmorelli.com\/wp-content\/uploads\/2026\/01\/decor-interieur-300x200.webp 300w, https:\/\/maisonmorelli.com\/wp-content\/uploads\/2026\/01\/decor-interieur-1024x683.webp 1024w, https:\/\/maisonmorelli.com\/wp-content\/uploads\/2026\/01\/decor-interieur-768x512.webp 768w, https:\/\/maisonmorelli.com\/wp-content\/uploads\/2026\/01\/decor-interieur-1536x1025.webp 1536w, https:\/\/maisonmorelli.com\/wp-content\/uploads\/2026\/01\/decor-interieur-18x12.webp 18w, https:\/\/maisonmorelli.com\/wp-content\/uploads\/2026\/01\/decor-interieur-320x213.webp 320w, https:\/\/maisonmorelli.com\/wp-content\/uploads\/2026\/01\/decor-interieur-480x320.webp 480w, https:\/\/maisonmorelli.com\/wp-content\/uploads\/2026\/01\/decor-interieur-800x534.webp 800w\" sizes=\"(max-width: 1820px) 100vw, 1820px\" \/>\t\t\t\t\t\t\t\t\t\t\t\t\t\t\t<\/div>\n\t\t\t\t<\/div>\n\t\t\t\t\t<\/div>\n\t\t\t\t<\/div>\n\t\t<div class=\"elementor-element elementor-element-6ec888b e-grid e-con-boxed e-con e-parent\" data-id=\"6ec888b\" data-element_type=\"container\">\n\t\t\t\t\t<div class=\"e-con-inner\">\n\t\t<div class=\"elementor-element elementor-element-b6fb335 e-con-full e-flex e-con e-child\" data-id=\"b6fb335\" data-element_type=\"container\">\n\t\t\t\t<div class=\"elementor-element elementor-element-3427dc3 elementor-widget elementor-widget-image\" data-id=\"3427dc3\" data-element_type=\"widget\" data-widget_type=\"image.default\">\n\t\t\t\t\t\t\t\t\t\t\t\t\t\t\t<img decoding=\"async\" width=\"1000\" height=\"1499\" src=\"https:\/\/maisonmorelli.com\/wp-content\/uploads\/2026\/01\/revetement-mural-luxe.webp\" class=\"attachment-full size-full wp-image-2591\" alt=\"\" srcset=\"https:\/\/maisonmorelli.com\/wp-content\/uploads\/2026\/01\/revetement-mural-luxe.webp 1000w, https:\/\/maisonmorelli.com\/wp-content\/uploads\/2026\/01\/revetement-mural-luxe-200x300.webp 200w, https:\/\/maisonmorelli.com\/wp-content\/uploads\/2026\/01\/revetement-mural-luxe-683x1024.webp 683w, https:\/\/maisonmorelli.com\/wp-content\/uploads\/2026\/01\/revetement-mural-luxe-768x1151.webp 768w, https:\/\/maisonmorelli.com\/wp-content\/uploads\/2026\/01\/revetement-mural-luxe-8x12.webp 8w, https:\/\/maisonmorelli.com\/wp-content\/uploads\/2026\/01\/revetement-mural-luxe-320x480.webp 320w, https:\/\/maisonmorelli.com\/wp-content\/uploads\/2026\/01\/revetement-mural-luxe-480x720.webp 480w, https:\/\/maisonmorelli.com\/wp-content\/uploads\/2026\/01\/revetement-mural-luxe-800x1199.webp 800w\" sizes=\"(max-width: 1000px) 100vw, 1000px\" \/>\t\t\t\t\t\t\t\t\t\t\t\t\t\t\t<\/div>\n\t\t\t\t<\/div>\n\t\t<div class=\"elementor-element elementor-element-be28372 e-con-full e-flex e-con e-child\" data-id=\"be28372\" data-element_type=\"container\">\n\t\t\t\t<div class=\"elementor-element elementor-element-a6936f9 elementor-widget elementor-widget-image\" data-id=\"a6936f9\" data-element_type=\"widget\" data-widget_type=\"image.default\">\n\t\t\t\t\t\t\t\t\t\t\t\t\t\t\t\t<a href=\"https:\/\/maisonmorelli.com\/wp-content\/uploads\/2026\/01\/fresque-murale-haut-de-gamme.webp\" data-elementor-open-lightbox=\"yes\" data-elementor-lightbox-title=\"fresque-murale-haut-de-gamme\" data-e-action-hash=\"#elementor-action%3Aaction%3Dlightbox%26settings%3DeyJpZCI6MjU4OSwidXJsIjoiaHR0cHM6XC9cL21haXNvbm1vcmVsbGkuY29tXC93cC1jb250ZW50XC91cGxvYWRzXC8yMDI2XC8wMVwvZnJlc3F1ZS1tdXJhbGUtaGF1dC1kZS1nYW1tZS53ZWJwIn0%3D\">\n\t\t\t\t\t\t\t<img decoding=\"async\" width=\"683\" height=\"1024\" src=\"https:\/\/maisonmorelli.com\/wp-content\/uploads\/2026\/01\/fresque-murale-haut-de-gamme-683x1024.webp\" class=\"attachment-large size-large wp-image-2589\" alt=\"\" srcset=\"https:\/\/maisonmorelli.com\/wp-content\/uploads\/2026\/01\/fresque-murale-haut-de-gamme-683x1024.webp 683w, https:\/\/maisonmorelli.com\/wp-content\/uploads\/2026\/01\/fresque-murale-haut-de-gamme-200x300.webp 200w, https:\/\/maisonmorelli.com\/wp-content\/uploads\/2026\/01\/fresque-murale-haut-de-gamme-768x1151.webp 768w, https:\/\/maisonmorelli.com\/wp-content\/uploads\/2026\/01\/fresque-murale-haut-de-gamme-8x12.webp 8w, https:\/\/maisonmorelli.com\/wp-content\/uploads\/2026\/01\/fresque-murale-haut-de-gamme-320x480.webp 320w, https:\/\/maisonmorelli.com\/wp-content\/uploads\/2026\/01\/fresque-murale-haut-de-gamme-480x720.webp 480w, https:\/\/maisonmorelli.com\/wp-content\/uploads\/2026\/01\/fresque-murale-haut-de-gamme-800x1199.webp 800w, https:\/\/maisonmorelli.com\/wp-content\/uploads\/2026\/01\/fresque-murale-haut-de-gamme.webp 1000w\" sizes=\"(max-width: 683px) 100vw, 683px\" \/>\t\t\t\t\t\t\t\t<\/a>\n\t\t\t\t\t\t\t\t\t\t\t\t\t\t\t<\/div>\n\t\t\t\t<\/div>\n\t\t<div class=\"elementor-element elementor-element-9a8eae2 e-con-full e-flex e-con e-child\" data-id=\"9a8eae2\" data-element_type=\"container\">\n\t\t\t\t<div class=\"elementor-element elementor-element-ab90dcc elementor-widget elementor-widget-image\" data-id=\"ab90dcc\" data-element_type=\"widget\" data-widget_type=\"image.default\">\n\t\t\t\t\t\t\t\t\t\t\t\t\t\t\t<img loading=\"lazy\" decoding=\"async\" width=\"1000\" height=\"1255\" src=\"https:\/\/maisonmorelli.com\/wp-content\/uploads\/2026\/01\/papier-peint-haut-de-gamme.webp\" class=\"attachment-full size-full wp-image-2020\" alt=\"\" srcset=\"https:\/\/maisonmorelli.com\/wp-content\/uploads\/2026\/01\/papier-peint-haut-de-gamme.webp 1000w, https:\/\/maisonmorelli.com\/wp-content\/uploads\/2026\/01\/papier-peint-haut-de-gamme-239x300.webp 239w, https:\/\/maisonmorelli.com\/wp-content\/uploads\/2026\/01\/papier-peint-haut-de-gamme-816x1024.webp 816w, https:\/\/maisonmorelli.com\/wp-content\/uploads\/2026\/01\/papier-peint-haut-de-gamme-768x964.webp 768w, https:\/\/maisonmorelli.com\/wp-content\/uploads\/2026\/01\/papier-peint-haut-de-gamme-10x12.webp 10w, https:\/\/maisonmorelli.com\/wp-content\/uploads\/2026\/01\/papier-peint-haut-de-gamme-320x402.webp 320w, https:\/\/maisonmorelli.com\/wp-content\/uploads\/2026\/01\/papier-peint-haut-de-gamme-480x602.webp 480w, https:\/\/maisonmorelli.com\/wp-content\/uploads\/2026\/01\/papier-peint-haut-de-gamme-800x1004.webp 800w\" sizes=\"(max-width: 1000px) 100vw, 1000px\" \/>\t\t\t\t\t\t\t\t\t\t\t\t\t\t\t<\/div>\n\t\t\t\t<\/div>\n\t\t\t\t\t<\/div>\n\t\t\t\t<\/div>\n\t\t<div class=\"elementor-element elementor-element-1f1380a e-grid e-con-boxed e-con e-parent\" data-id=\"1f1380a\" data-element_type=\"container\">\n\t\t\t\t\t<div class=\"e-con-inner\">\n\t\t<div class=\"elementor-element elementor-element-c244ae5 e-con-full e-flex e-con e-child\" data-id=\"c244ae5\" data-element_type=\"container\">\n\t\t\t\t<div class=\"elementor-element elementor-element-8a03d12 elementor-widget elementor-widget-image\" data-id=\"8a03d12\" data-element_type=\"widget\" data-widget_type=\"image.default\">\n\t\t\t\t\t\t\t\t\t\t\t\t<figure class=\"wp-caption\">\n\t\t\t\t\t\t\t\t\t\t<img loading=\"lazy\" decoding=\"async\" width=\"768\" height=\"1024\" src=\"https:\/\/maisonmorelli.com\/wp-content\/uploads\/2026\/01\/decor-interieur-luxe-768x1024.webp\" class=\"attachment-large size-large wp-image-2021\" alt=\"\" srcset=\"https:\/\/maisonmorelli.com\/wp-content\/uploads\/2026\/01\/decor-interieur-luxe-768x1025.webp 768w, https:\/\/maisonmorelli.com\/wp-content\/uploads\/2026\/01\/decor-interieur-luxe-225x300.webp 225w, https:\/\/maisonmorelli.com\/wp-content\/uploads\/2026\/01\/decor-interieur-luxe-9x12.webp 9w, https:\/\/maisonmorelli.com\/wp-content\/uploads\/2026\/01\/decor-interieur-luxe-320x427.webp 320w, https:\/\/maisonmorelli.com\/wp-content\/uploads\/2026\/01\/decor-interieur-luxe-480x640.webp 480w, https:\/\/maisonmorelli.com\/wp-content\/uploads\/2026\/01\/decor-interieur-luxe-800x1067.webp 800w, https:\/\/maisonmorelli.com\/wp-content\/uploads\/2026\/01\/decor-interieur-luxe.webp 1000w\" sizes=\"(max-width: 768px) 100vw, 768px\" \/>\t\t\t\t\t\t\t\t\t\t\t<figcaption class=\"widget-image-caption wp-caption-text\"><\/figcaption>\n\t\t\t\t\t\t\t\t\t\t<\/figure>\n\t\t\t\t\t\t\t\t\t<\/div>\n\t\t\t\t<\/div>\n\t\t<div class=\"elementor-element elementor-element-953dca3 e-con-full e-flex e-con e-child\" data-id=\"953dca3\" data-element_type=\"container\">\n\t\t\t\t<div class=\"elementor-element elementor-element-b1d4f7f elementor-widget elementor-widget-heading\" data-id=\"b1d4f7f\" data-element_type=\"widget\" data-widget_type=\"heading.default\">\n\t\t\t\t\t<h2 class=\"elementor-heading-title elementor-size-default\">TECHNICAL INFORMATIONS<\/h2>\t\t\t\t<\/div>\n\t\t\t\t<div class=\"elementor-element elementor-element-571a5b8 elementor-widget-divider--view-line elementor-widget elementor-widget-divider\" data-id=\"571a5b8\" data-element_type=\"widget\" data-widget_type=\"divider.default\">\n\t\t\t\t\t\t\t<div class=\"elementor-divider\">\n\t\t\t<span class=\"elementor-divider-separator\">\n\t\t\t\t\t\t<\/span>\n\t\t<\/div>\n\t\t\t\t\t\t<\/div>\n\t\t\t\t<div class=\"elementor-element elementor-element-a5b32eb elementor-widget elementor-widget-text-editor\" data-id=\"a5b32eb\" data-element_type=\"widget\" data-widget_type=\"text-editor.default\">\n\t\t\t\t\t\t\t\t\t<p><strong data-start=\"176\" data-end=\"187\">Support<\/strong> : R\u00e9alisable directement peint sur le mur;<\/p><p data-start=\"254\" data-end=\"339\"><strong data-start=\"254\" data-end=\"267\">Technique<\/strong> : D\u00e9cor exclusivement peint \u00e0 la main, selon un savoir-faire artisanal;<\/p><p data-start=\"343\" data-end=\"478\"><strong data-start=\"343\" data-end=\"358\">Inspiration<\/strong> : Inspir\u00e9 par la richesse des trames textiles et la diversit\u00e9 de leurs motifs, ce d\u00e9cor c\u00e9l\u00e8bre le d\u00e9tail et l\u2019\u00e9l\u00e9gance des textures;<\/p><p data-start=\"482\" data-end=\"617\"><strong data-start=\"482\" data-end=\"503\">Gamme chromatique<\/strong> : Enti\u00e8rement personnalisable, le d\u00e9cor peut \u00eatre d\u00e9clin\u00e9 dans toutes les variantes de couleurs;<\/p><p data-start=\"621\" data-end=\"778\"><strong data-start=\"621\" data-end=\"643\">\u00c9chelle des motifs<\/strong> : Les patterns peuvent \u00eatre r\u00e9alis\u00e9s dans diff\u00e9rentes dimensions, avec des variations d\u2019\u00e9chelle.<\/p><p data-start=\"782\" data-end=\"916\"><strong data-start=\"782\" data-end=\"797\">Composition<\/strong> : Composition sur mesure;<\/p>\t\t\t\t\t\t\t\t<\/div>\n\t\t\t\t<div class=\"elementor-element elementor-element-6735979 elementor-widget elementor-widget-button\" data-id=\"6735979\" data-element_type=\"widget\" data-widget_type=\"button.default\">\n\t\t\t\t\t\t\t\t\t\t<a class=\"elementor-button elementor-button-link elementor-size-sm elementor-animation-grow\" href=\"mailto:info@maisonmorelli.com?subject=Demande%20de%20devis%20-%20Tissus\">\n\t\t\t\t\t\t<span class=\"elementor-button-content-wrapper\">\n\t\t\t\t\t\t\t\t\t<span class=\"elementor-button-text\">GET A QUOTE<\/span>\n\t\t\t\t\t<\/span>\n\t\t\t\t\t<\/a>\n\t\t\t\t\t\t\t\t<\/div>\n\t\t\t\t<\/div>\n\t\t\t\t\t<\/div>\n\t\t\t\t<\/div>\n\t\t\t\t<\/div>","protected":false},"excerpt":{"rendered":"<p>TISSUS INFORMATIONS TECHNIQUES Support : R\u00e9alisable directement peint sur le mur; Technique : D\u00e9cor exclusivement peint \u00e0 la main, selon [&hellip;]<\/p>","protected":false},"author":1,"featured_media":2020,"parent":0,"menu_order":0,"comment_status":"closed","ping_status":"closed","template":"","meta":{"site-sidebar-layout":"no-sidebar","site-content-layout":"","ast-site-content-layout":"full-width-container","site-content-style":"default","site-sidebar-style":"default","ast-global-header-display":"","ast-banner-title-visibility":"","ast-main-header-display":"","ast-hfb-above-header-display":"","ast-hfb-below-header-display":"","ast-hfb-mobile-header-display":"","site-post-title":"disabled","ast-breadcrumbs-content":"","ast-featured-img":"disabled","footer-sml-layout":"","theme-transparent-header-meta":"","adv-header-id-meta":"","stick-header-meta":"","header-above-stick-meta":"","header-main-stick-meta":"","header-below-stick-meta":"","astra-migrate-meta-layouts":"default","ast-page-background-enabled":"default","ast-page-background-meta":{"desktop":{"background-color":"var(--ast-global-color-4)","background-image":"","background-repeat":"repeat","background-position":"center center","background-size":"auto","background-attachment":"scroll","background-type":"","background-media":"","overlay-type":"","overlay-color":"","overlay-opacity":"","overlay-gradient":""},"tablet":{"background-color":"","background-image":"","background-repeat":"repeat","background-position":"center center","background-size":"auto","background-attachment":"scroll","background-type":"","background-media":"","overlay-type":"","overlay-color":"","overlay-opacity":"","overlay-gradient":""},"mobile":{"background-color":"","background-image":"","background-repeat":"repeat","background-position":"center center","background-size":"auto","background-attachment":"scroll","background-type":"","background-media":"","overlay-type":"","overlay-color":"","overlay-opacity":"","overlay-gradient":""}},"ast-content-background-meta":{"desktop":{"background-color":"var(--ast-global-color-5)","background-image":"","background-repeat":"repeat","background-position":"center center","background-size":"auto","background-attachment":"scroll","background-type":"","background-media":"","overlay-type":"","overlay-color":"","overlay-opacity":"","overlay-gradient":""},"tablet":{"background-color":"var(--ast-global-color-5)","background-image":"","background-repeat":"repeat","background-position":"center center","background-size":"auto","background-attachment":"scroll","background-type":"","background-media":"","overlay-type":"","overlay-color":"","overlay-opacity":"","overlay-gradient":""},"mobile":{"background-color":"var(--ast-global-color-5)","background-image":"","background-repeat":"repeat","background-position":"center center","background-size":"auto","background-attachment":"scroll","background-type":"","background-media":"","overlay-type":"","overlay-color":"","overlay-opacity":"","overlay-gradient":""}},"footnotes":""},"class_list":["post-2088","page","type-page","status-publish","has-post-thumbnail","hentry"],"yoast_head":"<!-- This site is optimized with the Yoast SEO plugin v26.6 - https:\/\/yoast.com\/wordpress\/plugins\/seo\/ -->\n<title>Tissus - Maison Morelli<\/title>\n<meta name=\"robots\" content=\"index, follow, max-snippet:-1, max-image-preview:large, max-video-preview:-1\" \/>\n<link rel=\"canonical\" href=\"https:\/\/maisonmorelli.com\/en\/tissus\/\" \/>\n<meta property=\"og:locale\" content=\"en_GB\" \/>\n<meta property=\"og:type\" content=\"article\" \/>\n<meta property=\"og:title\" content=\"Tissus - Maison Morelli\" \/>\n<meta property=\"og:description\" content=\"TISSUS INFORMATIONS TECHNIQUES Support : R\u00e9alisable directement peint sur le mur; Technique : D\u00e9cor exclusivement peint \u00e0 la main, selon [&hellip;]\" \/>\n<meta property=\"og:url\" content=\"https:\/\/maisonmorelli.com\/en\/tissus\/\" \/>\n<meta property=\"og:site_name\" content=\"Maison Morelli\" \/>\n<meta property=\"article:publisher\" content=\"https:\/\/www.facebook.com\/ileniamorelli.decorazione\" \/>\n<meta property=\"article:modified_time\" content=\"2026-01-23T13:15:17+00:00\" \/>\n<meta property=\"og:image\" content=\"https:\/\/maisonmorelli.com\/wp-content\/uploads\/2026\/01\/papier-peint-haut-de-gamme.webp\" \/>\n\t<meta property=\"og:image:width\" content=\"1000\" \/>\n\t<meta property=\"og:image:height\" content=\"1255\" \/>\n\t<meta property=\"og:image:type\" content=\"image\/webp\" \/>\n<meta name=\"twitter:card\" content=\"summary_large_image\" \/>\n<meta name=\"twitter:label1\" content=\"Estimated reading time\" \/>\n\t<meta name=\"twitter:data1\" content=\"1 minute\" \/>\n<script type=\"application\/ld+json\" class=\"yoast-schema-graph\">{\"@context\":\"https:\/\/schema.org\",\"@graph\":[{\"@type\":\"WebPage\",\"@id\":\"https:\/\/maisonmorelli.com\/tissus\/\",\"url\":\"https:\/\/maisonmorelli.com\/tissus\/\",\"name\":\"Tissus - Maison Morelli\",\"isPartOf\":{\"@id\":\"https:\/\/maisonmorelli.com\/#website\"},\"primaryImageOfPage\":{\"@id\":\"https:\/\/maisonmorelli.com\/tissus\/#primaryimage\"},\"image\":{\"@id\":\"https:\/\/maisonmorelli.com\/tissus\/#primaryimage\"},\"thumbnailUrl\":\"https:\/\/maisonmorelli.com\/wp-content\/uploads\/2026\/01\/papier-peint-haut-de-gamme.webp\",\"datePublished\":\"2026-01-03T13:33:22+00:00\",\"dateModified\":\"2026-01-23T13:15:17+00:00\",\"breadcrumb\":{\"@id\":\"https:\/\/maisonmorelli.com\/tissus\/#breadcrumb\"},\"inLanguage\":\"en-GB\",\"potentialAction\":[{\"@type\":\"ReadAction\",\"target\":[\"https:\/\/maisonmorelli.com\/tissus\/\"]}]},{\"@type\":\"ImageObject\",\"inLanguage\":\"en-GB\",\"@id\":\"https:\/\/maisonmorelli.com\/tissus\/#primaryimage\",\"url\":\"https:\/\/maisonmorelli.com\/wp-content\/uploads\/2026\/01\/papier-peint-haut-de-gamme.webp\",\"contentUrl\":\"https:\/\/maisonmorelli.com\/wp-content\/uploads\/2026\/01\/papier-peint-haut-de-gamme.webp\",\"width\":1000,\"height\":1255},{\"@type\":\"BreadcrumbList\",\"@id\":\"https:\/\/maisonmorelli.com\/tissus\/#breadcrumb\",\"itemListElement\":[{\"@type\":\"ListItem\",\"position\":1,\"name\":\"Accueil\",\"item\":\"https:\/\/maisonmorelli.com\/\"},{\"@type\":\"ListItem\",\"position\":2,\"name\":\"Tissus\"}]},{\"@type\":\"WebSite\",\"@id\":\"https:\/\/maisonmorelli.com\/#website\",\"url\":\"https:\/\/maisonmorelli.com\/\",\"name\":\"IM Decorations\",\"description\":\"D\u00e9corations peints \u00e0 la main\",\"publisher\":{\"@id\":\"https:\/\/maisonmorelli.com\/#organization\"},\"potentialAction\":[{\"@type\":\"SearchAction\",\"target\":{\"@type\":\"EntryPoint\",\"urlTemplate\":\"https:\/\/maisonmorelli.com\/?s={search_term_string}\"},\"query-input\":{\"@type\":\"PropertyValueSpecification\",\"valueRequired\":true,\"valueName\":\"search_term_string\"}}],\"inLanguage\":\"en-GB\"},{\"@type\":\"Organization\",\"@id\":\"https:\/\/maisonmorelli.com\/#organization\",\"name\":\"IM Decorations\",\"url\":\"https:\/\/maisonmorelli.com\/\",\"logo\":{\"@type\":\"ImageObject\",\"inLanguage\":\"en-GB\",\"@id\":\"https:\/\/maisonmorelli.com\/#\/schema\/logo\/image\/\",\"url\":\"https:\/\/maisonmorelli.com\/wp-content\/uploads\/2025\/12\/Maison-Morelli-Peinture-decorative-Logo-scaled.png\",\"contentUrl\":\"https:\/\/maisonmorelli.com\/wp-content\/uploads\/2025\/12\/Maison-Morelli-Peinture-decorative-Logo-scaled.png\",\"width\":2560,\"height\":410,\"caption\":\"IM Decorations\"},\"image\":{\"@id\":\"https:\/\/maisonmorelli.com\/#\/schema\/logo\/image\/\"},\"sameAs\":[\"https:\/\/www.facebook.com\/ileniamorelli.decorazione\",\"https:\/\/www.instagram.com\/imdecorations?utm_source=ig_web_button_share_sheet&igsh=ZDNlZDc0MzIxNw==\"]}]}<\/script>\n<!-- \/ Yoast SEO plugin. -->","yoast_head_json":{"title":"Tissus - Maison Morelli","robots":{"index":"index","follow":"follow","max-snippet":"max-snippet:-1","max-image-preview":"max-image-preview:large","max-video-preview":"max-video-preview:-1"},"canonical":"https:\/\/maisonmorelli.com\/en\/tissus\/","og_locale":"en_GB","og_type":"article","og_title":"Tissus - Maison Morelli","og_description":"TISSUS INFORMATIONS TECHNIQUES Support : R\u00e9alisable directement peint sur le mur; Technique : D\u00e9cor exclusivement peint \u00e0 la main, selon [&hellip;]","og_url":"https:\/\/maisonmorelli.com\/en\/tissus\/","og_site_name":"Maison Morelli","article_publisher":"https:\/\/www.facebook.com\/ileniamorelli.decorazione","article_modified_time":"2026-01-23T13:15:17+00:00","og_image":[{"width":1000,"height":1255,"url":"https:\/\/maisonmorelli.com\/wp-content\/uploads\/2026\/01\/papier-peint-haut-de-gamme.webp","type":"image\/webp"}],"twitter_card":"summary_large_image","twitter_misc":{"Estimated reading time":"1 minute"},"schema":{"@context":"https:\/\/schema.org","@graph":[{"@type":"WebPage","@id":"https:\/\/maisonmorelli.com\/tissus\/","url":"https:\/\/maisonmorelli.com\/tissus\/","name":"Tissus - Maison Morelli","isPartOf":{"@id":"https:\/\/maisonmorelli.com\/#website"},"primaryImageOfPage":{"@id":"https:\/\/maisonmorelli.com\/tissus\/#primaryimage"},"image":{"@id":"https:\/\/maisonmorelli.com\/tissus\/#primaryimage"},"thumbnailUrl":"https:\/\/maisonmorelli.com\/wp-content\/uploads\/2026\/01\/papier-peint-haut-de-gamme.webp","datePublished":"2026-01-03T13:33:22+00:00","dateModified":"2026-01-23T13:15:17+00:00","breadcrumb":{"@id":"https:\/\/maisonmorelli.com\/tissus\/#breadcrumb"},"inLanguage":"en-GB","potentialAction":[{"@type":"ReadAction","target":["https:\/\/maisonmorelli.com\/tissus\/"]}]},{"@type":"ImageObject","inLanguage":"en-GB","@id":"https:\/\/maisonmorelli.com\/tissus\/#primaryimage","url":"https:\/\/maisonmorelli.com\/wp-content\/uploads\/2026\/01\/papier-peint-haut-de-gamme.webp","contentUrl":"https:\/\/maisonmorelli.com\/wp-content\/uploads\/2026\/01\/papier-peint-haut-de-gamme.webp","width":1000,"height":1255},{"@type":"BreadcrumbList","@id":"https:\/\/maisonmorelli.com\/tissus\/#breadcrumb","itemListElement":[{"@type":"ListItem","position":1,"name":"Accueil","item":"https:\/\/maisonmorelli.com\/"},{"@type":"ListItem","position":2,"name":"Tissus"}]},{"@type":"WebSite","@id":"https:\/\/maisonmorelli.com\/#website","url":"https:\/\/maisonmorelli.com\/","name":"IM Decorations","description":"D\u00e9corations peints \u00e0 la main","publisher":{"@id":"https:\/\/maisonmorelli.com\/#organization"},"potentialAction":[{"@type":"SearchAction","target":{"@type":"EntryPoint","urlTemplate":"https:\/\/maisonmorelli.com\/?s={search_term_string}"},"query-input":{"@type":"PropertyValueSpecification","valueRequired":true,"valueName":"search_term_string"}}],"inLanguage":"en-GB"},{"@type":"Organization","@id":"https:\/\/maisonmorelli.com\/#organization","name":"IM Decorations","url":"https:\/\/maisonmorelli.com\/","logo":{"@type":"ImageObject","inLanguage":"en-GB","@id":"https:\/\/maisonmorelli.com\/#\/schema\/logo\/image\/","url":"https:\/\/maisonmorelli.com\/wp-content\/uploads\/2025\/12\/Maison-Morelli-Peinture-decorative-Logo-scaled.png","contentUrl":"https:\/\/maisonmorelli.com\/wp-content\/uploads\/2025\/12\/Maison-Morelli-Peinture-decorative-Logo-scaled.png","width":2560,"height":410,"caption":"IM Decorations"},"image":{"@id":"https:\/\/maisonmorelli.com\/#\/schema\/logo\/image\/"},"sameAs":["https:\/\/www.facebook.com\/ileniamorelli.decorazione","https:\/\/www.instagram.com\/imdecorations?utm_source=ig_web_button_share_sheet&igsh=ZDNlZDc0MzIxNw=="]}]}},"_links":{"self":[{"href":"https:\/\/maisonmorelli.com\/en\/wp-json\/wp\/v2\/pages\/2088","targetHints":{"allow":["GET"]}}],"collection":[{"href":"https:\/\/maisonmorelli.com\/en\/wp-json\/wp\/v2\/pages"}],"about":[{"href":"https:\/\/maisonmorelli.com\/en\/wp-json\/wp\/v2\/types\/page"}],"author":[{"embeddable":true,"href":"https:\/\/maisonmorelli.com\/en\/wp-json\/wp\/v2\/users\/1"}],"replies":[{"embeddable":true,"href":"https:\/\/maisonmorelli.com\/en\/wp-json\/wp\/v2\/comments?post=2088"}],"version-history":[{"count":19,"href":"https:\/\/maisonmorelli.com\/en\/wp-json\/wp\/v2\/pages\/2088\/revisions"}],"predecessor-version":[{"id":2596,"href":"https:\/\/maisonmorelli.com\/en\/wp-json\/wp\/v2\/pages\/2088\/revisions\/2596"}],"wp:featuredmedia":[{"embeddable":true,"href":"https:\/\/maisonmorelli.com\/en\/wp-json\/wp\/v2\/media\/2020"}],"wp:attachment":[{"href":"https:\/\/maisonmorelli.com\/en\/wp-json\/wp\/v2\/media?parent=2088"}],"curies":[{"name":"wp","href":"https:\/\/api.w.org\/{rel}","templated":true}]}}