{"id":2103,"date":"2026-01-03T13:38:41","date_gmt":"2026-01-03T13:38:41","guid":{"rendered":"https:\/\/maisonmorelli.com\/?page_id=2103"},"modified":"2026-01-12T10:26:07","modified_gmt":"2026-01-12T10:26:07","slug":"geometries","status":"publish","type":"page","link":"https:\/\/maisonmorelli.com\/en\/geometries\/","title":{"rendered":"Geometries"},"content":{"rendered":"<div data-elementor-type=\"wp-page\" data-elementor-id=\"2103\" class=\"elementor elementor-2103\">\n\t\t\t\t<div class=\"elementor-element elementor-element-cbeaac5 e-con-full e-flex e-con e-child\" data-id=\"cbeaac5\" data-element_type=\"container\">\n\t\t\t\t<div class=\"elementor-element elementor-element-b4ad091 elementor-widget elementor-widget-heading\" data-id=\"b4ad091\" data-element_type=\"widget\" data-widget_type=\"heading.default\">\n\t\t\t\t\t<h2 class=\"elementor-heading-title elementor-size-default\">GEOMETRIES<\/h2>\t\t\t\t<\/div>\n\t\t\t\t<div class=\"elementor-element elementor-element-9a376a2 elementor-widget-divider--view-line elementor-widget elementor-widget-divider\" data-id=\"9a376a2\" data-element_type=\"widget\" data-widget_type=\"divider.default\">\n\t\t\t\t\t\t\t<div class=\"elementor-divider\">\n\t\t\t<span class=\"elementor-divider-separator\">\n\t\t\t\t\t\t<\/span>\n\t\t<\/div>\n\t\t\t\t\t\t<\/div>\n\t\t\t\t<\/div>\n\t\t<div class=\"elementor-element elementor-element-ce2dbcd e-grid e-con-boxed e-con e-parent\" data-id=\"ce2dbcd\" data-element_type=\"container\">\n\t\t\t\t\t<div class=\"e-con-inner\">\n\t\t<div class=\"elementor-element elementor-element-cd431aa e-con-full e-flex e-con e-child\" data-id=\"cd431aa\" data-element_type=\"container\">\n\t\t\t\t<div class=\"elementor-element elementor-element-9ed6efe elementor-widget elementor-widget-image\" data-id=\"9ed6efe\" data-element_type=\"widget\" data-widget_type=\"image.default\">\n\t\t\t\t\t\t\t\t\t\t\t\t\t\t\t<img fetchpriority=\"high\" decoding=\"async\" width=\"900\" height=\"1074\" src=\"https:\/\/maisonmorelli.com\/wp-content\/uploads\/2026\/01\/frise-artistique.webp\" class=\"attachment-full size-full wp-image-2033\" alt=\"\" srcset=\"https:\/\/maisonmorelli.com\/wp-content\/uploads\/2026\/01\/frise-artistique.webp 900w, https:\/\/maisonmorelli.com\/wp-content\/uploads\/2026\/01\/frise-artistique-251x300.webp 251w, https:\/\/maisonmorelli.com\/wp-content\/uploads\/2026\/01\/frise-artistique-858x1024.webp 858w, https:\/\/maisonmorelli.com\/wp-content\/uploads\/2026\/01\/frise-artistique-768x916.webp 768w, https:\/\/maisonmorelli.com\/wp-content\/uploads\/2026\/01\/frise-artistique-10x12.webp 10w, https:\/\/maisonmorelli.com\/wp-content\/uploads\/2026\/01\/frise-artistique-320x382.webp 320w, https:\/\/maisonmorelli.com\/wp-content\/uploads\/2026\/01\/frise-artistique-480x573.webp 480w, https:\/\/maisonmorelli.com\/wp-content\/uploads\/2026\/01\/frise-artistique-800x955.webp 800w\" sizes=\"(max-width: 900px) 100vw, 900px\" \/>\t\t\t\t\t\t\t\t\t\t\t\t\t\t\t<\/div>\n\t\t\t\t<\/div>\n\t\t<div class=\"elementor-element elementor-element-3db1ffd e-con-full e-flex e-con e-child\" data-id=\"3db1ffd\" data-element_type=\"container\">\n\t\t\t\t<div class=\"elementor-element elementor-element-a55bedd elementor-widget elementor-widget-image\" data-id=\"a55bedd\" data-element_type=\"widget\" data-widget_type=\"image.default\">\n\t\t\t\t\t\t\t\t\t\t\t\t\t\t\t\t<a href=\"https:\/\/maisonmorelli.com\/wp-content\/uploads\/2026\/01\/frise-decoratif.webp\" data-elementor-open-lightbox=\"yes\" data-elementor-lightbox-title=\"frise-decoratif\" data-e-action-hash=\"#elementor-action%3Aaction%3Dlightbox%26settings%3DeyJpZCI6MjAzNCwidXJsIjoiaHR0cHM6XC9cL21haXNvbm1vcmVsbGkuY29tXC93cC1jb250ZW50XC91cGxvYWRzXC8yMDI2XC8wMVwvZnJpc2UtZGVjb3JhdGlmLndlYnAifQ%3D%3D\">\n\t\t\t\t\t\t\t<img decoding=\"async\" width=\"700\" height=\"889\" src=\"https:\/\/maisonmorelli.com\/wp-content\/uploads\/2026\/01\/frise-decoratif.webp\" class=\"attachment-large size-large wp-image-2034\" alt=\"\" srcset=\"https:\/\/maisonmorelli.com\/wp-content\/uploads\/2026\/01\/frise-decoratif.webp 700w, https:\/\/maisonmorelli.com\/wp-content\/uploads\/2026\/01\/frise-decoratif-236x300.webp 236w, https:\/\/maisonmorelli.com\/wp-content\/uploads\/2026\/01\/frise-decoratif-9x12.webp 9w, https:\/\/maisonmorelli.com\/wp-content\/uploads\/2026\/01\/frise-decoratif-320x406.webp 320w, https:\/\/maisonmorelli.com\/wp-content\/uploads\/2026\/01\/frise-decoratif-480x610.webp 480w\" sizes=\"(max-width: 700px) 100vw, 700px\" \/>\t\t\t\t\t\t\t\t<\/a>\n\t\t\t\t\t\t\t\t\t\t\t\t\t\t\t<\/div>\n\t\t\t\t<\/div>\n\t\t\t\t\t<\/div>\n\t\t\t\t<\/div>\n\t\t<div class=\"elementor-element elementor-element-b5e0738 e-grid e-con-boxed e-con e-parent\" data-id=\"b5e0738\" data-element_type=\"container\">\n\t\t\t\t\t<div class=\"e-con-inner\">\n\t\t<div class=\"elementor-element elementor-element-7c161f2 e-con-full e-flex e-con e-child\" data-id=\"7c161f2\" data-element_type=\"container\">\n\t\t\t\t<div class=\"elementor-element elementor-element-e796909 elementor-widget elementor-widget-heading\" data-id=\"e796909\" data-element_type=\"widget\" data-widget_type=\"heading.default\">\n\t\t\t\t\t<h2 class=\"elementor-heading-title elementor-size-default\">TECHNICAL INFORMATIONS<\/h2>\t\t\t\t<\/div>\n\t\t\t\t<div class=\"elementor-element elementor-element-43c45db elementor-widget-divider--view-line elementor-widget elementor-widget-divider\" data-id=\"43c45db\" data-element_type=\"widget\" data-widget_type=\"divider.default\">\n\t\t\t\t\t\t\t<div class=\"elementor-divider\">\n\t\t\t<span class=\"elementor-divider-separator\">\n\t\t\t\t\t\t<\/span>\n\t\t<\/div>\n\t\t\t\t\t\t<\/div>\n\t\t\t\t<div class=\"elementor-element elementor-element-4126b9c elementor-widget elementor-widget-text-editor\" data-id=\"4126b9c\" data-element_type=\"widget\" data-widget_type=\"text-editor.default\">\n\t\t\t\t\t\t\t\t\t<p><strong data-start=\"176\" data-end=\"187\">Support<\/strong> : R\u00e9alisable directement peint sur le mur;<\/p><p data-start=\"254\" data-end=\"339\"><strong data-start=\"254\" data-end=\"267\">Technique<\/strong> : D\u00e9cor exclusivement peint \u00e0 la main, selon un savoir-faire artisanal;<\/p><p data-start=\"343\" data-end=\"478\"><strong data-start=\"343\" data-end=\"358\">Inspiration<\/strong> : Inspir\u00e9e par la pr\u00e9cision et l\u2019harmonie des formes g\u00e9om\u00e9triques, cette collection joue sur les lignes, les motifs et les volumes pour cr\u00e9er un d\u00e9cor structur\u00e9 et contemporain;<\/p><p data-start=\"482\" data-end=\"617\"><strong data-start=\"482\" data-end=\"503\">Gamme chromatique<\/strong> : Enti\u00e8rement personnalisable, le d\u00e9cor peut \u00eatre d\u00e9clin\u00e9 dans toutes les variantes de couleurs;<\/p><p data-start=\"621\" data-end=\"778\"><strong data-start=\"621\" data-end=\"643\">\u00c9chelle des motifs<\/strong> : Les formes peuvent \u00eatre r\u00e9alis\u00e9s dans diff\u00e9rentes dimensions, avec des variations d\u2019\u00e9chelle;<\/p><p data-start=\"782\" data-end=\"916\"><strong data-start=\"782\" data-end=\"797\">Composition<\/strong> : Composition sur mesure;<\/p>\t\t\t\t\t\t\t\t<\/div>\n\t\t\t\t<div class=\"elementor-element elementor-element-798e6ef elementor-widget elementor-widget-button\" data-id=\"798e6ef\" data-element_type=\"widget\" data-widget_type=\"button.default\">\n\t\t\t\t\t\t\t\t\t\t<a class=\"elementor-button elementor-button-link elementor-size-sm elementor-animation-grow\" href=\"mailto:info@maisonmorelli.com?subject=Demande%20de%20devis%20-%20Geometries\">\n\t\t\t\t\t\t<span class=\"elementor-button-content-wrapper\">\n\t\t\t\t\t\t\t\t\t<span class=\"elementor-button-text\">GET A QUOTE<\/span>\n\t\t\t\t\t<\/span>\n\t\t\t\t\t<\/a>\n\t\t\t\t\t\t\t\t<\/div>\n\t\t\t\t<\/div>\n\t\t\t\t\t<\/div>\n\t\t\t\t<\/div>\n\t\t\t\t<\/div>","protected":false},"excerpt":{"rendered":"<p>GEOMETRIES INFORMATIONS TECHNIQUES Support : R\u00e9alisable directement peint sur le mur; Technique : D\u00e9cor exclusivement peint \u00e0 la main, selon [&hellip;]<\/p>","protected":false},"author":1,"featured_media":2033,"parent":0,"menu_order":0,"comment_status":"closed","ping_status":"closed","template":"","meta":{"site-sidebar-layout":"no-sidebar","site-content-layout":"","ast-site-content-layout":"full-width-container","site-content-style":"default","site-sidebar-style":"default","ast-global-header-display":"","ast-banner-title-visibility":"","ast-main-header-display":"","ast-hfb-above-header-display":"","ast-hfb-below-header-display":"","ast-hfb-mobile-header-display":"","site-post-title":"disabled","ast-breadcrumbs-content":"","ast-featured-img":"disabled","footer-sml-layout":"","theme-transparent-header-meta":"","adv-header-id-meta":"","stick-header-meta":"","header-above-stick-meta":"","header-main-stick-meta":"","header-below-stick-meta":"","astra-migrate-meta-layouts":"default","ast-page-background-enabled":"default","ast-page-background-meta":{"desktop":{"background-color":"var(--ast-global-color-4)","background-image":"","background-repeat":"repeat","background-position":"center center","background-size":"auto","background-attachment":"scroll","background-type":"","background-media":"","overlay-type":"","overlay-color":"","overlay-opacity":"","overlay-gradient":""},"tablet":{"background-color":"","background-image":"","background-repeat":"repeat","background-position":"center center","background-size":"auto","background-attachment":"scroll","background-type":"","background-media":"","overlay-type":"","overlay-color":"","overlay-opacity":"","overlay-gradient":""},"mobile":{"background-color":"","background-image":"","background-repeat":"repeat","background-position":"center center","background-size":"auto","background-attachment":"scroll","background-type":"","background-media":"","overlay-type":"","overlay-color":"","overlay-opacity":"","overlay-gradient":""}},"ast-content-background-meta":{"desktop":{"background-color":"var(--ast-global-color-5)","background-image":"","background-repeat":"repeat","background-position":"center center","background-size":"auto","background-attachment":"scroll","background-type":"","background-media":"","overlay-type":"","overlay-color":"","overlay-opacity":"","overlay-gradient":""},"tablet":{"background-color":"var(--ast-global-color-5)","background-image":"","background-repeat":"repeat","background-position":"center center","background-size":"auto","background-attachment":"scroll","background-type":"","background-media":"","overlay-type":"","overlay-color":"","overlay-opacity":"","overlay-gradient":""},"mobile":{"background-color":"var(--ast-global-color-5)","background-image":"","background-repeat":"repeat","background-position":"center center","background-size":"auto","background-attachment":"scroll","background-type":"","background-media":"","overlay-type":"","overlay-color":"","overlay-opacity":"","overlay-gradient":""}},"footnotes":""},"class_list":["post-2103","page","type-page","status-publish","has-post-thumbnail","hentry"],"yoast_head":"<!-- This site is optimized with the Yoast SEO plugin v26.6 - https:\/\/yoast.com\/wordpress\/plugins\/seo\/ -->\n<title>Geometries - Maison Morelli<\/title>\n<meta name=\"robots\" content=\"index, follow, max-snippet:-1, max-image-preview:large, max-video-preview:-1\" \/>\n<link rel=\"canonical\" href=\"https:\/\/maisonmorelli.com\/en\/geometries\/\" \/>\n<meta property=\"og:locale\" content=\"en_GB\" \/>\n<meta property=\"og:type\" content=\"article\" \/>\n<meta property=\"og:title\" content=\"Geometries - Maison Morelli\" \/>\n<meta property=\"og:description\" content=\"GEOMETRIES INFORMATIONS TECHNIQUES Support : R\u00e9alisable directement peint sur le mur; Technique : D\u00e9cor exclusivement peint \u00e0 la main, selon [&hellip;]\" \/>\n<meta property=\"og:url\" content=\"https:\/\/maisonmorelli.com\/en\/geometries\/\" \/>\n<meta property=\"og:site_name\" content=\"Maison Morelli\" \/>\n<meta property=\"article:publisher\" content=\"https:\/\/www.facebook.com\/ileniamorelli.decorazione\" \/>\n<meta property=\"article:modified_time\" content=\"2026-01-12T10:26:07+00:00\" \/>\n<meta property=\"og:image\" content=\"https:\/\/maisonmorelli.com\/wp-content\/uploads\/2026\/01\/frise-artistique.webp\" \/>\n\t<meta property=\"og:image:width\" content=\"900\" \/>\n\t<meta property=\"og:image:height\" content=\"1074\" \/>\n\t<meta property=\"og:image:type\" content=\"image\/webp\" \/>\n<meta name=\"twitter:card\" content=\"summary_large_image\" \/>\n<meta name=\"twitter:label1\" content=\"Estimated reading time\" \/>\n\t<meta name=\"twitter:data1\" content=\"1 minute\" \/>\n<script type=\"application\/ld+json\" class=\"yoast-schema-graph\">{\"@context\":\"https:\/\/schema.org\",\"@graph\":[{\"@type\":\"WebPage\",\"@id\":\"https:\/\/maisonmorelli.com\/geometries\/\",\"url\":\"https:\/\/maisonmorelli.com\/geometries\/\",\"name\":\"Geometries - Maison Morelli\",\"isPartOf\":{\"@id\":\"https:\/\/maisonmorelli.com\/#website\"},\"primaryImageOfPage\":{\"@id\":\"https:\/\/maisonmorelli.com\/geometries\/#primaryimage\"},\"image\":{\"@id\":\"https:\/\/maisonmorelli.com\/geometries\/#primaryimage\"},\"thumbnailUrl\":\"https:\/\/maisonmorelli.com\/wp-content\/uploads\/2026\/01\/frise-artistique.webp\",\"datePublished\":\"2026-01-03T13:38:41+00:00\",\"dateModified\":\"2026-01-12T10:26:07+00:00\",\"breadcrumb\":{\"@id\":\"https:\/\/maisonmorelli.com\/geometries\/#breadcrumb\"},\"inLanguage\":\"en-GB\",\"potentialAction\":[{\"@type\":\"ReadAction\",\"target\":[\"https:\/\/maisonmorelli.com\/geometries\/\"]}]},{\"@type\":\"ImageObject\",\"inLanguage\":\"en-GB\",\"@id\":\"https:\/\/maisonmorelli.com\/geometries\/#primaryimage\",\"url\":\"https:\/\/maisonmorelli.com\/wp-content\/uploads\/2026\/01\/frise-artistique.webp\",\"contentUrl\":\"https:\/\/maisonmorelli.com\/wp-content\/uploads\/2026\/01\/frise-artistique.webp\",\"width\":900,\"height\":1074},{\"@type\":\"BreadcrumbList\",\"@id\":\"https:\/\/maisonmorelli.com\/geometries\/#breadcrumb\",\"itemListElement\":[{\"@type\":\"ListItem\",\"position\":1,\"name\":\"Accueil\",\"item\":\"https:\/\/maisonmorelli.com\/\"},{\"@type\":\"ListItem\",\"position\":2,\"name\":\"Geometries\"}]},{\"@type\":\"WebSite\",\"@id\":\"https:\/\/maisonmorelli.com\/#website\",\"url\":\"https:\/\/maisonmorelli.com\/\",\"name\":\"IM Decorations\",\"description\":\"D\u00e9corations peints \u00e0 la main\",\"publisher\":{\"@id\":\"https:\/\/maisonmorelli.com\/#organization\"},\"potentialAction\":[{\"@type\":\"SearchAction\",\"target\":{\"@type\":\"EntryPoint\",\"urlTemplate\":\"https:\/\/maisonmorelli.com\/?s={search_term_string}\"},\"query-input\":{\"@type\":\"PropertyValueSpecification\",\"valueRequired\":true,\"valueName\":\"search_term_string\"}}],\"inLanguage\":\"en-GB\"},{\"@type\":\"Organization\",\"@id\":\"https:\/\/maisonmorelli.com\/#organization\",\"name\":\"IM Decorations\",\"url\":\"https:\/\/maisonmorelli.com\/\",\"logo\":{\"@type\":\"ImageObject\",\"inLanguage\":\"en-GB\",\"@id\":\"https:\/\/maisonmorelli.com\/#\/schema\/logo\/image\/\",\"url\":\"https:\/\/maisonmorelli.com\/wp-content\/uploads\/2025\/12\/Maison-Morelli-Peinture-decorative-Logo-scaled.png\",\"contentUrl\":\"https:\/\/maisonmorelli.com\/wp-content\/uploads\/2025\/12\/Maison-Morelli-Peinture-decorative-Logo-scaled.png\",\"width\":2560,\"height\":410,\"caption\":\"IM Decorations\"},\"image\":{\"@id\":\"https:\/\/maisonmorelli.com\/#\/schema\/logo\/image\/\"},\"sameAs\":[\"https:\/\/www.facebook.com\/ileniamorelli.decorazione\",\"https:\/\/www.instagram.com\/imdecorations?utm_source=ig_web_button_share_sheet&igsh=ZDNlZDc0MzIxNw==\"]}]}<\/script>\n<!-- \/ Yoast SEO plugin. -->","yoast_head_json":{"title":"Geometries - Maison Morelli","robots":{"index":"index","follow":"follow","max-snippet":"max-snippet:-1","max-image-preview":"max-image-preview:large","max-video-preview":"max-video-preview:-1"},"canonical":"https:\/\/maisonmorelli.com\/en\/geometries\/","og_locale":"en_GB","og_type":"article","og_title":"Geometries - Maison Morelli","og_description":"GEOMETRIES INFORMATIONS TECHNIQUES Support : R\u00e9alisable directement peint sur le mur; Technique : D\u00e9cor exclusivement peint \u00e0 la main, selon [&hellip;]","og_url":"https:\/\/maisonmorelli.com\/en\/geometries\/","og_site_name":"Maison Morelli","article_publisher":"https:\/\/www.facebook.com\/ileniamorelli.decorazione","article_modified_time":"2026-01-12T10:26:07+00:00","og_image":[{"width":900,"height":1074,"url":"https:\/\/maisonmorelli.com\/wp-content\/uploads\/2026\/01\/frise-artistique.webp","type":"image\/webp"}],"twitter_card":"summary_large_image","twitter_misc":{"Estimated reading time":"1 minute"},"schema":{"@context":"https:\/\/schema.org","@graph":[{"@type":"WebPage","@id":"https:\/\/maisonmorelli.com\/geometries\/","url":"https:\/\/maisonmorelli.com\/geometries\/","name":"Geometries - Maison Morelli","isPartOf":{"@id":"https:\/\/maisonmorelli.com\/#website"},"primaryImageOfPage":{"@id":"https:\/\/maisonmorelli.com\/geometries\/#primaryimage"},"image":{"@id":"https:\/\/maisonmorelli.com\/geometries\/#primaryimage"},"thumbnailUrl":"https:\/\/maisonmorelli.com\/wp-content\/uploads\/2026\/01\/frise-artistique.webp","datePublished":"2026-01-03T13:38:41+00:00","dateModified":"2026-01-12T10:26:07+00:00","breadcrumb":{"@id":"https:\/\/maisonmorelli.com\/geometries\/#breadcrumb"},"inLanguage":"en-GB","potentialAction":[{"@type":"ReadAction","target":["https:\/\/maisonmorelli.com\/geometries\/"]}]},{"@type":"ImageObject","inLanguage":"en-GB","@id":"https:\/\/maisonmorelli.com\/geometries\/#primaryimage","url":"https:\/\/maisonmorelli.com\/wp-content\/uploads\/2026\/01\/frise-artistique.webp","contentUrl":"https:\/\/maisonmorelli.com\/wp-content\/uploads\/2026\/01\/frise-artistique.webp","width":900,"height":1074},{"@type":"BreadcrumbList","@id":"https:\/\/maisonmorelli.com\/geometries\/#breadcrumb","itemListElement":[{"@type":"ListItem","position":1,"name":"Accueil","item":"https:\/\/maisonmorelli.com\/"},{"@type":"ListItem","position":2,"name":"Geometries"}]},{"@type":"WebSite","@id":"https:\/\/maisonmorelli.com\/#website","url":"https:\/\/maisonmorelli.com\/","name":"IM Decorations","description":"D\u00e9corations peints \u00e0 la main","publisher":{"@id":"https:\/\/maisonmorelli.com\/#organization"},"potentialAction":[{"@type":"SearchAction","target":{"@type":"EntryPoint","urlTemplate":"https:\/\/maisonmorelli.com\/?s={search_term_string}"},"query-input":{"@type":"PropertyValueSpecification","valueRequired":true,"valueName":"search_term_string"}}],"inLanguage":"en-GB"},{"@type":"Organization","@id":"https:\/\/maisonmorelli.com\/#organization","name":"IM Decorations","url":"https:\/\/maisonmorelli.com\/","logo":{"@type":"ImageObject","inLanguage":"en-GB","@id":"https:\/\/maisonmorelli.com\/#\/schema\/logo\/image\/","url":"https:\/\/maisonmorelli.com\/wp-content\/uploads\/2025\/12\/Maison-Morelli-Peinture-decorative-Logo-scaled.png","contentUrl":"https:\/\/maisonmorelli.com\/wp-content\/uploads\/2025\/12\/Maison-Morelli-Peinture-decorative-Logo-scaled.png","width":2560,"height":410,"caption":"IM Decorations"},"image":{"@id":"https:\/\/maisonmorelli.com\/#\/schema\/logo\/image\/"},"sameAs":["https:\/\/www.facebook.com\/ileniamorelli.decorazione","https:\/\/www.instagram.com\/imdecorations?utm_source=ig_web_button_share_sheet&igsh=ZDNlZDc0MzIxNw=="]}]}},"_links":{"self":[{"href":"https:\/\/maisonmorelli.com\/en\/wp-json\/wp\/v2\/pages\/2103","targetHints":{"allow":["GET"]}}],"collection":[{"href":"https:\/\/maisonmorelli.com\/en\/wp-json\/wp\/v2\/pages"}],"about":[{"href":"https:\/\/maisonmorelli.com\/en\/wp-json\/wp\/v2\/types\/page"}],"author":[{"embeddable":true,"href":"https:\/\/maisonmorelli.com\/en\/wp-json\/wp\/v2\/users\/1"}],"replies":[{"embeddable":true,"href":"https:\/\/maisonmorelli.com\/en\/wp-json\/wp\/v2\/comments?post=2103"}],"version-history":[{"count":13,"href":"https:\/\/maisonmorelli.com\/en\/wp-json\/wp\/v2\/pages\/2103\/revisions"}],"predecessor-version":[{"id":2506,"href":"https:\/\/maisonmorelli.com\/en\/wp-json\/wp\/v2\/pages\/2103\/revisions\/2506"}],"wp:featuredmedia":[{"embeddable":true,"href":"https:\/\/maisonmorelli.com\/en\/wp-json\/wp\/v2\/media\/2033"}],"wp:attachment":[{"href":"https:\/\/maisonmorelli.com\/en\/wp-json\/wp\/v2\/media?parent=2103"}],"curies":[{"name":"wp","href":"https:\/\/api.w.org\/{rel}","templated":true}]}}