{"id":2115,"date":"2026-01-03T13:43:59","date_gmt":"2026-01-03T13:43:59","guid":{"rendered":"https:\/\/maisonmorelli.com\/?page_id=2115"},"modified":"2026-01-12T10:23:53","modified_gmt":"2026-01-12T10:23:53","slug":"trompe-loeil","status":"publish","type":"page","link":"https:\/\/maisonmorelli.com\/en\/trompe-loeil\/","title":{"rendered":"Trompe-l\u2019\u0153il"},"content":{"rendered":"<div data-elementor-type=\"wp-page\" data-elementor-id=\"2115\" class=\"elementor elementor-2115\">\n\t\t\t\t<div class=\"elementor-element elementor-element-85c43fb e-con-full e-flex e-con e-child\" data-id=\"85c43fb\" data-element_type=\"container\">\n\t\t\t\t<div class=\"elementor-element elementor-element-25b136f elementor-widget elementor-widget-heading\" data-id=\"25b136f\" data-element_type=\"widget\" data-widget_type=\"heading.default\">\n\t\t\t\t\t<h2 class=\"elementor-heading-title elementor-size-default\">TROMPE-L\u2019\u0152IL<\/h2>\t\t\t\t<\/div>\n\t\t\t\t<div class=\"elementor-element elementor-element-c1817f3 elementor-widget-divider--view-line elementor-widget elementor-widget-divider\" data-id=\"c1817f3\" data-element_type=\"widget\" data-widget_type=\"divider.default\">\n\t\t\t\t\t\t\t<div class=\"elementor-divider\">\n\t\t\t<span class=\"elementor-divider-separator\">\n\t\t\t\t\t\t<\/span>\n\t\t<\/div>\n\t\t\t\t\t\t<\/div>\n\t\t\t\t<\/div>\n\t\t<div class=\"elementor-element elementor-element-3cab2bb e-grid e-con-boxed e-con e-parent\" data-id=\"3cab2bb\" data-element_type=\"container\">\n\t\t\t\t\t<div class=\"e-con-inner\">\n\t\t<div class=\"elementor-element elementor-element-d745e13 e-con-full e-flex e-con e-child\" data-id=\"d745e13\" data-element_type=\"container\">\n\t\t\t\t<div class=\"elementor-element elementor-element-6c54146 elementor-widget elementor-widget-image\" data-id=\"6c54146\" data-element_type=\"widget\" data-widget_type=\"image.default\">\n\t\t\t\t\t\t\t\t\t\t\t\t\t\t\t<img fetchpriority=\"high\" decoding=\"async\" width=\"800\" height=\"1106\" src=\"https:\/\/maisonmorelli.com\/wp-content\/uploads\/2026\/01\/plafond-peint-main.webp\" class=\"attachment-full size-full wp-image-2029\" alt=\"\" srcset=\"https:\/\/maisonmorelli.com\/wp-content\/uploads\/2026\/01\/plafond-peint-main.webp 800w, https:\/\/maisonmorelli.com\/wp-content\/uploads\/2026\/01\/plafond-peint-main-217x300.webp 217w, https:\/\/maisonmorelli.com\/wp-content\/uploads\/2026\/01\/plafond-peint-main-741x1024.webp 741w, https:\/\/maisonmorelli.com\/wp-content\/uploads\/2026\/01\/plafond-peint-main-768x1062.webp 768w, https:\/\/maisonmorelli.com\/wp-content\/uploads\/2026\/01\/plafond-peint-main-9x12.webp 9w, https:\/\/maisonmorelli.com\/wp-content\/uploads\/2026\/01\/plafond-peint-main-320x442.webp 320w, https:\/\/maisonmorelli.com\/wp-content\/uploads\/2026\/01\/plafond-peint-main-480x664.webp 480w\" sizes=\"(max-width: 800px) 100vw, 800px\" \/>\t\t\t\t\t\t\t\t\t\t\t\t\t\t\t<\/div>\n\t\t\t\t<div class=\"elementor-element elementor-element-c9f6431 elementor-widget elementor-widget-text-editor\" data-id=\"c9f6431\" data-element_type=\"widget\" data-widget_type=\"text-editor.default\">\n\t\t\t\t\t\t\t\t\t<p>Made at <a href=\"https:\/\/www.hestia-bordeaux.fr\"><strong>Hest\u00efa<\/strong><\/a>, <em>35 Rue Sainte Colombe, 33000 Bordeaux.<\/em><\/p>\t\t\t\t\t\t\t\t<\/div>\n\t\t\t\t<\/div>\n\t\t<div class=\"elementor-element elementor-element-7b38a19 e-con-full e-flex e-con e-child\" data-id=\"7b38a19\" data-element_type=\"container\">\n\t\t\t\t<div class=\"elementor-element elementor-element-11569a9 elementor-widget elementor-widget-image\" data-id=\"11569a9\" data-element_type=\"widget\" data-widget_type=\"image.default\">\n\t\t\t\t\t\t\t\t\t\t\t\t\t\t\t\t<a href=\"https:\/\/maisonmorelli.com\/wp-content\/uploads\/2026\/01\/trompe-l-oeil-personalisee-bordeaux.webp\" data-elementor-open-lightbox=\"yes\" data-elementor-lightbox-title=\"trompe-l-oeil-personalisee-bordeaux\" data-e-action-hash=\"#elementor-action%3Aaction%3Dlightbox%26settings%3DeyJpZCI6MjAzMCwidXJsIjoiaHR0cHM6XC9cL21haXNvbm1vcmVsbGkuY29tXC93cC1jb250ZW50XC91cGxvYWRzXC8yMDI2XC8wMVwvdHJvbXBlLWwtb2VpbC1wZXJzb25hbGlzZWUtYm9yZGVhdXgud2VicCJ9\">\n\t\t\t\t\t\t\t<img decoding=\"async\" width=\"768\" height=\"1024\" src=\"https:\/\/maisonmorelli.com\/wp-content\/uploads\/2026\/01\/trompe-l-oeil-personalisee-bordeaux-768x1024.webp\" class=\"attachment-large size-large wp-image-2030\" alt=\"\" srcset=\"https:\/\/maisonmorelli.com\/wp-content\/uploads\/2026\/01\/trompe-l-oeil-personalisee-bordeaux-768x1025.webp 768w, https:\/\/maisonmorelli.com\/wp-content\/uploads\/2026\/01\/trompe-l-oeil-personalisee-bordeaux-225x300.webp 225w, https:\/\/maisonmorelli.com\/wp-content\/uploads\/2026\/01\/trompe-l-oeil-personalisee-bordeaux-9x12.webp 9w, https:\/\/maisonmorelli.com\/wp-content\/uploads\/2026\/01\/trompe-l-oeil-personalisee-bordeaux-320x427.webp 320w, https:\/\/maisonmorelli.com\/wp-content\/uploads\/2026\/01\/trompe-l-oeil-personalisee-bordeaux-480x640.webp 480w, https:\/\/maisonmorelli.com\/wp-content\/uploads\/2026\/01\/trompe-l-oeil-personalisee-bordeaux-800x1067.webp 800w, https:\/\/maisonmorelli.com\/wp-content\/uploads\/2026\/01\/trompe-l-oeil-personalisee-bordeaux.webp 1000w\" sizes=\"(max-width: 768px) 100vw, 768px\" \/>\t\t\t\t\t\t\t\t<\/a>\n\t\t\t\t\t\t\t\t\t\t\t\t\t\t\t<\/div>\n\t\t\t\t<div class=\"elementor-element elementor-element-4ad631c elementor-widget elementor-widget-text-editor\" data-id=\"4ad631c\" data-element_type=\"widget\" data-widget_type=\"text-editor.default\">\n\t\t\t\t\t\t\t\t\t<p>Made at <a href=\"https:\/\/cafe-ravez.com\"><strong>Caf\u00e9 Ravez<\/strong><\/a>, <em>24 Rue Ravez, 33000 Bordeaux.<\/em><\/p>\t\t\t\t\t\t\t\t<\/div>\n\t\t\t\t<\/div>\n\t\t<div class=\"elementor-element elementor-element-e5fd1aa e-con-full e-flex e-con e-child\" data-id=\"e5fd1aa\" data-element_type=\"container\">\n\t\t\t\t<div class=\"elementor-element elementor-element-024d5ec elementor-widget elementor-widget-image\" data-id=\"024d5ec\" data-element_type=\"widget\" data-widget_type=\"image.default\">\n\t\t\t\t\t\t\t\t\t\t\t\t\t\t\t<img decoding=\"async\" width=\"1000\" height=\"1590\" src=\"https:\/\/maisonmorelli.com\/wp-content\/uploads\/2026\/01\/trompe-l-oeil-personalisee.webp\" class=\"attachment-full size-full wp-image-2031\" alt=\"\" srcset=\"https:\/\/maisonmorelli.com\/wp-content\/uploads\/2026\/01\/trompe-l-oeil-personalisee.webp 1000w, https:\/\/maisonmorelli.com\/wp-content\/uploads\/2026\/01\/trompe-l-oeil-personalisee-189x300.webp 189w, https:\/\/maisonmorelli.com\/wp-content\/uploads\/2026\/01\/trompe-l-oeil-personalisee-644x1024.webp 644w, https:\/\/maisonmorelli.com\/wp-content\/uploads\/2026\/01\/trompe-l-oeil-personalisee-768x1221.webp 768w, https:\/\/maisonmorelli.com\/wp-content\/uploads\/2026\/01\/trompe-l-oeil-personalisee-966x1536.webp 966w, https:\/\/maisonmorelli.com\/wp-content\/uploads\/2026\/01\/trompe-l-oeil-personalisee-8x12.webp 8w, https:\/\/maisonmorelli.com\/wp-content\/uploads\/2026\/01\/trompe-l-oeil-personalisee-320x509.webp 320w, https:\/\/maisonmorelli.com\/wp-content\/uploads\/2026\/01\/trompe-l-oeil-personalisee-480x763.webp 480w, https:\/\/maisonmorelli.com\/wp-content\/uploads\/2026\/01\/trompe-l-oeil-personalisee-800x1272.webp 800w\" sizes=\"(max-width: 1000px) 100vw, 1000px\" \/>\t\t\t\t\t\t\t\t\t\t\t\t\t\t\t<\/div>\n\t\t\t\t<\/div>\n\t\t\t\t\t<\/div>\n\t\t\t\t<\/div>\n\t\t<div class=\"elementor-element elementor-element-554f7f9 e-grid e-con-boxed e-con e-parent\" data-id=\"554f7f9\" data-element_type=\"container\">\n\t\t\t\t\t<div class=\"e-con-inner\">\n\t\t<div class=\"elementor-element elementor-element-5b5af08 e-con-full e-flex e-con e-child\" data-id=\"5b5af08\" data-element_type=\"container\">\n\t\t\t\t<div class=\"elementor-element elementor-element-e862481 elementor-widget elementor-widget-image\" data-id=\"e862481\" data-element_type=\"widget\" data-widget_type=\"image.default\">\n\t\t\t\t\t\t\t\t\t\t\t\t<figure class=\"wp-caption\">\n\t\t\t\t\t\t\t\t\t\t<img loading=\"lazy\" decoding=\"async\" width=\"869\" height=\"1024\" src=\"https:\/\/maisonmorelli.com\/wp-content\/uploads\/2026\/01\/trompe-l-oeil-bordeaux-869x1024.webp\" class=\"attachment-large size-large wp-image-2028\" alt=\"\" srcset=\"https:\/\/maisonmorelli.com\/wp-content\/uploads\/2026\/01\/trompe-l-oeil-bordeaux-869x1024.webp 869w, https:\/\/maisonmorelli.com\/wp-content\/uploads\/2026\/01\/trompe-l-oeil-bordeaux-255x300.webp 255w, https:\/\/maisonmorelli.com\/wp-content\/uploads\/2026\/01\/trompe-l-oeil-bordeaux-768x905.webp 768w, https:\/\/maisonmorelli.com\/wp-content\/uploads\/2026\/01\/trompe-l-oeil-bordeaux-10x12.webp 10w, https:\/\/maisonmorelli.com\/wp-content\/uploads\/2026\/01\/trompe-l-oeil-bordeaux-320x377.webp 320w, https:\/\/maisonmorelli.com\/wp-content\/uploads\/2026\/01\/trompe-l-oeil-bordeaux-480x565.webp 480w, https:\/\/maisonmorelli.com\/wp-content\/uploads\/2026\/01\/trompe-l-oeil-bordeaux-800x942.webp 800w, https:\/\/maisonmorelli.com\/wp-content\/uploads\/2026\/01\/trompe-l-oeil-bordeaux.webp 1000w\" sizes=\"(max-width: 869px) 100vw, 869px\" \/>\t\t\t\t\t\t\t\t\t\t\t<figcaption class=\"widget-image-caption wp-caption-text\"><\/figcaption>\n\t\t\t\t\t\t\t\t\t\t<\/figure>\n\t\t\t\t\t\t\t\t\t<\/div>\n\t\t\t\t<\/div>\n\t\t<div class=\"elementor-element elementor-element-508eb17 e-con-full e-flex e-con e-child\" data-id=\"508eb17\" data-element_type=\"container\">\n\t\t\t\t<div class=\"elementor-element elementor-element-a2535dd elementor-widget elementor-widget-heading\" data-id=\"a2535dd\" data-element_type=\"widget\" data-widget_type=\"heading.default\">\n\t\t\t\t\t<h2 class=\"elementor-heading-title elementor-size-default\">TECHNICAL INFORMATIONS<\/h2>\t\t\t\t<\/div>\n\t\t\t\t<div class=\"elementor-element elementor-element-9d275e8 elementor-widget-divider--view-line elementor-widget elementor-widget-divider\" data-id=\"9d275e8\" data-element_type=\"widget\" data-widget_type=\"divider.default\">\n\t\t\t\t\t\t\t<div class=\"elementor-divider\">\n\t\t\t<span class=\"elementor-divider-separator\">\n\t\t\t\t\t\t<\/span>\n\t\t<\/div>\n\t\t\t\t\t\t<\/div>\n\t\t\t\t<div class=\"elementor-element elementor-element-e680358 elementor-widget elementor-widget-text-editor\" data-id=\"e680358\" data-element_type=\"widget\" data-widget_type=\"text-editor.default\">\n\t\t\t\t\t\t\t\t\t<p><strong data-start=\"176\" data-end=\"187\">Support<\/strong> : R\u00e9alisable sur papier peint ou directement peint sur le mur;<\/p><p data-start=\"254\" data-end=\"339\"><strong data-start=\"254\" data-end=\"267\">Technique<\/strong> : D\u00e9cor exclusivement peint \u00e0 la main, selon un savoir-faire artisanal;<\/p><p data-start=\"343\" data-end=\"478\"><strong data-start=\"343\" data-end=\"358\">Inspiration<\/strong> : Inspir\u00e9e par l\u2019art du trompe-l\u2019\u0153il, cette collection cr\u00e9e des illusions visuelles qui jouent avec la perspective, la lumi\u00e8re et le relief pour transformer le mur en une \u0153uvre vivante;<\/p><p data-start=\"482\" data-end=\"617\"><strong data-start=\"482\" data-end=\"503\">Gamme chromatique<\/strong> : Enti\u00e8rement personnalisable, le d\u00e9cor peut \u00eatre d\u00e9clin\u00e9 dans toutes les variantes de couleurs;<\/p><p data-start=\"621\" data-end=\"778\"><strong data-start=\"621\" data-end=\"643\">\u00c9chelle des motifs<\/strong> : La d\u00e9coration peut \u00eatre r\u00e9alis\u00e9s dans diff\u00e9rentes dimensions, avec des variations d\u2019\u00e9chelle.<\/p><p data-start=\"782\" data-end=\"916\"><strong data-start=\"782\" data-end=\"797\">Composition<\/strong> : Composition sur mesure;<\/p>\t\t\t\t\t\t\t\t<\/div>\n\t\t\t\t<div class=\"elementor-element elementor-element-08d219e elementor-widget elementor-widget-button\" data-id=\"08d219e\" data-element_type=\"widget\" data-widget_type=\"button.default\">\n\t\t\t\t\t\t\t\t\t\t<a class=\"elementor-button elementor-button-link elementor-size-sm elementor-animation-grow\" href=\"mailto:info@maisonmorelli.com?subject=Demande%20de%20devis%20-%20Trompe-l\u2019\u0153il\">\n\t\t\t\t\t\t<span class=\"elementor-button-content-wrapper\">\n\t\t\t\t\t\t\t\t\t<span class=\"elementor-button-text\">GET A QUOTE<\/span>\n\t\t\t\t\t<\/span>\n\t\t\t\t\t<\/a>\n\t\t\t\t\t\t\t\t<\/div>\n\t\t\t\t<\/div>\n\t\t\t\t\t<\/div>\n\t\t\t\t<\/div>\n\t\t\t\t<\/div>","protected":false},"excerpt":{"rendered":"<p>TROMPE-L\u2019\u0152IL R\u00e9alis\u00e9e chez Hest\u00efa, 35 Rue Sainte Colombe, 33000 Bordeaux. R\u00e9alis\u00e9e chez Caf\u00e9 Ravez, 24 Rue Ravez, 33000 Bordeaux. INFORMATIONS [&hellip;]<\/p>","protected":false},"author":1,"featured_media":2031,"parent":0,"menu_order":0,"comment_status":"closed","ping_status":"closed","template":"","meta":{"site-sidebar-layout":"no-sidebar","site-content-layout":"","ast-site-content-layout":"full-width-container","site-content-style":"default","site-sidebar-style":"default","ast-global-header-display":"","ast-banner-title-visibility":"","ast-main-header-display":"","ast-hfb-above-header-display":"","ast-hfb-below-header-display":"","ast-hfb-mobile-header-display":"","site-post-title":"disabled","ast-breadcrumbs-content":"","ast-featured-img":"disabled","footer-sml-layout":"","theme-transparent-header-meta":"","adv-header-id-meta":"","stick-header-meta":"","header-above-stick-meta":"","header-main-stick-meta":"","header-below-stick-meta":"","astra-migrate-meta-layouts":"default","ast-page-background-enabled":"default","ast-page-background-meta":{"desktop":{"background-color":"var(--ast-global-color-4)","background-image":"","background-repeat":"repeat","background-position":"center center","background-size":"auto","background-attachment":"scroll","background-type":"","background-media":"","overlay-type":"","overlay-color":"","overlay-opacity":"","overlay-gradient":""},"tablet":{"background-color":"","background-image":"","background-repeat":"repeat","background-position":"center center","background-size":"auto","background-attachment":"scroll","background-type":"","background-media":"","overlay-type":"","overlay-color":"","overlay-opacity":"","overlay-gradient":""},"mobile":{"background-color":"","background-image":"","background-repeat":"repeat","background-position":"center center","background-size":"auto","background-attachment":"scroll","background-type":"","background-media":"","overlay-type":"","overlay-color":"","overlay-opacity":"","overlay-gradient":""}},"ast-content-background-meta":{"desktop":{"background-color":"var(--ast-global-color-5)","background-image":"","background-repeat":"repeat","background-position":"center center","background-size":"auto","background-attachment":"scroll","background-type":"","background-media":"","overlay-type":"","overlay-color":"","overlay-opacity":"","overlay-gradient":""},"tablet":{"background-color":"var(--ast-global-color-5)","background-image":"","background-repeat":"repeat","background-position":"center center","background-size":"auto","background-attachment":"scroll","background-type":"","background-media":"","overlay-type":"","overlay-color":"","overlay-opacity":"","overlay-gradient":""},"mobile":{"background-color":"var(--ast-global-color-5)","background-image":"","background-repeat":"repeat","background-position":"center center","background-size":"auto","background-attachment":"scroll","background-type":"","background-media":"","overlay-type":"","overlay-color":"","overlay-opacity":"","overlay-gradient":""}},"footnotes":""},"class_list":["post-2115","page","type-page","status-publish","has-post-thumbnail","hentry"],"yoast_head":"<!-- This site is optimized with the Yoast SEO plugin v26.6 - https:\/\/yoast.com\/wordpress\/plugins\/seo\/ -->\n<title>Trompe-l\u2019\u0153il - Maison Morelli<\/title>\n<meta name=\"robots\" content=\"index, follow, max-snippet:-1, max-image-preview:large, max-video-preview:-1\" \/>\n<link rel=\"canonical\" href=\"https:\/\/maisonmorelli.com\/en\/trompe-loeil\/\" \/>\n<meta property=\"og:locale\" content=\"en_GB\" \/>\n<meta property=\"og:type\" content=\"article\" \/>\n<meta property=\"og:title\" content=\"Trompe-l\u2019\u0153il - Maison Morelli\" \/>\n<meta property=\"og:description\" content=\"TROMPE-L\u2019\u0152IL R\u00e9alis\u00e9e chez Hest\u00efa, 35 Rue Sainte Colombe, 33000 Bordeaux. R\u00e9alis\u00e9e chez Caf\u00e9 Ravez, 24 Rue Ravez, 33000 Bordeaux. INFORMATIONS [&hellip;]\" \/>\n<meta property=\"og:url\" content=\"https:\/\/maisonmorelli.com\/en\/trompe-loeil\/\" \/>\n<meta property=\"og:site_name\" content=\"Maison Morelli\" \/>\n<meta property=\"article:publisher\" content=\"https:\/\/www.facebook.com\/ileniamorelli.decorazione\" \/>\n<meta property=\"article:modified_time\" content=\"2026-01-12T10:23:53+00:00\" \/>\n<meta property=\"og:image\" content=\"https:\/\/maisonmorelli.com\/wp-content\/uploads\/2026\/01\/trompe-l-oeil-personalisee.webp\" \/>\n\t<meta property=\"og:image:width\" content=\"1000\" \/>\n\t<meta property=\"og:image:height\" content=\"1590\" \/>\n\t<meta property=\"og:image:type\" content=\"image\/webp\" \/>\n<meta name=\"twitter:card\" content=\"summary_large_image\" \/>\n<meta name=\"twitter:label1\" content=\"Estimated reading time\" \/>\n\t<meta name=\"twitter:data1\" content=\"1 minute\" \/>\n<script type=\"application\/ld+json\" class=\"yoast-schema-graph\">{\"@context\":\"https:\/\/schema.org\",\"@graph\":[{\"@type\":\"WebPage\",\"@id\":\"https:\/\/maisonmorelli.com\/trompe-loeil\/\",\"url\":\"https:\/\/maisonmorelli.com\/trompe-loeil\/\",\"name\":\"Trompe-l\u2019\u0153il - Maison Morelli\",\"isPartOf\":{\"@id\":\"https:\/\/maisonmorelli.com\/#website\"},\"primaryImageOfPage\":{\"@id\":\"https:\/\/maisonmorelli.com\/trompe-loeil\/#primaryimage\"},\"image\":{\"@id\":\"https:\/\/maisonmorelli.com\/trompe-loeil\/#primaryimage\"},\"thumbnailUrl\":\"https:\/\/maisonmorelli.com\/wp-content\/uploads\/2026\/01\/trompe-l-oeil-personalisee.webp\",\"datePublished\":\"2026-01-03T13:43:59+00:00\",\"dateModified\":\"2026-01-12T10:23:53+00:00\",\"breadcrumb\":{\"@id\":\"https:\/\/maisonmorelli.com\/trompe-loeil\/#breadcrumb\"},\"inLanguage\":\"en-GB\",\"potentialAction\":[{\"@type\":\"ReadAction\",\"target\":[\"https:\/\/maisonmorelli.com\/trompe-loeil\/\"]}]},{\"@type\":\"ImageObject\",\"inLanguage\":\"en-GB\",\"@id\":\"https:\/\/maisonmorelli.com\/trompe-loeil\/#primaryimage\",\"url\":\"https:\/\/maisonmorelli.com\/wp-content\/uploads\/2026\/01\/trompe-l-oeil-personalisee.webp\",\"contentUrl\":\"https:\/\/maisonmorelli.com\/wp-content\/uploads\/2026\/01\/trompe-l-oeil-personalisee.webp\",\"width\":1000,\"height\":1590},{\"@type\":\"BreadcrumbList\",\"@id\":\"https:\/\/maisonmorelli.com\/trompe-loeil\/#breadcrumb\",\"itemListElement\":[{\"@type\":\"ListItem\",\"position\":1,\"name\":\"Accueil\",\"item\":\"https:\/\/maisonmorelli.com\/\"},{\"@type\":\"ListItem\",\"position\":2,\"name\":\"Trompe-l\u2019\u0153il\"}]},{\"@type\":\"WebSite\",\"@id\":\"https:\/\/maisonmorelli.com\/#website\",\"url\":\"https:\/\/maisonmorelli.com\/\",\"name\":\"IM Decorations\",\"description\":\"D\u00e9corations peints \u00e0 la main\",\"publisher\":{\"@id\":\"https:\/\/maisonmorelli.com\/#organization\"},\"potentialAction\":[{\"@type\":\"SearchAction\",\"target\":{\"@type\":\"EntryPoint\",\"urlTemplate\":\"https:\/\/maisonmorelli.com\/?s={search_term_string}\"},\"query-input\":{\"@type\":\"PropertyValueSpecification\",\"valueRequired\":true,\"valueName\":\"search_term_string\"}}],\"inLanguage\":\"en-GB\"},{\"@type\":\"Organization\",\"@id\":\"https:\/\/maisonmorelli.com\/#organization\",\"name\":\"IM Decorations\",\"url\":\"https:\/\/maisonmorelli.com\/\",\"logo\":{\"@type\":\"ImageObject\",\"inLanguage\":\"en-GB\",\"@id\":\"https:\/\/maisonmorelli.com\/#\/schema\/logo\/image\/\",\"url\":\"https:\/\/maisonmorelli.com\/wp-content\/uploads\/2025\/12\/Maison-Morelli-Peinture-decorative-Logo-scaled.png\",\"contentUrl\":\"https:\/\/maisonmorelli.com\/wp-content\/uploads\/2025\/12\/Maison-Morelli-Peinture-decorative-Logo-scaled.png\",\"width\":2560,\"height\":410,\"caption\":\"IM Decorations\"},\"image\":{\"@id\":\"https:\/\/maisonmorelli.com\/#\/schema\/logo\/image\/\"},\"sameAs\":[\"https:\/\/www.facebook.com\/ileniamorelli.decorazione\",\"https:\/\/www.instagram.com\/imdecorations?utm_source=ig_web_button_share_sheet&igsh=ZDNlZDc0MzIxNw==\"]}]}<\/script>\n<!-- \/ Yoast SEO plugin. -->","yoast_head_json":{"title":"Trompe-l\u2019\u0153il - Maison Morelli","robots":{"index":"index","follow":"follow","max-snippet":"max-snippet:-1","max-image-preview":"max-image-preview:large","max-video-preview":"max-video-preview:-1"},"canonical":"https:\/\/maisonmorelli.com\/en\/trompe-loeil\/","og_locale":"en_GB","og_type":"article","og_title":"Trompe-l\u2019\u0153il - Maison Morelli","og_description":"TROMPE-L\u2019\u0152IL R\u00e9alis\u00e9e chez Hest\u00efa, 35 Rue Sainte Colombe, 33000 Bordeaux. R\u00e9alis\u00e9e chez Caf\u00e9 Ravez, 24 Rue Ravez, 33000 Bordeaux. INFORMATIONS [&hellip;]","og_url":"https:\/\/maisonmorelli.com\/en\/trompe-loeil\/","og_site_name":"Maison Morelli","article_publisher":"https:\/\/www.facebook.com\/ileniamorelli.decorazione","article_modified_time":"2026-01-12T10:23:53+00:00","og_image":[{"width":1000,"height":1590,"url":"https:\/\/maisonmorelli.com\/wp-content\/uploads\/2026\/01\/trompe-l-oeil-personalisee.webp","type":"image\/webp"}],"twitter_card":"summary_large_image","twitter_misc":{"Estimated reading time":"1 minute"},"schema":{"@context":"https:\/\/schema.org","@graph":[{"@type":"WebPage","@id":"https:\/\/maisonmorelli.com\/trompe-loeil\/","url":"https:\/\/maisonmorelli.com\/trompe-loeil\/","name":"Trompe-l\u2019\u0153il - Maison Morelli","isPartOf":{"@id":"https:\/\/maisonmorelli.com\/#website"},"primaryImageOfPage":{"@id":"https:\/\/maisonmorelli.com\/trompe-loeil\/#primaryimage"},"image":{"@id":"https:\/\/maisonmorelli.com\/trompe-loeil\/#primaryimage"},"thumbnailUrl":"https:\/\/maisonmorelli.com\/wp-content\/uploads\/2026\/01\/trompe-l-oeil-personalisee.webp","datePublished":"2026-01-03T13:43:59+00:00","dateModified":"2026-01-12T10:23:53+00:00","breadcrumb":{"@id":"https:\/\/maisonmorelli.com\/trompe-loeil\/#breadcrumb"},"inLanguage":"en-GB","potentialAction":[{"@type":"ReadAction","target":["https:\/\/maisonmorelli.com\/trompe-loeil\/"]}]},{"@type":"ImageObject","inLanguage":"en-GB","@id":"https:\/\/maisonmorelli.com\/trompe-loeil\/#primaryimage","url":"https:\/\/maisonmorelli.com\/wp-content\/uploads\/2026\/01\/trompe-l-oeil-personalisee.webp","contentUrl":"https:\/\/maisonmorelli.com\/wp-content\/uploads\/2026\/01\/trompe-l-oeil-personalisee.webp","width":1000,"height":1590},{"@type":"BreadcrumbList","@id":"https:\/\/maisonmorelli.com\/trompe-loeil\/#breadcrumb","itemListElement":[{"@type":"ListItem","position":1,"name":"Accueil","item":"https:\/\/maisonmorelli.com\/"},{"@type":"ListItem","position":2,"name":"Trompe-l\u2019\u0153il"}]},{"@type":"WebSite","@id":"https:\/\/maisonmorelli.com\/#website","url":"https:\/\/maisonmorelli.com\/","name":"IM Decorations","description":"D\u00e9corations peints \u00e0 la main","publisher":{"@id":"https:\/\/maisonmorelli.com\/#organization"},"potentialAction":[{"@type":"SearchAction","target":{"@type":"EntryPoint","urlTemplate":"https:\/\/maisonmorelli.com\/?s={search_term_string}"},"query-input":{"@type":"PropertyValueSpecification","valueRequired":true,"valueName":"search_term_string"}}],"inLanguage":"en-GB"},{"@type":"Organization","@id":"https:\/\/maisonmorelli.com\/#organization","name":"IM Decorations","url":"https:\/\/maisonmorelli.com\/","logo":{"@type":"ImageObject","inLanguage":"en-GB","@id":"https:\/\/maisonmorelli.com\/#\/schema\/logo\/image\/","url":"https:\/\/maisonmorelli.com\/wp-content\/uploads\/2025\/12\/Maison-Morelli-Peinture-decorative-Logo-scaled.png","contentUrl":"https:\/\/maisonmorelli.com\/wp-content\/uploads\/2025\/12\/Maison-Morelli-Peinture-decorative-Logo-scaled.png","width":2560,"height":410,"caption":"IM Decorations"},"image":{"@id":"https:\/\/maisonmorelli.com\/#\/schema\/logo\/image\/"},"sameAs":["https:\/\/www.facebook.com\/ileniamorelli.decorazione","https:\/\/www.instagram.com\/imdecorations?utm_source=ig_web_button_share_sheet&igsh=ZDNlZDc0MzIxNw=="]}]}},"_links":{"self":[{"href":"https:\/\/maisonmorelli.com\/en\/wp-json\/wp\/v2\/pages\/2115","targetHints":{"allow":["GET"]}}],"collection":[{"href":"https:\/\/maisonmorelli.com\/en\/wp-json\/wp\/v2\/pages"}],"about":[{"href":"https:\/\/maisonmorelli.com\/en\/wp-json\/wp\/v2\/types\/page"}],"author":[{"embeddable":true,"href":"https:\/\/maisonmorelli.com\/en\/wp-json\/wp\/v2\/users\/1"}],"replies":[{"embeddable":true,"href":"https:\/\/maisonmorelli.com\/en\/wp-json\/wp\/v2\/comments?post=2115"}],"version-history":[{"count":19,"href":"https:\/\/maisonmorelli.com\/en\/wp-json\/wp\/v2\/pages\/2115\/revisions"}],"predecessor-version":[{"id":2491,"href":"https:\/\/maisonmorelli.com\/en\/wp-json\/wp\/v2\/pages\/2115\/revisions\/2491"}],"wp:featuredmedia":[{"embeddable":true,"href":"https:\/\/maisonmorelli.com\/en\/wp-json\/wp\/v2\/media\/2031"}],"wp:attachment":[{"href":"https:\/\/maisonmorelli.com\/en\/wp-json\/wp\/v2\/media?parent=2115"}],"curies":[{"name":"wp","href":"https:\/\/api.w.org\/{rel}","templated":true}]}}